{"id":17684,"date":"2024-11-28T20:09:14","date_gmt":"2024-11-28T17:09:14","guid":{"rendered":"https:\/\/www.makitamarket.com.tr\/site\/urun\/proxxon-proxxon-kb-220-nibler-28556\/"},"modified":"2026-04-06T16:04:41","modified_gmt":"2026-04-06T13:04:41","slug":"proxxon-proxxon-kb-220-nibler-28556","status":"publish","type":"product","link":"https:\/\/www.makitamarket.com.tr\/site\/urun\/proxxon-proxxon-kb-220-nibler-28556\/","title":{"rendered":"Proxxon 28556 PROXXON KB 220 NIBLER 28556"},"content":{"rendered":"<p align=\"left\">\n\t<b><font color=\"#1f1a17\" face=\"MyriadPro-Bold\" size=\"1\"><font color=\"#1f1a17\" face=\"MyriadPro-Bold\" size=\"1\"><font color=\"#1f1a17\" face=\"MyriadPro-Bold\" size=\"1\">P\u00fcr\u00fczs\u00fcz metal kesimi <\/font><\/font><\/font><\/b><b><font color=\"#1f1a17\" face=\"MyriadPro-Bold\" size=\"1\"><font color=\"#1f1a17\" face=\"MyriadPro-Bold\" size=\"1\"><font color=\"#1f1a17\" face=\"MyriadPro-Bold\" size=\"1\">i\u00e7in ideal<\/font><\/font><\/font><\/b><\/p>\n<table>\n<tr>\n<td>Devir H\u0131z\u0131<\/td>\n<td>500-1000 d\/dak.<\/td>\n<\/tr>\n<tr>\n<td>Voltaj<\/td>\n<td>230V-50Hz<\/td>\n<\/tr>\n<tr>\n<td>Kesme Kapasitesi<\/td>\n<td>\u00c7elik Sa\u00e7 0,7mm<\/td>\n<\/tr>\n<tr>\n<td>Net A\u011f\u0131rl\u0131k<\/td>\n<td>500 gr.<\/td>\n<\/tr>\n<tr>\n<td>Motor G\u00fcc\u00fc<\/td>\n<td>100 W<\/td>\n<\/tr>\n<tr>\n<td>Kesme Kapasitesi<\/td>\n<td>Al\u00fcminyum 1,5mm<\/td>\n<\/tr>\n<\/table>\n","protected":false},"excerpt":{"rendered":"<p align=\"left\">\n\t<b><font color=\"#1f1a17\" face=\"MyriadPro-Bold\" size=\"1\"><font color=\"#1f1a17\" face=\"MyriadPro-Bold\" size=\"1\"><font color=\"#1f1a17\" face=\"MyriadPro-Bold\" size=\"1\">P\u00fcr\u00fczs\u00fcz metal kesimi <\/font><\/font><\/font><\/b><b><font color=\"#1f1a17\" face=\"MyriadPro-Bold\" size=\"1\"><font color=\"#1f1a17\" face=\"MyriadPro-Bold\" size=\"1\"><font color=\"#1f1a17\" face=\"MyriadPro-Bold\" size=\"1\">i\u00e7in ideal<\/font><\/font><\/font><\/b><\/p>\n","protected":false},"featured_media":0,"comment_status":"open","ping_status":"closed","template":"","meta":{"_acf_changed":false},"product_brand":[1501],"product_cat":[1565],"product_tag":[],"class_list":{"0":"post-17684","1":"product","2":"type-product","3":"status-publish","5":"product_brand-proxxon","6":"product_cat-yok-yok","8":"first","9":"outofstock","10":"taxable","11":"shipping-taxable","12":"purchasable","13":"product-type-simple","14":"add-to-wishlist-after_add_to_cart"},"acf":[],"_links":{"self":[{"href":"https:\/\/www.makitamarket.com.tr\/site\/wp-json\/wp\/v2\/product\/17684","targetHints":{"allow":["GET"]}}],"collection":[{"href":"https:\/\/www.makitamarket.com.tr\/site\/wp-json\/wp\/v2\/product"}],"about":[{"href":"https:\/\/www.makitamarket.com.tr\/site\/wp-json\/wp\/v2\/types\/product"}],"replies":[{"embeddable":true,"href":"https:\/\/www.makitamarket.com.tr\/site\/wp-json\/wp\/v2\/comments?post=17684"}],"wp:attachment":[{"href":"https:\/\/www.makitamarket.com.tr\/site\/wp-json\/wp\/v2\/media?parent=17684"}],"wp:term":[{"taxonomy":"product_brand","embeddable":true,"href":"https:\/\/www.makitamarket.com.tr\/site\/wp-json\/wp\/v2\/product_brand?post=17684"},{"taxonomy":"product_cat","embeddable":true,"href":"https:\/\/www.makitamarket.com.tr\/site\/wp-json\/wp\/v2\/product_cat?post=17684"},{"taxonomy":"product_tag","embeddable":true,"href":"https:\/\/www.makitamarket.com.tr\/site\/wp-json\/wp\/v2\/product_tag?post=17684"}],"curies":[{"name":"wp","href":"https:\/\/api.w.org\/{rel}","templated":true}]}}