{"id":17729,"date":"2024-11-28T20:09:35","date_gmt":"2024-11-28T17:09:35","guid":{"rendered":"https:\/\/www.makitamarket.com.tr\/site\/urun\/makita-standart-kilic-testere-bicagi-no23b\/"},"modified":"2026-04-06T16:05:46","modified_gmt":"2026-04-06T13:05:46","slug":"makita-standart-kilic-testere-bicagi-no23b","status":"publish","type":"product","link":"https:\/\/www.makitamarket.com.tr\/site\/urun\/makita-standart-kilic-testere-bicagi-no23b\/","title":{"rendered":"Makita 792707-9 STANDART KILI\u00c7 TESTERE BI\u00c7A\u011eI NO:23B"},"content":{"rendered":"<p>\n\t10 &#8211; 90 mm kal\u0131nl\u0131\u011fa sahip ah\u015faplar\u0131n kesimi i\u00e7in kullan\u0131l\u0131r.<\/p>\n<table>\n<tr>\n<td>Uzunluk<\/td>\n<td>150 mm<\/td>\n<\/tr>\n<tr>\n<td>\u0130nch Ba\u015f\u0131 Di\u015f<\/td>\n<td>6<\/td>\n<\/tr>\n<tr>\n<td>B\u0131\u00e7ak Materyali<\/td>\n<td>HCS<\/td>\n<\/tr>\n<\/table>\n","protected":false},"excerpt":{"rendered":"<p>\n\t10 &#8211; 90 mm kal\u0131nl\u0131\u011fa sahip ah\u015faplar\u0131n kesimi i\u00e7in kullan\u0131l\u0131r.<\/p>\n","protected":false},"featured_media":17728,"comment_status":"open","ping_status":"closed","template":"","meta":{"_acf_changed":false},"product_brand":[1485],"product_cat":[1316],"product_tag":[],"class_list":{"0":"post-17729","1":"product","2":"type-product","3":"status-publish","4":"has-post-thumbnail","6":"product_brand-makita","7":"product_cat-ahsap-kesim-kilic-testere-bicaklari","9":"first","10":"instock","11":"taxable","12":"shipping-taxable","13":"purchasable","14":"product-type-simple","15":"add-to-wishlist-after_add_to_cart"},"acf":[],"_links":{"self":[{"href":"https:\/\/www.makitamarket.com.tr\/site\/wp-json\/wp\/v2\/product\/17729","targetHints":{"allow":["GET"]}}],"collection":[{"href":"https:\/\/www.makitamarket.com.tr\/site\/wp-json\/wp\/v2\/product"}],"about":[{"href":"https:\/\/www.makitamarket.com.tr\/site\/wp-json\/wp\/v2\/types\/product"}],"replies":[{"embeddable":true,"href":"https:\/\/www.makitamarket.com.tr\/site\/wp-json\/wp\/v2\/comments?post=17729"}],"wp:featuredmedia":[{"embeddable":true,"href":"https:\/\/www.makitamarket.com.tr\/site\/wp-json\/wp\/v2\/media\/17728"}],"wp:attachment":[{"href":"https:\/\/www.makitamarket.com.tr\/site\/wp-json\/wp\/v2\/media?parent=17729"}],"wp:term":[{"taxonomy":"product_brand","embeddable":true,"href":"https:\/\/www.makitamarket.com.tr\/site\/wp-json\/wp\/v2\/product_brand?post=17729"},{"taxonomy":"product_cat","embeddable":true,"href":"https:\/\/www.makitamarket.com.tr\/site\/wp-json\/wp\/v2\/product_cat?post=17729"},{"taxonomy":"product_tag","embeddable":true,"href":"https:\/\/www.makitamarket.com.tr\/site\/wp-json\/wp\/v2\/product_tag?post=17729"}],"curies":[{"name":"wp","href":"https:\/\/api.w.org\/{rel}","templated":true}]}}