{"id":17743,"date":"2024-11-28T20:09:40","date_gmt":"2024-11-28T17:09:40","guid":{"rendered":"https:\/\/www.makitamarket.com.tr\/site\/urun\/bts-mikrometre-a-100-125-mm\/"},"modified":"2026-03-30T09:53:25","modified_gmt":"2026-03-30T06:53:25","slug":"bts-mikrometre-a-100-125-mm","status":"publish","type":"product","link":"https:\/\/www.makitamarket.com.tr\/site\/urun\/bts-mikrometre-a-100-125-mm\/","title":{"rendered":"Bts BTS12058 M\u0130KROMETRE (A) 100 &#8211; 125 mm"},"content":{"rendered":"<table>\n<tr>\n<td>\u00d6l\u00e7\u00fcm Aral\u0131\u011f\u0131<\/td>\n<td>100-125mm<\/td>\n<\/tr>\n<tr>\n<td>Hassasiyet<\/td>\n<td>0.01mm<\/td>\n<\/tr>\n<\/table>\n","protected":false},"excerpt":{"rendered":"<p>\u00d6l\u00e7\u00fcm Aral\u0131\u011f\u0131 100-125mm Hassasiyet 0.01mm<\/p>\n","protected":false},"featured_media":17742,"comment_status":"open","ping_status":"closed","template":"","meta":{"_acf_changed":false},"product_brand":[1548],"product_cat":[1105],"product_tag":[],"class_list":{"0":"post-17743","1":"product","2":"type-product","3":"status-publish","4":"has-post-thumbnail","6":"product_brand-bts","7":"product_cat-mikro-metreler","9":"first","10":"instock","11":"taxable","12":"shipping-taxable","13":"purchasable","14":"product-type-simple","15":"add-to-wishlist-after_add_to_cart"},"acf":[],"_links":{"self":[{"href":"https:\/\/www.makitamarket.com.tr\/site\/wp-json\/wp\/v2\/product\/17743","targetHints":{"allow":["GET"]}}],"collection":[{"href":"https:\/\/www.makitamarket.com.tr\/site\/wp-json\/wp\/v2\/product"}],"about":[{"href":"https:\/\/www.makitamarket.com.tr\/site\/wp-json\/wp\/v2\/types\/product"}],"replies":[{"embeddable":true,"href":"https:\/\/www.makitamarket.com.tr\/site\/wp-json\/wp\/v2\/comments?post=17743"}],"wp:featuredmedia":[{"embeddable":true,"href":"https:\/\/www.makitamarket.com.tr\/site\/wp-json\/wp\/v2\/media\/17742"}],"wp:attachment":[{"href":"https:\/\/www.makitamarket.com.tr\/site\/wp-json\/wp\/v2\/media?parent=17743"}],"wp:term":[{"taxonomy":"product_brand","embeddable":true,"href":"https:\/\/www.makitamarket.com.tr\/site\/wp-json\/wp\/v2\/product_brand?post=17743"},{"taxonomy":"product_cat","embeddable":true,"href":"https:\/\/www.makitamarket.com.tr\/site\/wp-json\/wp\/v2\/product_cat?post=17743"},{"taxonomy":"product_tag","embeddable":true,"href":"https:\/\/www.makitamarket.com.tr\/site\/wp-json\/wp\/v2\/product_tag?post=17743"}],"curies":[{"name":"wp","href":"https:\/\/api.w.org\/{rel}","templated":true}]}}