{"id":17771,"date":"2024-11-28T20:09:50","date_gmt":"2024-11-28T17:09:50","guid":{"rendered":"https:\/\/www.makitamarket.com.tr\/site\/urun\/makita-ahsap-matkap-ucu-20x335-mm\/"},"modified":"2026-04-06T16:06:48","modified_gmt":"2026-04-06T13:06:48","slug":"makita-ahsap-matkap-ucu-20x335-mm","status":"publish","type":"product","link":"https:\/\/www.makitamarket.com.tr\/site\/urun\/makita-ahsap-matkap-ucu-20x335-mm\/","title":{"rendered":"Makita D-07222 AH\u015eAP MATKAP UCU 20&#215;335 mm"},"content":{"rendered":"<table>\n<tr>\n<td>Matkap \u00c7ap\u0131<\/td>\n<td>20<\/td>\n<\/tr>\n<tr>\n<td>\u1d13<\/td>\n<td>315<\/td>\n<\/tr>\n<tr>\n<td>\u00c7al\u0131\u015fma Uzunlu\u011fu<\/td>\n<td>160<\/td>\n<\/tr>\n<tr>\n<td>Sap Tipi<\/td>\n<td>D\u00fcz<\/td>\n<\/tr>\n<\/table>\n","protected":false},"excerpt":{"rendered":"<p>Matkap \u00c7ap\u0131 20 \u1d13 315 \u00c7al\u0131\u015fma Uzunlu\u011fu 160 Sap Tipi D\u00fcz<\/p>\n","protected":false},"featured_media":0,"comment_status":"open","ping_status":"closed","template":"","meta":{"_acf_changed":false},"product_brand":[1485],"product_cat":[1096],"product_tag":[],"class_list":{"0":"post-17771","1":"product","2":"type-product","3":"status-publish","5":"product_brand-makita","6":"product_cat-ahsap-matkap-uclari","8":"first","9":"instock","10":"taxable","11":"shipping-taxable","12":"purchasable","13":"product-type-simple","14":"add-to-wishlist-after_add_to_cart"},"acf":[],"_links":{"self":[{"href":"https:\/\/www.makitamarket.com.tr\/site\/wp-json\/wp\/v2\/product\/17771","targetHints":{"allow":["GET"]}}],"collection":[{"href":"https:\/\/www.makitamarket.com.tr\/site\/wp-json\/wp\/v2\/product"}],"about":[{"href":"https:\/\/www.makitamarket.com.tr\/site\/wp-json\/wp\/v2\/types\/product"}],"replies":[{"embeddable":true,"href":"https:\/\/www.makitamarket.com.tr\/site\/wp-json\/wp\/v2\/comments?post=17771"}],"wp:attachment":[{"href":"https:\/\/www.makitamarket.com.tr\/site\/wp-json\/wp\/v2\/media?parent=17771"}],"wp:term":[{"taxonomy":"product_brand","embeddable":true,"href":"https:\/\/www.makitamarket.com.tr\/site\/wp-json\/wp\/v2\/product_brand?post=17771"},{"taxonomy":"product_cat","embeddable":true,"href":"https:\/\/www.makitamarket.com.tr\/site\/wp-json\/wp\/v2\/product_cat?post=17771"},{"taxonomy":"product_tag","embeddable":true,"href":"https:\/\/www.makitamarket.com.tr\/site\/wp-json\/wp\/v2\/product_tag?post=17771"}],"curies":[{"name":"wp","href":"https:\/\/api.w.org\/{rel}","templated":true}]}}