{"id":17846,"date":"2024-11-28T20:10:25","date_gmt":"2024-11-28T17:10:25","guid":{"rendered":"https:\/\/www.makitamarket.com.tr\/site\/urun\/proxxon-proxxon-28970-zimpara-5-adet\/"},"modified":"2026-04-21T03:27:23","modified_gmt":"2026-04-21T00:27:23","slug":"proxxon-proxxon-28970-zimpara-5-adet","status":"publish","type":"product","link":"https:\/\/www.makitamarket.com.tr\/site\/urun\/proxxon-proxxon-28970-zimpara-5-adet\/","title":{"rendered":"Proxxon 28970 PROXXON 28970 ZIMPARA 5 ADET"},"content":{"rendered":"<p>\n\tSanayi kalitesinde. Recine yap\u0131\u015ft\u0131rmal\u0131 karborundum. Sert ve yumu\u015fak ah\u015fap,laminant,demirsiz metal, \u00e7elik, plastik, mantar, kaucuk ve benzeri malzemeleri z\u0131mparalamak i\u00e7in.<\/p>\n<table>\n<tr>\n<td>Z\u0131mpara Ebatlar\u0131<\/td>\n<td>250 mm.<\/td>\n<\/tr>\n<tr>\n<td>Kum<\/td>\n<td>80 kum<\/td>\n<\/tr>\n<tr>\n<td>Uygunluk<\/td>\n<td>28060 TG 250\/E<\/td>\n<\/tr>\n<\/table>\n","protected":false},"excerpt":{"rendered":"<p>\n\tSanayi kalitesinde. Recine yap\u0131\u015ft\u0131rmal\u0131 karborundum. Sert ve yumu\u015fak ah\u015fap,laminant,demirsiz metal, \u00e7elik, plastik, mantar, kaucuk ve benzeri malzemeleri z\u0131mparalamak i\u00e7in.<\/p>\n","protected":false},"featured_media":17845,"comment_status":"open","ping_status":"closed","template":"","meta":{"_acf_changed":false},"product_brand":[1501],"product_cat":[926],"product_tag":[],"class_list":{"0":"post-17846","1":"product","2":"type-product","3":"status-publish","4":"has-post-thumbnail","6":"product_brand-proxxon","7":"product_cat-aksesuarlar-mikro-aletleri","9":"first","10":"outofstock","11":"taxable","12":"shipping-taxable","13":"purchasable","14":"product-type-simple","15":"add-to-wishlist-after_add_to_cart"},"acf":[],"_links":{"self":[{"href":"https:\/\/www.makitamarket.com.tr\/site\/wp-json\/wp\/v2\/product\/17846","targetHints":{"allow":["GET"]}}],"collection":[{"href":"https:\/\/www.makitamarket.com.tr\/site\/wp-json\/wp\/v2\/product"}],"about":[{"href":"https:\/\/www.makitamarket.com.tr\/site\/wp-json\/wp\/v2\/types\/product"}],"replies":[{"embeddable":true,"href":"https:\/\/www.makitamarket.com.tr\/site\/wp-json\/wp\/v2\/comments?post=17846"}],"wp:featuredmedia":[{"embeddable":true,"href":"https:\/\/www.makitamarket.com.tr\/site\/wp-json\/wp\/v2\/media\/17845"}],"wp:attachment":[{"href":"https:\/\/www.makitamarket.com.tr\/site\/wp-json\/wp\/v2\/media?parent=17846"}],"wp:term":[{"taxonomy":"product_brand","embeddable":true,"href":"https:\/\/www.makitamarket.com.tr\/site\/wp-json\/wp\/v2\/product_brand?post=17846"},{"taxonomy":"product_cat","embeddable":true,"href":"https:\/\/www.makitamarket.com.tr\/site\/wp-json\/wp\/v2\/product_cat?post=17846"},{"taxonomy":"product_tag","embeddable":true,"href":"https:\/\/www.makitamarket.com.tr\/site\/wp-json\/wp\/v2\/product_tag?post=17846"}],"curies":[{"name":"wp","href":"https:\/\/api.w.org\/{rel}","templated":true}]}}