{"id":17850,"date":"2024-11-28T20:10:29","date_gmt":"2024-11-28T17:10:29","guid":{"rendered":"https:\/\/www.makitamarket.com.tr\/site\/urun\/makita-kilic-testere-bicagi-203-mm\/"},"modified":"2026-04-06T16:07:55","modified_gmt":"2026-04-06T13:07:55","slug":"makita-kilic-testere-bicagi-203-mm","status":"publish","type":"product","link":"https:\/\/www.makitamarket.com.tr\/site\/urun\/makita-kilic-testere-bicagi-203-mm\/","title":{"rendered":"Makita B-05153 KILI\u00c7 TESTERE BI\u00c7A\u011eI 203 mm"},"content":{"rendered":"<p>\n\tAh\u015fap malzemenin h\u0131zl\u0131 kesiminde kullan\u0131lmaktad\u0131r.<\/p>\n<table>\n<tr>\n<td>Uzunluk<\/td>\n<td>203 mm<\/td>\n<\/tr>\n<tr>\n<td>\u0130nch Ba\u015f\u0131 Di\u015f<\/td>\n<td>6-10<\/td>\n<\/tr>\n<tr>\n<td>B\u0131\u00e7ak Materyali<\/td>\n<td>HCS<\/td>\n<\/tr>\n<\/table>\n","protected":false},"excerpt":{"rendered":"<p>\n\tAh\u015fap malzemenin h\u0131zl\u0131 kesiminde kullan\u0131lmaktad\u0131r.<\/p>\n","protected":false},"featured_media":17849,"comment_status":"open","ping_status":"closed","template":"","meta":{"_acf_changed":false},"product_brand":[1485],"product_cat":[1316],"product_tag":[],"class_list":{"0":"post-17850","1":"product","2":"type-product","3":"status-publish","4":"has-post-thumbnail","6":"product_brand-makita","7":"product_cat-ahsap-kesim-kilic-testere-bicaklari","9":"first","10":"instock","11":"taxable","12":"shipping-taxable","13":"purchasable","14":"product-type-simple","15":"add-to-wishlist-after_add_to_cart"},"acf":[],"_links":{"self":[{"href":"https:\/\/www.makitamarket.com.tr\/site\/wp-json\/wp\/v2\/product\/17850","targetHints":{"allow":["GET"]}}],"collection":[{"href":"https:\/\/www.makitamarket.com.tr\/site\/wp-json\/wp\/v2\/product"}],"about":[{"href":"https:\/\/www.makitamarket.com.tr\/site\/wp-json\/wp\/v2\/types\/product"}],"replies":[{"embeddable":true,"href":"https:\/\/www.makitamarket.com.tr\/site\/wp-json\/wp\/v2\/comments?post=17850"}],"wp:featuredmedia":[{"embeddable":true,"href":"https:\/\/www.makitamarket.com.tr\/site\/wp-json\/wp\/v2\/media\/17849"}],"wp:attachment":[{"href":"https:\/\/www.makitamarket.com.tr\/site\/wp-json\/wp\/v2\/media?parent=17850"}],"wp:term":[{"taxonomy":"product_brand","embeddable":true,"href":"https:\/\/www.makitamarket.com.tr\/site\/wp-json\/wp\/v2\/product_brand?post=17850"},{"taxonomy":"product_cat","embeddable":true,"href":"https:\/\/www.makitamarket.com.tr\/site\/wp-json\/wp\/v2\/product_cat?post=17850"},{"taxonomy":"product_tag","embeddable":true,"href":"https:\/\/www.makitamarket.com.tr\/site\/wp-json\/wp\/v2\/product_tag?post=17850"}],"curies":[{"name":"wp","href":"https:\/\/api.w.org\/{rel}","templated":true}]}}