{"id":17869,"date":"2024-11-28T20:10:36","date_gmt":"2024-11-28T17:10:36","guid":{"rendered":"https:\/\/www.makitamarket.com.tr\/site\/urun\/knipex-kablo-siyirma-cimbizi-120-mm\/"},"modified":"2026-04-06T16:08:37","modified_gmt":"2026-04-06T13:08:37","slug":"knipex-kablo-siyirma-cimbizi-120-mm","status":"publish","type":"product","link":"https:\/\/www.makitamarket.com.tr\/site\/urun\/knipex-kablo-siyirma-cimbizi-120-mm\/","title":{"rendered":"Knipex 1511120 KABLO SIYIRMA CIMBIZI 120 mm"},"content":{"rendered":"<p><b>15 11 120 Kablo Soyma \u00d6zellikli C\u0131mb\u0131z<\/b><br \/>Kablolar i\u00e7in s\u0131y\u0131rma c\u0131mb\u0131zlar\u0131, \u00f6zellikle end\u00fcstriyel kullan\u0131m i\u00e7in kablolardan yal\u0131t\u0131m kaplamalar\u0131n\u0131 \u00e7\u0131karmak i\u00e7in kullan\u0131l\u0131r. Elektronik end\u00fcstrisi, onar\u0131mlar ve el i\u015fleri i\u00e7in <\/p>\n<li><b>Kablo s\u0131y\u0131rma de\u011ferleri (\u00e7ap): <\/b>0,6 mm<\/li>\n<li><b>Y\u00fczey: <\/b>Siyah boyal\u0131<\/li>\n<li><b>U\u00e7lar geni\u015flik (B): <\/b>10 mm<\/li>\n<li><b>C\u0131mb\u0131z ucu versiyonu: <\/b>S\u0131y\u0131rma<\/li>\n<li><b>Asit direnci: <\/b>\u00e7ok iyi<\/li>\n<li><b>ESD onayl\u0131: <\/b>yok \u00a0<\/li>\n<li><b>VDE onayl\u0131: <\/b>yok \u00a0<\/li>\n<li><b>Bran\u015flar: <\/b>End\u00fcstri Elektronik<\/li>\n<table>\n<tr>\n<td>S\u0131y\u0131rma Kapasitesi<\/td>\n<td>0.6 \u00f8mm<\/td>\n<\/tr>\n<tr>\n<td>Uzunluk<\/td>\n<td>120<\/td>\n<\/tr>\n<tr>\n<td>A\u011f\u0131rl\u0131k<\/td>\n<td>34 gr<\/td>\n<\/tr>\n<\/table>\n","protected":false},"excerpt":{"rendered":"<p><b>15 11 120 Kablo Soyma \u00d6zellikli C\u0131mb\u0131z<\/b><br \/>Kablolar i\u00e7in s\u0131y\u0131rma c\u0131mb\u0131zlar\u0131, \u00f6zellikle end\u00fcstriyel kullan\u0131m i\u00e7in kablolardan yal\u0131t\u0131m kaplamalar\u0131n\u0131 \u00e7\u0131karmak i\u00e7in kullan\u0131l\u0131r. Elektronik end\u00fcstrisi, onar\u0131mlar ve el i\u015fleri i\u00e7in <\/p>\n<li><b>Kablo s\u0131y\u0131rma de\u011ferleri (\u00e7ap): <\/b>0,6 mm<\/li>\n<li><b>Y\u00fczey: <\/b>Siyah boyal\u0131<\/li>\n<li><b>U\u00e7lar geni\u015flik (B): <\/b>10 mm<\/li>\n<li><b>C\u0131mb\u0131z ucu versiyonu: <\/b>S\u0131y\u0131rma<\/li>\n<li><b>Asit direnci: <\/b>\u00e7ok iyi<\/li>\n<li><b>ESD onayl\u0131: <\/b>yok \u00a0<\/li>\n<li><b>VDE onayl\u0131: <\/b>yok \u00a0<\/li>\n<li><b>Bran\u015flar: <\/b>End\u00fcstri Elektronik<\/li>\n","protected":false},"featured_media":17868,"comment_status":"open","ping_status":"closed","template":"","meta":{"_acf_changed":false},"product_brand":[1486],"product_cat":[991],"product_tag":[],"class_list":{"0":"post-17869","1":"product","2":"type-product","3":"status-publish","4":"has-post-thumbnail","6":"product_brand-knipex","7":"product_cat-kablo-siyirmalar","9":"first","10":"instock","11":"taxable","12":"shipping-taxable","13":"purchasable","14":"product-type-simple","15":"add-to-wishlist-after_add_to_cart"},"acf":[],"_links":{"self":[{"href":"https:\/\/www.makitamarket.com.tr\/site\/wp-json\/wp\/v2\/product\/17869","targetHints":{"allow":["GET"]}}],"collection":[{"href":"https:\/\/www.makitamarket.com.tr\/site\/wp-json\/wp\/v2\/product"}],"about":[{"href":"https:\/\/www.makitamarket.com.tr\/site\/wp-json\/wp\/v2\/types\/product"}],"replies":[{"embeddable":true,"href":"https:\/\/www.makitamarket.com.tr\/site\/wp-json\/wp\/v2\/comments?post=17869"}],"wp:featuredmedia":[{"embeddable":true,"href":"https:\/\/www.makitamarket.com.tr\/site\/wp-json\/wp\/v2\/media\/17868"}],"wp:attachment":[{"href":"https:\/\/www.makitamarket.com.tr\/site\/wp-json\/wp\/v2\/media?parent=17869"}],"wp:term":[{"taxonomy":"product_brand","embeddable":true,"href":"https:\/\/www.makitamarket.com.tr\/site\/wp-json\/wp\/v2\/product_brand?post=17869"},{"taxonomy":"product_cat","embeddable":true,"href":"https:\/\/www.makitamarket.com.tr\/site\/wp-json\/wp\/v2\/product_cat?post=17869"},{"taxonomy":"product_tag","embeddable":true,"href":"https:\/\/www.makitamarket.com.tr\/site\/wp-json\/wp\/v2\/product_tag?post=17869"}],"curies":[{"name":"wp","href":"https:\/\/api.w.org\/{rel}","templated":true}]}}