{"id":17889,"date":"2024-11-28T20:10:50","date_gmt":"2024-11-28T17:10:50","guid":{"rendered":"https:\/\/www.makitamarket.com.tr\/site\/urun\/nikon-polisaj-seti-125-mm-9-parca\/"},"modified":"2026-04-06T16:08:39","modified_gmt":"2026-04-06T13:08:39","slug":"nikon-polisaj-seti-125-mm-9-parca","status":"publish","type":"product","link":"https:\/\/www.makitamarket.com.tr\/site\/urun\/nikon-polisaj-seti-125-mm-9-parca\/","title":{"rendered":"Nikon N33995 POL\u0130SAJ SET\u0130 125 mm 9 PAR\u00c7A"},"content":{"rendered":"<p>\n\t<strong>125mm- 9 Par\u00e7a<\/strong><\/p>\n<p>\n\t1 x C\u0131rtl\u0131 s\u00fcnger polisaj<\/p>\n<p>\n\t1 x Kaucuk z\u0131mp. taban\u0131 ve sentetik<\/p>\n<p>\n\t1 x Kaucuk z\u0131mp. taban\u0131<\/p>\n<p>\n\t1 x Sentetik bone<\/p>\n<p>\n\t1 x Y\u00fcn bone<\/p>\n<p>\n\t3 x Z\u0131mpara ka\u011f\u0131d\u0131<\/p>\n<p>\n\t1 x Velcro polisaj diski<\/p>\n<table><\/table>\n","protected":false},"excerpt":{"rendered":"<p>\n\t<strong>125mm- 9 Par\u00e7a<\/strong><\/p>\n<p>\n\t1 x C\u0131rtl\u0131 s\u00fcnger polisaj<\/p>\n<p>\n\t1 x Kaucuk z\u0131mp. taban\u0131 ve sentetik<\/p>\n<p>\n\t1 x Kaucuk z\u0131mp. taban\u0131<\/p>\n<p>\n\t1 x Sentetik bone<\/p>\n<p>\n\t1 x Y\u00fcn bone<\/p>\n<p>\n\t3 x Z\u0131mpara ka\u011f\u0131d\u0131<\/p>\n<p>\n\t1 x Velcro polisaj diski<\/p>\n","protected":false},"featured_media":17888,"comment_status":"open","ping_status":"closed","template":"","meta":{"_acf_changed":false},"product_brand":[1518],"product_cat":[1375],"product_tag":[],"class_list":{"0":"post-17889","1":"product","2":"type-product","3":"status-publish","4":"has-post-thumbnail","6":"product_brand-nikon","7":"product_cat-polisaj-setleri","9":"first","10":"instock","11":"taxable","12":"shipping-taxable","13":"purchasable","14":"product-type-simple","15":"add-to-wishlist-after_add_to_cart"},"acf":[],"_links":{"self":[{"href":"https:\/\/www.makitamarket.com.tr\/site\/wp-json\/wp\/v2\/product\/17889","targetHints":{"allow":["GET"]}}],"collection":[{"href":"https:\/\/www.makitamarket.com.tr\/site\/wp-json\/wp\/v2\/product"}],"about":[{"href":"https:\/\/www.makitamarket.com.tr\/site\/wp-json\/wp\/v2\/types\/product"}],"replies":[{"embeddable":true,"href":"https:\/\/www.makitamarket.com.tr\/site\/wp-json\/wp\/v2\/comments?post=17889"}],"wp:featuredmedia":[{"embeddable":true,"href":"https:\/\/www.makitamarket.com.tr\/site\/wp-json\/wp\/v2\/media\/17888"}],"wp:attachment":[{"href":"https:\/\/www.makitamarket.com.tr\/site\/wp-json\/wp\/v2\/media?parent=17889"}],"wp:term":[{"taxonomy":"product_brand","embeddable":true,"href":"https:\/\/www.makitamarket.com.tr\/site\/wp-json\/wp\/v2\/product_brand?post=17889"},{"taxonomy":"product_cat","embeddable":true,"href":"https:\/\/www.makitamarket.com.tr\/site\/wp-json\/wp\/v2\/product_cat?post=17889"},{"taxonomy":"product_tag","embeddable":true,"href":"https:\/\/www.makitamarket.com.tr\/site\/wp-json\/wp\/v2\/product_tag?post=17889"}],"curies":[{"name":"wp","href":"https:\/\/api.w.org\/{rel}","templated":true}]}}