{"id":17903,"date":"2024-11-28T20:10:54","date_gmt":"2024-11-28T17:10:54","guid":{"rendered":"https:\/\/www.makitamarket.com.tr\/site\/urun\/makita-nemesis-ii-serisi-sds-plus-uc-16x210-mm\/"},"modified":"2026-03-30T09:56:25","modified_gmt":"2026-03-30T06:56:25","slug":"makita-nemesis-ii-serisi-sds-plus-uc-16x210-mm","status":"publish","type":"product","link":"https:\/\/www.makitamarket.com.tr\/site\/urun\/makita-nemesis-ii-serisi-sds-plus-uc-16x210-mm\/","title":{"rendered":"Makita B-58556 NEMES\u0130S II SER\u0130S\u0130 SDS PLUS U\u00c7 16&#215;210 mm"},"content":{"rendered":"<table>\n<tr>\n<td>\u00c7ap<\/td>\n<td>16 mm<\/td>\n<\/tr>\n<tr>\n<td>Uzunluk<\/td>\n<td>210 mm<\/td>\n<\/tr>\n<tr>\n<td>\u00c7al\u0131\u015fma Uzunlu\u011fu<\/td>\n<td>160 mm<\/td>\n<\/tr>\n<\/table>\n","protected":false},"excerpt":{"rendered":"<p>\u00c7ap 16 mm Uzunluk 210 mm \u00c7al\u0131\u015fma Uzunlu\u011fu 160 mm<\/p>\n","protected":false},"featured_media":0,"comment_status":"open","ping_status":"closed","template":"","meta":{"_acf_changed":false},"product_brand":[1485],"product_cat":[1149],"product_tag":[],"class_list":{"0":"post-17903","1":"product","2":"type-product","3":"status-publish","5":"product_brand-makita","6":"product_cat-sds-plus-uclar","8":"first","9":"instock","10":"taxable","11":"shipping-taxable","12":"purchasable","13":"product-type-simple","14":"add-to-wishlist-after_add_to_cart"},"acf":[],"_links":{"self":[{"href":"https:\/\/www.makitamarket.com.tr\/site\/wp-json\/wp\/v2\/product\/17903","targetHints":{"allow":["GET"]}}],"collection":[{"href":"https:\/\/www.makitamarket.com.tr\/site\/wp-json\/wp\/v2\/product"}],"about":[{"href":"https:\/\/www.makitamarket.com.tr\/site\/wp-json\/wp\/v2\/types\/product"}],"replies":[{"embeddable":true,"href":"https:\/\/www.makitamarket.com.tr\/site\/wp-json\/wp\/v2\/comments?post=17903"}],"wp:attachment":[{"href":"https:\/\/www.makitamarket.com.tr\/site\/wp-json\/wp\/v2\/media?parent=17903"}],"wp:term":[{"taxonomy":"product_brand","embeddable":true,"href":"https:\/\/www.makitamarket.com.tr\/site\/wp-json\/wp\/v2\/product_brand?post=17903"},{"taxonomy":"product_cat","embeddable":true,"href":"https:\/\/www.makitamarket.com.tr\/site\/wp-json\/wp\/v2\/product_cat?post=17903"},{"taxonomy":"product_tag","embeddable":true,"href":"https:\/\/www.makitamarket.com.tr\/site\/wp-json\/wp\/v2\/product_tag?post=17903"}],"curies":[{"name":"wp","href":"https:\/\/api.w.org\/{rel}","templated":true}]}}