{"id":17919,"date":"2024-11-28T20:11:04","date_gmt":"2024-11-28T17:11:04","guid":{"rendered":"https:\/\/www.makitamarket.com.tr\/site\/urun\/reis-hss-19-mm-cap-arkali-keski\/"},"modified":"2026-04-06T16:09:33","modified_gmt":"2026-04-06T13:09:33","slug":"reis-hss-19-mm-cap-arkali-keski","status":"publish","type":"product","link":"https:\/\/www.makitamarket.com.tr\/site\/urun\/reis-hss-19-mm-cap-arkali-keski\/","title":{"rendered":"Reis Hss 91-12600 19 mm \u00c7AP ARKALI KESK\u0130"},"content":{"rendered":"<p>\n\tMAKITA HM1200B ve benzeri keski kullanan makinalar i\u00e7in.<\/p>\n<table>\n<tr>\n<td>Tip<\/td>\n<td>Yass\u0131<\/td>\n<\/tr>\n<tr>\n<td>\u00d6l\u00e7\u00fc<\/td>\n<td>600<\/td>\n<\/tr>\n<\/table>\n","protected":false},"excerpt":{"rendered":"<p>\n\tMAKITA HM1200B ve benzeri keski kullanan makinalar i\u00e7in.<\/p>\n","protected":false},"featured_media":17918,"comment_status":"open","ping_status":"closed","template":"","meta":{"_acf_changed":false},"product_brand":[1555],"product_cat":[1366],"product_tag":[],"class_list":{"0":"post-17919","1":"product","2":"type-product","3":"status-publish","4":"has-post-thumbnail","6":"product_brand-reis-hss","7":"product_cat-yassi-keskiler-keskiler-aksesuarlar","9":"first","10":"instock","11":"taxable","12":"shipping-taxable","13":"purchasable","14":"product-type-simple","15":"add-to-wishlist-after_add_to_cart"},"acf":[],"_links":{"self":[{"href":"https:\/\/www.makitamarket.com.tr\/site\/wp-json\/wp\/v2\/product\/17919","targetHints":{"allow":["GET"]}}],"collection":[{"href":"https:\/\/www.makitamarket.com.tr\/site\/wp-json\/wp\/v2\/product"}],"about":[{"href":"https:\/\/www.makitamarket.com.tr\/site\/wp-json\/wp\/v2\/types\/product"}],"replies":[{"embeddable":true,"href":"https:\/\/www.makitamarket.com.tr\/site\/wp-json\/wp\/v2\/comments?post=17919"}],"wp:featuredmedia":[{"embeddable":true,"href":"https:\/\/www.makitamarket.com.tr\/site\/wp-json\/wp\/v2\/media\/17918"}],"wp:attachment":[{"href":"https:\/\/www.makitamarket.com.tr\/site\/wp-json\/wp\/v2\/media?parent=17919"}],"wp:term":[{"taxonomy":"product_brand","embeddable":true,"href":"https:\/\/www.makitamarket.com.tr\/site\/wp-json\/wp\/v2\/product_brand?post=17919"},{"taxonomy":"product_cat","embeddable":true,"href":"https:\/\/www.makitamarket.com.tr\/site\/wp-json\/wp\/v2\/product_cat?post=17919"},{"taxonomy":"product_tag","embeddable":true,"href":"https:\/\/www.makitamarket.com.tr\/site\/wp-json\/wp\/v2\/product_tag?post=17919"}],"curies":[{"name":"wp","href":"https:\/\/api.w.org\/{rel}","templated":true}]}}