{"id":17929,"date":"2024-11-28T20:11:09","date_gmt":"2024-11-28T17:11:09","guid":{"rendered":"https:\/\/www.makitamarket.com.tr\/site\/urun\/proxxon-ince-dis-celik-ve-princ-kesme-testeresi\/"},"modified":"2026-03-30T09:56:32","modified_gmt":"2026-03-30T06:56:32","slug":"proxxon-ince-dis-celik-ve-princ-kesme-testeresi","status":"publish","type":"product","link":"https:\/\/www.makitamarket.com.tr\/site\/urun\/proxxon-ince-dis-celik-ve-princ-kesme-testeresi\/","title":{"rendered":"Proxxon 28174 \u0130NCE D\u0130\u015e \u00c7EL\u0130K VE PR\u0130N\u00c7 KESME TESTERES\u0130"},"content":{"rendered":"<p>\n\t24 Di\u015f Testere<\/p>\n<table>\n<tr>\n<td>Testere \u00d6l\u00e7\u00fcs\u00fc<\/td>\n<td>1,065 x 5.0 x 0.4mm<\/td>\n<\/tr>\n<tr>\n<td>Uygunluk<\/td>\n<td>27172 MBS 240\/E i\u00e7in<\/td>\n<\/tr>\n<\/table>\n","protected":false},"excerpt":{"rendered":"<p>\n\t24 Di\u015f Testere<\/p>\n","protected":false},"featured_media":17928,"comment_status":"open","ping_status":"closed","template":"","meta":{"_acf_changed":false},"product_brand":[1501],"product_cat":[926],"product_tag":[],"class_list":{"0":"post-17929","1":"product","2":"type-product","3":"status-publish","4":"has-post-thumbnail","6":"product_brand-proxxon","7":"product_cat-aksesuarlar-mikro-aletleri","9":"first","10":"instock","11":"taxable","12":"shipping-taxable","13":"purchasable","14":"product-type-simple","15":"add-to-wishlist-after_add_to_cart"},"acf":[],"_links":{"self":[{"href":"https:\/\/www.makitamarket.com.tr\/site\/wp-json\/wp\/v2\/product\/17929","targetHints":{"allow":["GET"]}}],"collection":[{"href":"https:\/\/www.makitamarket.com.tr\/site\/wp-json\/wp\/v2\/product"}],"about":[{"href":"https:\/\/www.makitamarket.com.tr\/site\/wp-json\/wp\/v2\/types\/product"}],"replies":[{"embeddable":true,"href":"https:\/\/www.makitamarket.com.tr\/site\/wp-json\/wp\/v2\/comments?post=17929"}],"wp:featuredmedia":[{"embeddable":true,"href":"https:\/\/www.makitamarket.com.tr\/site\/wp-json\/wp\/v2\/media\/17928"}],"wp:attachment":[{"href":"https:\/\/www.makitamarket.com.tr\/site\/wp-json\/wp\/v2\/media?parent=17929"}],"wp:term":[{"taxonomy":"product_brand","embeddable":true,"href":"https:\/\/www.makitamarket.com.tr\/site\/wp-json\/wp\/v2\/product_brand?post=17929"},{"taxonomy":"product_cat","embeddable":true,"href":"https:\/\/www.makitamarket.com.tr\/site\/wp-json\/wp\/v2\/product_cat?post=17929"},{"taxonomy":"product_tag","embeddable":true,"href":"https:\/\/www.makitamarket.com.tr\/site\/wp-json\/wp\/v2\/product_tag?post=17929"}],"curies":[{"name":"wp","href":"https:\/\/api.w.org\/{rel}","templated":true}]}}