{"id":17937,"date":"2024-11-28T20:11:12","date_gmt":"2024-11-28T17:11:12","guid":{"rendered":"https:\/\/www.makitamarket.com.tr\/site\/urun\/proxxon-endustriyel-duz-tornavida-4-mm\/"},"modified":"2026-04-06T16:09:42","modified_gmt":"2026-04-06T13:09:42","slug":"proxxon-endustriyel-duz-tornavida-4-mm","status":"publish","type":"product","link":"https:\/\/www.makitamarket.com.tr\/site\/urun\/proxxon-endustriyel-duz-tornavida-4-mm\/","title":{"rendered":"Proxxon End\u00fcstriyel 22012 D\u00dcZ TORNAV\u0130DA 4 mm"},"content":{"rendered":"<table>\n<tr>\n<td>U\u00e7 Geni\u015fli\u011fi<\/td>\n<td>4<\/td>\n<\/tr>\n<tr>\n<td>U\u00e7 Kal\u0131nl\u0131\u011f\u0131<\/td>\n<td>0,8<\/td>\n<\/tr>\n<tr>\n<td>U\u00e7 uzunlu\u011fu<\/td>\n<td>100<\/td>\n<\/tr>\n<tr>\n<td>Uzunluk<\/td>\n<td>175 mm<\/td>\n<\/tr>\n<\/table>\n","protected":false},"excerpt":{"rendered":"<p>U\u00e7 Geni\u015fli\u011fi 4 U\u00e7 Kal\u0131nl\u0131\u011f\u0131 0,8 U\u00e7 uzunlu\u011fu 100 Uzunluk 175 mm<\/p>\n","protected":false},"featured_media":17936,"comment_status":"open","ping_status":"closed","template":"","meta":{"_acf_changed":false},"product_brand":[1529],"product_cat":[961],"product_tag":[],"class_list":{"0":"post-17937","1":"product","2":"type-product","3":"status-publish","4":"has-post-thumbnail","6":"product_brand-proxxon-endustriyel","7":"product_cat-duz-uclu-tornavidalar","9":"first","10":"instock","11":"taxable","12":"shipping-taxable","13":"purchasable","14":"product-type-simple","15":"add-to-wishlist-after_add_to_cart"},"acf":[],"_links":{"self":[{"href":"https:\/\/www.makitamarket.com.tr\/site\/wp-json\/wp\/v2\/product\/17937","targetHints":{"allow":["GET"]}}],"collection":[{"href":"https:\/\/www.makitamarket.com.tr\/site\/wp-json\/wp\/v2\/product"}],"about":[{"href":"https:\/\/www.makitamarket.com.tr\/site\/wp-json\/wp\/v2\/types\/product"}],"replies":[{"embeddable":true,"href":"https:\/\/www.makitamarket.com.tr\/site\/wp-json\/wp\/v2\/comments?post=17937"}],"wp:featuredmedia":[{"embeddable":true,"href":"https:\/\/www.makitamarket.com.tr\/site\/wp-json\/wp\/v2\/media\/17936"}],"wp:attachment":[{"href":"https:\/\/www.makitamarket.com.tr\/site\/wp-json\/wp\/v2\/media?parent=17937"}],"wp:term":[{"taxonomy":"product_brand","embeddable":true,"href":"https:\/\/www.makitamarket.com.tr\/site\/wp-json\/wp\/v2\/product_brand?post=17937"},{"taxonomy":"product_cat","embeddable":true,"href":"https:\/\/www.makitamarket.com.tr\/site\/wp-json\/wp\/v2\/product_cat?post=17937"},{"taxonomy":"product_tag","embeddable":true,"href":"https:\/\/www.makitamarket.com.tr\/site\/wp-json\/wp\/v2\/product_tag?post=17937"}],"curies":[{"name":"wp","href":"https:\/\/api.w.org\/{rel}","templated":true}]}}