{"id":17997,"date":"2024-11-28T20:11:39","date_gmt":"2024-11-28T17:11:39","guid":{"rendered":"https:\/\/www.makitamarket.com.tr\/site\/urun\/nikon-bez-zimpara-100-kum\/"},"modified":"2026-03-30T09:58:28","modified_gmt":"2026-03-30T06:58:28","slug":"nikon-bez-zimpara-100-kum","status":"publish","type":"product","link":"https:\/\/www.makitamarket.com.tr\/site\/urun\/nikon-bez-zimpara-100-kum\/","title":{"rendered":"Nikon NIK100M BEZ ZIMPARA 100 KUM"},"content":{"rendered":"<p>\n\t<span style=\"color: rgb(255, 0, 0);\"><strong>Kullan\u0131m Alan\u0131:<\/strong><\/span><\/p>\n<p>\n\tAl\u00fcminyum oksit ala\u015f\u0131ml\u0131 bez z\u0131mpara olarak imal edilmi\u015ftir. Boyal\u0131 y\u00fczeyler,ah\u015fap \u00fczeri boyal\u0131 ve vernikli y\u00fczeyler, A\u011f\u0131r sanayi pas ve t\u00fcrevi kal\u0131n y\u00fczeyler i\u00e7in kullan\u0131m\u0131 uygundur.\u00a0<\/p>\n<table>\n<tr>\n<td>Kum<\/td>\n<td>100<\/td>\n<\/tr>\n<tr>\n<td>Paket \u0130\u00e7i Adedi<\/td>\n<td>50<\/td>\n<\/tr>\n<\/table>\n","protected":false},"excerpt":{"rendered":"<p>\n\t<span style=\"color: rgb(255, 0, 0);\"><strong>Kullan\u0131m Alan\u0131:<\/strong><\/span><\/p>\n<p>\n\tAl\u00fcminyum oksit ala\u015f\u0131ml\u0131 bez z\u0131mpara olarak imal edilmi\u015ftir. Boyal\u0131 y\u00fczeyler,ah\u015fap \u00fczeri boyal\u0131 ve vernikli y\u00fczeyler, A\u011f\u0131r sanayi pas ve t\u00fcrevi kal\u0131n y\u00fczeyler i\u00e7in kullan\u0131m\u0131 uygundur.\u00a0<\/p>\n","protected":false},"featured_media":0,"comment_status":"open","ping_status":"closed","template":"","meta":{"_acf_changed":false},"product_brand":[1518],"product_cat":[1396],"product_tag":[],"class_list":{"0":"post-17997","1":"product","2":"type-product","3":"status-publish","5":"product_brand-nikon","6":"product_cat-bez-zimparalar","8":"first","9":"instock","10":"taxable","11":"shipping-taxable","12":"purchasable","13":"product-type-simple","14":"add-to-wishlist-after_add_to_cart"},"acf":[],"_links":{"self":[{"href":"https:\/\/www.makitamarket.com.tr\/site\/wp-json\/wp\/v2\/product\/17997","targetHints":{"allow":["GET"]}}],"collection":[{"href":"https:\/\/www.makitamarket.com.tr\/site\/wp-json\/wp\/v2\/product"}],"about":[{"href":"https:\/\/www.makitamarket.com.tr\/site\/wp-json\/wp\/v2\/types\/product"}],"replies":[{"embeddable":true,"href":"https:\/\/www.makitamarket.com.tr\/site\/wp-json\/wp\/v2\/comments?post=17997"}],"wp:attachment":[{"href":"https:\/\/www.makitamarket.com.tr\/site\/wp-json\/wp\/v2\/media?parent=17997"}],"wp:term":[{"taxonomy":"product_brand","embeddable":true,"href":"https:\/\/www.makitamarket.com.tr\/site\/wp-json\/wp\/v2\/product_brand?post=17997"},{"taxonomy":"product_cat","embeddable":true,"href":"https:\/\/www.makitamarket.com.tr\/site\/wp-json\/wp\/v2\/product_cat?post=17997"},{"taxonomy":"product_tag","embeddable":true,"href":"https:\/\/www.makitamarket.com.tr\/site\/wp-json\/wp\/v2\/product_tag?post=17997"}],"curies":[{"name":"wp","href":"https:\/\/api.w.org\/{rel}","templated":true}]}}