{"id":18040,"date":"2024-11-28T20:11:58","date_gmt":"2024-11-28T17:11:58","guid":{"rendered":"https:\/\/www.makitamarket.com.tr\/site\/urun\/proxxon-endustriyel-pozidriv-tornavida-pz-0\/"},"modified":"2026-04-06T16:12:48","modified_gmt":"2026-04-06T13:12:48","slug":"proxxon-endustriyel-pozidriv-tornavida-pz-0","status":"publish","type":"product","link":"https:\/\/www.makitamarket.com.tr\/site\/urun\/proxxon-endustriyel-pozidriv-tornavida-pz-0\/","title":{"rendered":"Proxxon End\u00fcstriyel 22070 POZ\u0130DR\u0130V TORNAV\u0130DA PZ 0"},"content":{"rendered":"<table>\n<tr>\n<td>\u00d6l\u00e7\u00fc<\/td>\n<td>PZ0<\/td>\n<\/tr>\n<tr>\n<td>U\u00e7 uzunlu\u011fu<\/td>\n<td>60<\/td>\n<\/tr>\n<tr>\n<td>Uzunluk<\/td>\n<td>135<\/td>\n<\/tr>\n<\/table>\n","protected":false},"excerpt":{"rendered":"<p>\u00d6l\u00e7\u00fc PZ0 U\u00e7 uzunlu\u011fu 60 Uzunluk 135<\/p>\n","protected":false},"featured_media":18039,"comment_status":"open","ping_status":"closed","template":"","meta":{"_acf_changed":false},"product_brand":[1529],"product_cat":[1322],"product_tag":[],"class_list":{"0":"post-18040","1":"product","2":"type-product","3":"status-publish","4":"has-post-thumbnail","6":"product_brand-proxxon-endustriyel","7":"product_cat-pozidriv-tornavidalar","9":"first","10":"instock","11":"taxable","12":"shipping-taxable","13":"purchasable","14":"product-type-simple","15":"add-to-wishlist-after_add_to_cart"},"acf":[],"_links":{"self":[{"href":"https:\/\/www.makitamarket.com.tr\/site\/wp-json\/wp\/v2\/product\/18040","targetHints":{"allow":["GET"]}}],"collection":[{"href":"https:\/\/www.makitamarket.com.tr\/site\/wp-json\/wp\/v2\/product"}],"about":[{"href":"https:\/\/www.makitamarket.com.tr\/site\/wp-json\/wp\/v2\/types\/product"}],"replies":[{"embeddable":true,"href":"https:\/\/www.makitamarket.com.tr\/site\/wp-json\/wp\/v2\/comments?post=18040"}],"wp:featuredmedia":[{"embeddable":true,"href":"https:\/\/www.makitamarket.com.tr\/site\/wp-json\/wp\/v2\/media\/18039"}],"wp:attachment":[{"href":"https:\/\/www.makitamarket.com.tr\/site\/wp-json\/wp\/v2\/media?parent=18040"}],"wp:term":[{"taxonomy":"product_brand","embeddable":true,"href":"https:\/\/www.makitamarket.com.tr\/site\/wp-json\/wp\/v2\/product_brand?post=18040"},{"taxonomy":"product_cat","embeddable":true,"href":"https:\/\/www.makitamarket.com.tr\/site\/wp-json\/wp\/v2\/product_cat?post=18040"},{"taxonomy":"product_tag","embeddable":true,"href":"https:\/\/www.makitamarket.com.tr\/site\/wp-json\/wp\/v2\/product_tag?post=18040"}],"curies":[{"name":"wp","href":"https:\/\/api.w.org\/{rel}","templated":true}]}}