{"id":18045,"date":"2024-11-28T20:12:00","date_gmt":"2024-11-28T17:12:00","guid":{"rendered":"https:\/\/www.makitamarket.com.tr\/site\/urun\/makita-hss-g-metal-delme-matkap-ucu-6-0x93-mm\/"},"modified":"2026-04-06T16:12:49","modified_gmt":"2026-04-06T13:12:49","slug":"makita-hss-g-metal-delme-matkap-ucu-6-0x93-mm","status":"publish","type":"product","link":"https:\/\/www.makitamarket.com.tr\/site\/urun\/makita-hss-g-metal-delme-matkap-ucu-6-0x93-mm\/","title":{"rendered":"Makita D-06410 HSS &#8211; G METAL DELME MATKAP UCU 6.0&#215;93 mm"},"content":{"rendered":"<table>\n<tr>\n<td>Matkap \u00c7ap\u0131<\/td>\n<td>6<\/td>\n<\/tr>\n<tr>\n<td>Matkap Boyu<\/td>\n<td>93<\/td>\n<\/tr>\n<tr>\n<td>\u00c7al\u0131\u015fma Uzunlu\u011fu<\/td>\n<td>57<\/td>\n<\/tr>\n<tr>\n<td>\u00c7ap<\/td>\n<td>6.0 mm<\/td>\n<\/tr>\n<tr>\n<td>Uzunluk<\/td>\n<td>93 mm<\/td>\n<\/tr>\n<tr>\n<td>\u00c7al\u0131\u015fma Uzunlu\u011fu<\/td>\n<td>57 mm<\/td>\n<\/tr>\n<tr>\n<td>Ambalaj \u0130\u00e7eri\u011fi<\/td>\n<td>10 Adet<\/td>\n<\/tr>\n<\/table>\n","protected":false},"excerpt":{"rendered":"<p>Matkap \u00c7ap\u0131 6 Matkap Boyu 93 \u00c7al\u0131\u015fma Uzunlu\u011fu 57 \u00c7ap 6.0 mm Uzunluk 93 mm \u00c7al\u0131\u015fma Uzunlu\u011fu 57 mm Ambalaj \u0130\u00e7eri\u011fi 10 Adet<\/p>\n","protected":false},"featured_media":0,"comment_status":"open","ping_status":"closed","template":"","meta":{"_acf_changed":false},"product_brand":[1485],"product_cat":[1064],"product_tag":[],"class_list":{"0":"post-18045","1":"product","2":"type-product","3":"status-publish","5":"product_brand-makita","6":"product_cat-metal-delme-uclari","8":"first","9":"instock","10":"taxable","11":"shipping-taxable","12":"purchasable","13":"product-type-simple","14":"add-to-wishlist-after_add_to_cart"},"acf":[],"_links":{"self":[{"href":"https:\/\/www.makitamarket.com.tr\/site\/wp-json\/wp\/v2\/product\/18045","targetHints":{"allow":["GET"]}}],"collection":[{"href":"https:\/\/www.makitamarket.com.tr\/site\/wp-json\/wp\/v2\/product"}],"about":[{"href":"https:\/\/www.makitamarket.com.tr\/site\/wp-json\/wp\/v2\/types\/product"}],"replies":[{"embeddable":true,"href":"https:\/\/www.makitamarket.com.tr\/site\/wp-json\/wp\/v2\/comments?post=18045"}],"wp:attachment":[{"href":"https:\/\/www.makitamarket.com.tr\/site\/wp-json\/wp\/v2\/media?parent=18045"}],"wp:term":[{"taxonomy":"product_brand","embeddable":true,"href":"https:\/\/www.makitamarket.com.tr\/site\/wp-json\/wp\/v2\/product_brand?post=18045"},{"taxonomy":"product_cat","embeddable":true,"href":"https:\/\/www.makitamarket.com.tr\/site\/wp-json\/wp\/v2\/product_cat?post=18045"},{"taxonomy":"product_tag","embeddable":true,"href":"https:\/\/www.makitamarket.com.tr\/site\/wp-json\/wp\/v2\/product_tag?post=18045"}],"curies":[{"name":"wp","href":"https:\/\/api.w.org\/{rel}","templated":true}]}}