{"id":18067,"date":"2024-11-28T20:12:12","date_gmt":"2024-11-28T17:12:12","guid":{"rendered":"https:\/\/www.makitamarket.com.tr\/site\/urun\/fastbond-tabanca-havya\/"},"modified":"2026-04-06T16:13:43","modified_gmt":"2026-04-06T13:13:43","slug":"fastbond-tabanca-havya","status":"publish","type":"product","link":"https:\/\/www.makitamarket.com.tr\/site\/urun\/fastbond-tabanca-havya\/","title":{"rendered":"Fastbond FA27001 TABANCA HAVYA"},"content":{"rendered":"<p>\n\t\u2022 I\u015f\u0131kl\u0131<\/p>\n<p>\n\t\u2022 1,5mt kablo uzunlu\u011fu<\/p>\n<table>\n<tr>\n<td>G\u00fc\u00e7<\/td>\n<td>100 Watt<\/td>\n<\/tr>\n<tr>\n<td>Volt<\/td>\n<td>230 V<\/td>\n<\/tr>\n<tr>\n<td>Koli \u0130\u00e7i Adedi<\/td>\n<td>20<\/td>\n<\/tr>\n<\/table>\n","protected":false},"excerpt":{"rendered":"<p>\n\t\u2022 I\u015f\u0131kl\u0131<\/p>\n<p>\n\t\u2022 1,5mt kablo uzunlu\u011fu<\/p>\n","protected":false},"featured_media":18066,"comment_status":"open","ping_status":"closed","template":"","meta":{"_acf_changed":false},"product_brand":[1540],"product_cat":[1004],"product_tag":[],"class_list":{"0":"post-18067","1":"product","2":"type-product","3":"status-publish","4":"has-post-thumbnail","6":"product_brand-fastbond","7":"product_cat-kalem-havyalar","9":"first","10":"instock","11":"taxable","12":"shipping-taxable","13":"purchasable","14":"product-type-simple","15":"add-to-wishlist-after_add_to_cart"},"acf":[],"_links":{"self":[{"href":"https:\/\/www.makitamarket.com.tr\/site\/wp-json\/wp\/v2\/product\/18067","targetHints":{"allow":["GET"]}}],"collection":[{"href":"https:\/\/www.makitamarket.com.tr\/site\/wp-json\/wp\/v2\/product"}],"about":[{"href":"https:\/\/www.makitamarket.com.tr\/site\/wp-json\/wp\/v2\/types\/product"}],"replies":[{"embeddable":true,"href":"https:\/\/www.makitamarket.com.tr\/site\/wp-json\/wp\/v2\/comments?post=18067"}],"wp:featuredmedia":[{"embeddable":true,"href":"https:\/\/www.makitamarket.com.tr\/site\/wp-json\/wp\/v2\/media\/18066"}],"wp:attachment":[{"href":"https:\/\/www.makitamarket.com.tr\/site\/wp-json\/wp\/v2\/media?parent=18067"}],"wp:term":[{"taxonomy":"product_brand","embeddable":true,"href":"https:\/\/www.makitamarket.com.tr\/site\/wp-json\/wp\/v2\/product_brand?post=18067"},{"taxonomy":"product_cat","embeddable":true,"href":"https:\/\/www.makitamarket.com.tr\/site\/wp-json\/wp\/v2\/product_cat?post=18067"},{"taxonomy":"product_tag","embeddable":true,"href":"https:\/\/www.makitamarket.com.tr\/site\/wp-json\/wp\/v2\/product_tag?post=18067"}],"curies":[{"name":"wp","href":"https:\/\/api.w.org\/{rel}","templated":true}]}}