{"id":18069,"date":"2024-11-28T20:12:12","date_gmt":"2024-11-28T17:12:12","guid":{"rendered":"https:\/\/www.makitamarket.com.tr\/site\/urun\/makita-ahsap-daire-testere-110x50-dis\/"},"modified":"2026-04-06T16:13:44","modified_gmt":"2026-04-06T13:13:44","slug":"makita-ahsap-daire-testere-110x50-dis","status":"publish","type":"product","link":"https:\/\/www.makitamarket.com.tr\/site\/urun\/makita-ahsap-daire-testere-110x50-dis\/","title":{"rendered":"Makita 792010-8 AH\u015eAP DA\u0130RE TESTERE 110&#215;50 D\u0130\u015e"},"content":{"rendered":"<p>\n\t<strong>Uygun Modeller :<\/strong> Testere \u00e7ap\u0131 uyumlu olan t\u00fcm modellerde ah\u015fap kesim i\u00e7in kullan\u0131l\u0131r.<\/p>\n<p>\n\tKombinasyon b\u0131\u00e7a\u011f\u0131 olup \u00e7apraz kesim i\u00e7in kullan\u0131l\u0131r. Daha h\u0131zl\u0131 kesim yapmak i\u00e7in \u00e7apraz kesim b\u0131\u00e7a\u011f\u0131na g\u00f6re daha az di\u015f say\u0131s\u0131na sahiptir.<\/p>\n<table>\n<tr>\n<td>Testere \u00e7ap\u0131<\/td>\n<td>110 mm<\/td>\n<\/tr>\n<tr>\n<td>G\u00f6bek \u00e7ap\u0131<\/td>\n<td>20 mm<\/td>\n<\/tr>\n<tr>\n<td>Y\u00fcz\u00fck \u00c7ap\u0131<\/td>\n<td>&#8211;<\/td>\n<\/tr>\n<tr>\n<td>Elmas Kal\u0131nl\u0131\u011f\u0131<\/td>\n<td>&#8211;<\/td>\n<\/tr>\n<tr>\n<td>G\u00f6vde Kal\u0131nl\u0131\u011f\u0131<\/td>\n<td>&#8211;<\/td>\n<\/tr>\n<tr>\n<td>Di\u015f Say\u0131s\u0131<\/td>\n<td>50<\/td>\n<\/tr>\n<tr>\n<td>Elmas A\u00e7\u0131s\u0131<\/td>\n<td>&#8211;<\/td>\n<\/tr>\n<tr>\n<td>Di\u015f Tipi<\/td>\n<td>\u00c7apraz<\/td>\n<\/tr>\n<tr>\n<td>Kullan\u0131m Alan\u0131<\/td>\n<td>Ah\u015fap<\/td>\n<\/tr>\n<\/table>\n","protected":false},"excerpt":{"rendered":"<p>\n\t<strong>Uygun Modeller :<\/strong> Testere \u00e7ap\u0131 uyumlu olan t\u00fcm modellerde ah\u015fap kesim i\u00e7in kullan\u0131l\u0131r.<\/p>\n<p>\n\tKombinasyon b\u0131\u00e7a\u011f\u0131 olup \u00e7apraz kesim i\u00e7in kullan\u0131l\u0131r. Daha h\u0131zl\u0131 kesim yapmak i\u00e7in \u00e7apraz kesim b\u0131\u00e7a\u011f\u0131na g\u00f6re daha az di\u015f say\u0131s\u0131na sahiptir.<\/p>\n","protected":false},"featured_media":0,"comment_status":"open","ping_status":"closed","template":"","meta":{"_acf_changed":false},"product_brand":[1485],"product_cat":[1050],"product_tag":[],"class_list":{"0":"post-18069","1":"product","2":"type-product","3":"status-publish","5":"product_brand-makita","6":"product_cat-ahsap-daire-testereler","8":"first","9":"instock","10":"taxable","11":"shipping-taxable","12":"purchasable","13":"product-type-simple","14":"add-to-wishlist-after_add_to_cart"},"acf":[],"_links":{"self":[{"href":"https:\/\/www.makitamarket.com.tr\/site\/wp-json\/wp\/v2\/product\/18069","targetHints":{"allow":["GET"]}}],"collection":[{"href":"https:\/\/www.makitamarket.com.tr\/site\/wp-json\/wp\/v2\/product"}],"about":[{"href":"https:\/\/www.makitamarket.com.tr\/site\/wp-json\/wp\/v2\/types\/product"}],"replies":[{"embeddable":true,"href":"https:\/\/www.makitamarket.com.tr\/site\/wp-json\/wp\/v2\/comments?post=18069"}],"wp:attachment":[{"href":"https:\/\/www.makitamarket.com.tr\/site\/wp-json\/wp\/v2\/media?parent=18069"}],"wp:term":[{"taxonomy":"product_brand","embeddable":true,"href":"https:\/\/www.makitamarket.com.tr\/site\/wp-json\/wp\/v2\/product_brand?post=18069"},{"taxonomy":"product_cat","embeddable":true,"href":"https:\/\/www.makitamarket.com.tr\/site\/wp-json\/wp\/v2\/product_cat?post=18069"},{"taxonomy":"product_tag","embeddable":true,"href":"https:\/\/www.makitamarket.com.tr\/site\/wp-json\/wp\/v2\/product_tag?post=18069"}],"curies":[{"name":"wp","href":"https:\/\/api.w.org\/{rel}","templated":true}]}}