{"id":18110,"date":"2024-11-28T20:12:29","date_gmt":"2024-11-28T17:12:29","guid":{"rendered":"https:\/\/www.makitamarket.com.tr\/site\/urun\/makita-cirtli-yun-polisaj-bonesi-180-mm\/"},"modified":"2026-03-30T10:00:34","modified_gmt":"2026-03-30T07:00:34","slug":"makita-cirtli-yun-polisaj-bonesi-180-mm","status":"publish","type":"product","link":"https:\/\/www.makitamarket.com.tr\/site\/urun\/makita-cirtli-yun-polisaj-bonesi-180-mm\/","title":{"rendered":"Makita 192629-7 CIRTLI Y\u00dcN POL\u0130SAJ BONES\u0130 180 mm"},"content":{"rendered":"<p>\n\tCila ve Polisajlama i\u015fi i\u00e7in idealdir. Parlat\u0131c\u0131lar ile kullan\u0131l\u0131r. Makinada y\u0131kanmas\u0131 uygun de\u011fildir.<\/p>\n<p>\n\tY\u00fcksek kalitede uzun \u00f6m\u00fcrl\u00fc kullan\u0131l\u0131r. Cihaza monte edilmesi kolayd\u0131r.<\/p>\n<table>\n<tr>\n<td>\u00d6l\u00e7\u00fcler<\/td>\n<td>180 mm<\/td>\n<\/tr>\n<\/table>\n","protected":false},"excerpt":{"rendered":"<p>\n\tCila ve Polisajlama i\u015fi i\u00e7in idealdir. Parlat\u0131c\u0131lar ile kullan\u0131l\u0131r. Makinada y\u0131kanmas\u0131 uygun de\u011fildir.<\/p>\n<p>\n\tY\u00fcksek kalitede uzun \u00f6m\u00fcrl\u00fc kullan\u0131l\u0131r. Cihaza monte edilmesi kolayd\u0131r.<\/p>\n","protected":false},"featured_media":18109,"comment_status":"open","ping_status":"closed","template":"","meta":{"_acf_changed":false},"product_brand":[1485],"product_cat":[860],"product_tag":[],"class_list":{"0":"post-18110","1":"product","2":"type-product","3":"status-publish","4":"has-post-thumbnail","6":"product_brand-makita","7":"product_cat-yun-polisaj-boneleri","9":"first","10":"instock","11":"taxable","12":"shipping-taxable","13":"purchasable","14":"product-type-simple","15":"add-to-wishlist-after_add_to_cart"},"acf":[],"_links":{"self":[{"href":"https:\/\/www.makitamarket.com.tr\/site\/wp-json\/wp\/v2\/product\/18110","targetHints":{"allow":["GET"]}}],"collection":[{"href":"https:\/\/www.makitamarket.com.tr\/site\/wp-json\/wp\/v2\/product"}],"about":[{"href":"https:\/\/www.makitamarket.com.tr\/site\/wp-json\/wp\/v2\/types\/product"}],"replies":[{"embeddable":true,"href":"https:\/\/www.makitamarket.com.tr\/site\/wp-json\/wp\/v2\/comments?post=18110"}],"wp:featuredmedia":[{"embeddable":true,"href":"https:\/\/www.makitamarket.com.tr\/site\/wp-json\/wp\/v2\/media\/18109"}],"wp:attachment":[{"href":"https:\/\/www.makitamarket.com.tr\/site\/wp-json\/wp\/v2\/media?parent=18110"}],"wp:term":[{"taxonomy":"product_brand","embeddable":true,"href":"https:\/\/www.makitamarket.com.tr\/site\/wp-json\/wp\/v2\/product_brand?post=18110"},{"taxonomy":"product_cat","embeddable":true,"href":"https:\/\/www.makitamarket.com.tr\/site\/wp-json\/wp\/v2\/product_cat?post=18110"},{"taxonomy":"product_tag","embeddable":true,"href":"https:\/\/www.makitamarket.com.tr\/site\/wp-json\/wp\/v2\/product_tag?post=18110"}],"curies":[{"name":"wp","href":"https:\/\/api.w.org\/{rel}","templated":true}]}}