{"id":18131,"date":"2024-11-28T20:12:38","date_gmt":"2024-11-28T17:12:38","guid":{"rendered":"https:\/\/www.makitamarket.com.tr\/site\/urun\/uni-t-dijital-saatli-sicaklik-ve-nem-olcer\/"},"modified":"2026-04-06T16:14:57","modified_gmt":"2026-04-06T13:14:57","slug":"uni-t-dijital-saatli-sicaklik-ve-nem-olcer","status":"publish","type":"product","link":"https:\/\/www.makitamarket.com.tr\/site\/urun\/uni-t-dijital-saatli-sicaklik-ve-nem-olcer\/","title":{"rendered":"Uni-t A13T D\u0130J\u0130TAL SAATL\u0130 SICAKLIK VE NEM \u00d6L\u00c7ER"},"content":{"rendered":"<div>\n\t<strong>KULLANIM ALANLARI :<\/strong> Laboratuarlar, ofi sler, hoteller, okullar, fabrikalar, toplant\u0131 odalar\u0131, hava alanlar\u0131, eczaneler, depolar, restorantlar, seralar, bah\u00e7eler, evler, m\u00fczeler, al\u0131\u015fveri\u015f merkezleri.<\/div>\n<div>\n\t\u2022 Ayn\u0131 anda s\u0131cakl\u0131k, nem, tarih ve zaman g\u00f6stergeleri<\/div>\n<div>\n\t\u2022 \u00d6l\u00e7\u00fcm aral\u0131\u011f\u0131: 10s<\/div>\n<div>\n\t\u2022 Melodili alarm foksiyonu<\/div>\n<table>\n<tr>\n<td>Nem (RH)<\/td>\n<td>\u00d6l\u00e7\u00fcm aral\u0131\u011f\u0131 : 10% ~ 99% \u00c7\u00f6z\u00fcn\u00fcrl\u00fck :1%   Hassasiyet : \u00b15%<\/td>\n<\/tr>\n<tr>\n<td>Temperature<\/td>\n<td>\u00d6l\u00e7\u00fcm aral\u0131\u011f\u0131 : -10\u02daC ~ 50\u02daC \u00c7\u00f6z\u00fcn\u00fcrl\u00fck : 0.1\u02daC  Hassasiyet :\u00b11\u02daC<\/td>\n<\/tr>\n<tr>\n<td>Nem\/S\u0131cakl\u0131k G\u00f6stergesi<\/td>\n<td>\u221a<\/td>\n<\/tr>\n<tr>\n<td>Tarih&#038;zaman g\u00f6stergesi<\/td>\n<td>\u221a<\/td>\n<\/tr>\n<tr>\n<td>Alarm Fonksiyonu<\/td>\n<td>\u221a<\/td>\n<\/tr>\n<tr>\n<td>\u02daC\/\u02daF se\u00e7imi<\/td>\n<td>\u221a<\/td>\n<\/tr>\n<\/table>\n","protected":false},"excerpt":{"rendered":"<div>\n\t<strong>KULLANIM ALANLARI :<\/strong> Laboratuarlar, ofi sler, hoteller, okullar, fabrikalar, toplant\u0131 odalar\u0131, hava alanlar\u0131, eczaneler, depolar, restorantlar, seralar, bah\u00e7eler, evler, m\u00fczeler, al\u0131\u015fveri\u015f merkezleri.<\/div>\n<div>\n\t\u2022 Ayn\u0131 anda s\u0131cakl\u0131k, nem, tarih ve zaman g\u00f6stergeleri<\/div>\n<div>\n\t\u2022 \u00d6l\u00e7\u00fcm aral\u0131\u011f\u0131: 10s<\/div>\n<div>\n\t\u2022 Melodili alarm foksiyonu<\/div>\n","protected":false},"featured_media":18130,"comment_status":"open","ping_status":"closed","template":"","meta":{"_acf_changed":false},"product_brand":[1531],"product_cat":[1226],"product_tag":[],"class_list":{"0":"post-18131","1":"product","2":"type-product","3":"status-publish","4":"has-post-thumbnail","6":"product_brand-uni-t","7":"product_cat-sicaklik-ve-nem-olcerler","9":"first","10":"instock","11":"taxable","12":"shipping-taxable","13":"purchasable","14":"product-type-simple","15":"add-to-wishlist-after_add_to_cart"},"acf":[],"_links":{"self":[{"href":"https:\/\/www.makitamarket.com.tr\/site\/wp-json\/wp\/v2\/product\/18131","targetHints":{"allow":["GET"]}}],"collection":[{"href":"https:\/\/www.makitamarket.com.tr\/site\/wp-json\/wp\/v2\/product"}],"about":[{"href":"https:\/\/www.makitamarket.com.tr\/site\/wp-json\/wp\/v2\/types\/product"}],"replies":[{"embeddable":true,"href":"https:\/\/www.makitamarket.com.tr\/site\/wp-json\/wp\/v2\/comments?post=18131"}],"wp:featuredmedia":[{"embeddable":true,"href":"https:\/\/www.makitamarket.com.tr\/site\/wp-json\/wp\/v2\/media\/18130"}],"wp:attachment":[{"href":"https:\/\/www.makitamarket.com.tr\/site\/wp-json\/wp\/v2\/media?parent=18131"}],"wp:term":[{"taxonomy":"product_brand","embeddable":true,"href":"https:\/\/www.makitamarket.com.tr\/site\/wp-json\/wp\/v2\/product_brand?post=18131"},{"taxonomy":"product_cat","embeddable":true,"href":"https:\/\/www.makitamarket.com.tr\/site\/wp-json\/wp\/v2\/product_cat?post=18131"},{"taxonomy":"product_tag","embeddable":true,"href":"https:\/\/www.makitamarket.com.tr\/site\/wp-json\/wp\/v2\/product_tag?post=18131"}],"curies":[{"name":"wp","href":"https:\/\/api.w.org\/{rel}","templated":true}]}}