{"id":18150,"date":"2024-11-28T20:12:47","date_gmt":"2024-11-28T17:12:47","guid":{"rendered":"https:\/\/www.makitamarket.com.tr\/site\/urun\/lightorch-ledli-portatif-el-feneri\/"},"modified":"2026-04-06T16:15:50","modified_gmt":"2026-04-06T13:15:50","slug":"lightorch-ledli-portatif-el-feneri","status":"publish","type":"product","link":"https:\/\/www.makitamarket.com.tr\/site\/urun\/lightorch-ledli-portatif-el-feneri\/","title":{"rendered":"Lightorch LT03088 LEDL\u0130 PORTAT\u0130F EL FENER\u0130"},"content":{"rendered":"<table>\n<tr>\n<td>Ayd\u0131nlatma \u015eiddeti<\/td>\n<td>200-400 L\u00fcmen<\/td>\n<\/tr>\n<tr>\n<td>Ayd\u0131nlatma Mesafesi<\/td>\n<td>15,30 Metre<\/td>\n<\/tr>\n<tr>\n<td>Tam Dolu Pille Kullan\u0131m<\/td>\n<td>4,2 Saat<\/td>\n<\/tr>\n<tr>\n<td>Batarya<\/td>\n<td>3 AAA Pil<\/td>\n<\/tr>\n<tr>\n<td>G\u00f6vde Uzunlu\u011fu<\/td>\n<td>12,5 cm<\/td>\n<\/tr>\n<tr>\n<td>Paket \u0130\u00e7i Adedi<\/td>\n<td>1<\/td>\n<\/tr>\n<tr>\n<td>Koli \u0130\u00e7i Adedi<\/td>\n<td>4<\/td>\n<\/tr>\n<\/table>\n","protected":false},"excerpt":{"rendered":"<p>Ayd\u0131nlatma \u015eiddeti 200-400 L\u00fcmen Ayd\u0131nlatma Mesafesi 15,30 Metre Tam Dolu Pille Kullan\u0131m 4,2 Saat Batarya 3 AAA Pil G\u00f6vde Uzunlu\u011fu 12,5 cm Paket \u0130\u00e7i Adedi 1 Koli \u0130\u00e7i Adedi 4<\/p>\n","protected":false},"featured_media":18149,"comment_status":"open","ping_status":"closed","template":"","meta":{"_acf_changed":false},"product_brand":[1556],"product_cat":[1348],"product_tag":[],"class_list":{"0":"post-18150","1":"product","2":"type-product","3":"status-publish","4":"has-post-thumbnail","6":"product_brand-lightorch","7":"product_cat-pilli-el-fenerleri","9":"first","10":"instock","11":"taxable","12":"shipping-taxable","13":"purchasable","14":"product-type-simple","15":"add-to-wishlist-after_add_to_cart"},"acf":[],"_links":{"self":[{"href":"https:\/\/www.makitamarket.com.tr\/site\/wp-json\/wp\/v2\/product\/18150","targetHints":{"allow":["GET"]}}],"collection":[{"href":"https:\/\/www.makitamarket.com.tr\/site\/wp-json\/wp\/v2\/product"}],"about":[{"href":"https:\/\/www.makitamarket.com.tr\/site\/wp-json\/wp\/v2\/types\/product"}],"replies":[{"embeddable":true,"href":"https:\/\/www.makitamarket.com.tr\/site\/wp-json\/wp\/v2\/comments?post=18150"}],"wp:featuredmedia":[{"embeddable":true,"href":"https:\/\/www.makitamarket.com.tr\/site\/wp-json\/wp\/v2\/media\/18149"}],"wp:attachment":[{"href":"https:\/\/www.makitamarket.com.tr\/site\/wp-json\/wp\/v2\/media?parent=18150"}],"wp:term":[{"taxonomy":"product_brand","embeddable":true,"href":"https:\/\/www.makitamarket.com.tr\/site\/wp-json\/wp\/v2\/product_brand?post=18150"},{"taxonomy":"product_cat","embeddable":true,"href":"https:\/\/www.makitamarket.com.tr\/site\/wp-json\/wp\/v2\/product_cat?post=18150"},{"taxonomy":"product_tag","embeddable":true,"href":"https:\/\/www.makitamarket.com.tr\/site\/wp-json\/wp\/v2\/product_tag?post=18150"}],"curies":[{"name":"wp","href":"https:\/\/api.w.org\/{rel}","templated":true}]}}