{"id":18157,"date":"2024-11-28T20:12:50","date_gmt":"2024-11-28T17:12:50","guid":{"rendered":"https:\/\/www.makitamarket.com.tr\/site\/urun\/proxxon-rbs-a-icin-zimpara-kayisi-240-kum-4-lu\/"},"modified":"2026-04-13T22:07:36","modified_gmt":"2026-04-13T19:07:36","slug":"proxxon-rbs-a-icin-zimpara-kayisi-240-kum-4-lu","status":"publish","type":"product","link":"https:\/\/www.makitamarket.com.tr\/site\/urun\/proxxon-rbs-a-icin-zimpara-kayisi-240-kum-4-lu\/","title":{"rendered":"Proxxon 28576 RBS\/A \u0130\u00c7\u0130N ZIMPARA KAYI\u015eI 240 KUM 4 L\u00dc"},"content":{"rendered":"<table>\n<tr>\n<td>\u00d6zellik<\/td>\n<td>Sadece RBS\/a i\u00e7in uygundur.<\/td>\n<\/tr>\n<tr>\n<td>Kum<\/td>\n<td>240 kum<\/td>\n<\/tr>\n<\/table>\n","protected":false},"excerpt":{"rendered":"<p>\u00d6zellik Sadece RBS\/a i\u00e7in uygundur. Kum 240 kum<\/p>\n","protected":false},"featured_media":18156,"comment_status":"open","ping_status":"closed","template":"","meta":{"_acf_changed":false},"product_brand":[1501],"product_cat":[1565],"product_tag":[],"class_list":{"0":"post-18157","1":"product","2":"type-product","3":"status-publish","4":"has-post-thumbnail","6":"product_brand-proxxon","7":"product_cat-yok-yok","9":"first","10":"outofstock","11":"taxable","12":"shipping-taxable","13":"purchasable","14":"product-type-simple","15":"add-to-wishlist-after_add_to_cart"},"acf":[],"_links":{"self":[{"href":"https:\/\/www.makitamarket.com.tr\/site\/wp-json\/wp\/v2\/product\/18157","targetHints":{"allow":["GET"]}}],"collection":[{"href":"https:\/\/www.makitamarket.com.tr\/site\/wp-json\/wp\/v2\/product"}],"about":[{"href":"https:\/\/www.makitamarket.com.tr\/site\/wp-json\/wp\/v2\/types\/product"}],"replies":[{"embeddable":true,"href":"https:\/\/www.makitamarket.com.tr\/site\/wp-json\/wp\/v2\/comments?post=18157"}],"wp:featuredmedia":[{"embeddable":true,"href":"https:\/\/www.makitamarket.com.tr\/site\/wp-json\/wp\/v2\/media\/18156"}],"wp:attachment":[{"href":"https:\/\/www.makitamarket.com.tr\/site\/wp-json\/wp\/v2\/media?parent=18157"}],"wp:term":[{"taxonomy":"product_brand","embeddable":true,"href":"https:\/\/www.makitamarket.com.tr\/site\/wp-json\/wp\/v2\/product_brand?post=18157"},{"taxonomy":"product_cat","embeddable":true,"href":"https:\/\/www.makitamarket.com.tr\/site\/wp-json\/wp\/v2\/product_cat?post=18157"},{"taxonomy":"product_tag","embeddable":true,"href":"https:\/\/www.makitamarket.com.tr\/site\/wp-json\/wp\/v2\/product_tag?post=18157"}],"curies":[{"name":"wp","href":"https:\/\/api.w.org\/{rel}","templated":true}]}}