{"id":18163,"date":"2024-11-28T20:12:52","date_gmt":"2024-11-28T17:12:52","guid":{"rendered":"https:\/\/www.makitamarket.com.tr\/site\/urun\/makita-surekli-tip-elmas-testere-200-mm\/"},"modified":"2026-03-30T10:01:25","modified_gmt":"2026-03-30T07:01:25","slug":"makita-surekli-tip-elmas-testere-200-mm","status":"publish","type":"product","link":"https:\/\/www.makitamarket.com.tr\/site\/urun\/makita-surekli-tip-elmas-testere-200-mm\/","title":{"rendered":"Makita D-61195 S\u00dcREKL\u0130 T\u0130P ELMAS TESTERE 200 mm"},"content":{"rendered":"<p>\n\t<strong>S\u00fcrekli Tip :<\/strong> Testere g\u00f6vdesi etraf\u0131nda ayn\u0131 kal\u0131nl\u0131kta elmas tabakas\u0131 vard\u0131r. En sert malzeme kesiminde bile temiz y\u00fczey elde edilir. Segmanl\u0131 tip testere kadar h\u0131zl\u0131 de\u011fildir.<\/p>\n<p>\n\t*D-61195 ve D-61204 kodlu modeller sulu kullan\u0131ma uygundur.<\/p>\n<table border=\"1\" cellpadding=\"1\" cellspacing=\"1\" height=\"63\" width=\"266\">\n<tbody>\n<tr>\n<td colspan=\"7\" style=\"text-align: center;\">\n\t\t\t\t<strong>KULLANIM GRUPLARI<br \/>\n\t\t\t\t<\/strong><\/td>\n<\/tr>\n<tr>\n<td style=\"text-align: center; width: 35px;\">\n\t\t\t\t1<\/td>\n<td style=\"text-align: center; width: 35px;\">\n\t\t\t\t2<\/td>\n<td style=\"text-align: center; width: 35px;\">\n\t\t\t\t3<\/td>\n<td style=\"text-align: center; width: 35px;\">\n\t\t\t\t4<\/td>\n<td style=\"text-align: center; width: 35px;\">\n\t\t\t\t5<\/td>\n<td style=\"text-align: center; width: 35px;\">\n\t\t\t\t6<\/td>\n<td style=\"text-align: center; width: 35px;\">\n\t\t\t\t7<\/td>\n<\/tr>\n<tr>\n<td style=\"text-align: center; width: 35px;\">\n\t\t\t\t&#8211;<\/td>\n<td style=\"text-align: center; width: 35px;\">\n\t\t\t\t&#8211;<\/td>\n<td style=\"text-align: center; width: 35px;\">\n\t\t\t\t&#8211;<\/td>\n<td style=\"text-align: center; width: 35px;\">\n\t\t\t\t&#8211;<\/td>\n<td style=\"text-align: center; width: 35px;\">\n\t\t\t\t&#8211;<\/td>\n<td style=\"text-align: center; width: 35px;\">\n\t\t\t\tAA<\/td>\n<td style=\"text-align: center; width: 35px;\">\n\t\t\t\t&#8211;<\/td>\n<\/tr>\n<\/tbody>\n<\/table>\n<table>\n<tr>\n<td>Testere \u00e7ap\u0131<\/td>\n<td>200 mm<\/td>\n<\/tr>\n<tr>\n<td>Elmas Kal\u0131nl\u0131\u011f\u0131<\/td>\n<td>1.9 mm<\/td>\n<\/tr>\n<tr>\n<td>Elmas Y\u00fcksekli\u011fi<\/td>\n<td>5.0 mm<\/td>\n<\/tr>\n<tr>\n<td>G\u00f6bek \u00e7ap\u0131<\/td>\n<td>25.4 mm<\/td>\n<\/tr>\n<tr>\n<td>\u00dcr\u00fcn Rengi<\/td>\n<td>Beyaz<\/td>\n<\/tr>\n<\/table>\n","protected":false},"excerpt":{"rendered":"<p>\n\t<strong>S\u00fcrekli Tip :<\/strong> Testere g\u00f6vdesi etraf\u0131nda ayn\u0131 kal\u0131nl\u0131kta elmas tabakas\u0131 vard\u0131r. En sert malzeme kesiminde bile temiz y\u00fczey elde edilir. Segmanl\u0131 tip testere kadar h\u0131zl\u0131 de\u011fildir.<\/p>\n<p>\n\t*D-61195 ve D-61204 kodlu modeller sulu kullan\u0131ma uygundur.<\/p>\n<table border=\"1\" cellpadding=\"1\" cellspacing=\"1\" height=\"63\" width=\"266\">\n<tbody>\n<tr>\n<td colspan=\"7\" style=\"text-align: center;\">\n\t\t\t\t<strong>KULLANIM GRUPLARI<br \/>\n\t\t\t\t<\/strong><\/td>\n<\/tr>\n<tr>\n<td style=\"text-align: center; width: 35px;\">\n\t\t\t\t1<\/td>\n<td style=\"text-align: center; width: 35px;\">\n\t\t\t\t2<\/td>\n<td style=\"text-align: center; width: 35px;\">\n\t\t\t\t3<\/td>\n<td style=\"text-align: center; width: 35px;\">\n\t\t\t\t4<\/td>\n<td style=\"text-align: center; width: 35px;\">\n\t\t\t\t5<\/td>\n<td style=\"text-align: center; width: 35px;\">\n\t\t\t\t6<\/td>\n<td style=\"text-align: center; width: 35px;\">\n\t\t\t\t7<\/td>\n<\/tr>\n<tr>\n<td style=\"text-align: center; width: 35px;\">\n\t\t\t\t&#8211;<\/td>\n<td style=\"text-align: center; width: 35px;\">\n\t\t\t\t&#8211;<\/td>\n<td style=\"text-align: center; width: 35px;\">\n\t\t\t\t&#8211;<\/td>\n<td style=\"text-align: center; width: 35px;\">\n\t\t\t\t&#8211;<\/td>\n<td style=\"text-align: center; width: 35px;\">\n\t\t\t\t&#8211;<\/td>\n<td style=\"text-align: center; width: 35px;\">\n\t\t\t\tAA<\/td>\n<td style=\"text-align: center; width: 35px;\">\n\t\t\t\t&#8211;<\/td>\n<\/tr>\n<\/tbody>\n<\/table>\n","protected":false},"featured_media":18162,"comment_status":"open","ping_status":"closed","template":"","meta":{"_acf_changed":false},"product_brand":[1485],"product_cat":[1118],"product_tag":[],"class_list":{"0":"post-18163","1":"product","2":"type-product","3":"status-publish","4":"has-post-thumbnail","6":"product_brand-makita","7":"product_cat-200-230-250mm-testereler","9":"first","10":"instock","11":"taxable","12":"shipping-taxable","13":"purchasable","14":"product-type-simple","15":"add-to-wishlist-after_add_to_cart"},"acf":[],"_links":{"self":[{"href":"https:\/\/www.makitamarket.com.tr\/site\/wp-json\/wp\/v2\/product\/18163","targetHints":{"allow":["GET"]}}],"collection":[{"href":"https:\/\/www.makitamarket.com.tr\/site\/wp-json\/wp\/v2\/product"}],"about":[{"href":"https:\/\/www.makitamarket.com.tr\/site\/wp-json\/wp\/v2\/types\/product"}],"replies":[{"embeddable":true,"href":"https:\/\/www.makitamarket.com.tr\/site\/wp-json\/wp\/v2\/comments?post=18163"}],"wp:featuredmedia":[{"embeddable":true,"href":"https:\/\/www.makitamarket.com.tr\/site\/wp-json\/wp\/v2\/media\/18162"}],"wp:attachment":[{"href":"https:\/\/www.makitamarket.com.tr\/site\/wp-json\/wp\/v2\/media?parent=18163"}],"wp:term":[{"taxonomy":"product_brand","embeddable":true,"href":"https:\/\/www.makitamarket.com.tr\/site\/wp-json\/wp\/v2\/product_brand?post=18163"},{"taxonomy":"product_cat","embeddable":true,"href":"https:\/\/www.makitamarket.com.tr\/site\/wp-json\/wp\/v2\/product_cat?post=18163"},{"taxonomy":"product_tag","embeddable":true,"href":"https:\/\/www.makitamarket.com.tr\/site\/wp-json\/wp\/v2\/product_tag?post=18163"}],"curies":[{"name":"wp","href":"https:\/\/api.w.org\/{rel}","templated":true}]}}