{"id":18178,"date":"2024-11-28T20:13:01","date_gmt":"2024-11-28T17:13:01","guid":{"rendered":"https:\/\/www.makitamarket.com.tr\/site\/urun\/makita-impact-gold-vidalama-ucu-50-mm\/"},"modified":"2026-04-06T17:44:55","modified_gmt":"2026-04-06T14:44:55","slug":"makita-impact-gold-vidalama-ucu-50-mm","status":"publish","type":"product","link":"https:\/\/www.makitamarket.com.tr\/site\/urun\/makita-impact-gold-vidalama-ucu-50-mm\/","title":{"rendered":"Makita B-28949 IMPACT GOLD V\u0130DALAMA UCU 50 mm"},"content":{"rendered":"<p>\n\t\u00a0<\/p>\n<table border=\"1\" cellpadding=\"1\" cellspacing=\"1\" height=\"54\" width=\"392\">\n<tbody>\n<tr>\n<td style=\"text-align: center;\">\n\t\t\t\t<span style=\"font-size:14px;\"><span style=\"font-family:tahoma,geneva,sans-serif;\"><strong>KOD<br \/>\n\t\t\t\t<\/strong><\/span><\/span><\/td>\n<td style=\"text-align: center;\">\n\t\t\t\t<span style=\"font-size:14px;\"><span style=\"font-family:tahoma,geneva,sans-serif;\"><strong><br \/>\n\t\t\t\t<\/strong><\/span><\/span><\/td>\n<td style=\"text-align: center;\">\n\t\t\t\t<span style=\"font-size:14px;\"><span style=\"font-family:tahoma,geneva,sans-serif;\"><strong>\u00d6L\u00c7\u00dcLER<br \/>\n\t\t\t\t<\/strong><\/span><\/span><\/td>\n<td style=\"text-align: center;\">\n\t\t\t\t<span style=\"font-size:14px;\"><span style=\"font-family:tahoma,geneva,sans-serif;\"><strong>UZUNLUK<br \/>\n\t\t\t\t<\/strong><\/span><\/span><\/td>\n<\/tr>\n<tr>\n<td style=\"text-align: center;\">\n\t\t\t\t<strong>B-28949<br \/>\n\t\t\t\t<\/strong><\/td>\n<td style=\"text-align: center;\">\n\t\t\t\t<img loading=\"lazy\" decoding=\"async\" alt=\"\" height=\"22\" src=\"\/images\/stories\/yildiz.png\" width=\"22\" \/><\/td>\n<td style=\"text-align: center;\">\n\t\t\t\tT25<\/td>\n<td style=\"text-align: center;\">\n\t\t\t\t50 mm<\/td>\n<\/tr>\n<\/tbody>\n<\/table>\n<table>\n<tr>\n<td>\u00d6l\u00e7\u00fcler<\/td>\n<td>T25<\/td>\n<\/tr>\n<tr>\n<td>Uzunluk<\/td>\n<td>50<\/td>\n<\/tr>\n<\/table>\n","protected":false},"excerpt":{"rendered":"<p>\n\t\u00a0<\/p>\n<table border=\"1\" cellpadding=\"1\" cellspacing=\"1\" height=\"54\" width=\"392\">\n<tbody>\n<tr>\n<td style=\"text-align: center;\">\n\t\t\t\t<span style=\"font-size:14px;\"><span style=\"font-family:tahoma,geneva,sans-serif;\"><strong>KOD<br \/>\n\t\t\t\t<\/strong><\/span><\/span><\/td>\n<td style=\"text-align: center;\">\n\t\t\t\t<span style=\"font-size:14px;\"><span style=\"font-family:tahoma,geneva,sans-serif;\"><strong><br \/>\n\t\t\t\t<\/strong><\/span><\/span><\/td>\n<td style=\"text-align: center;\">\n\t\t\t\t<span style=\"font-size:14px;\"><span style=\"font-family:tahoma,geneva,sans-serif;\"><strong>\u00d6L\u00c7\u00dcLER<br \/>\n\t\t\t\t<\/strong><\/span><\/span><\/td>\n<td style=\"text-align: center;\">\n\t\t\t\t<span style=\"font-size:14px;\"><span style=\"font-family:tahoma,geneva,sans-serif;\"><strong>UZUNLUK<br \/>\n\t\t\t\t<\/strong><\/span><\/span><\/td>\n<\/tr>\n<tr>\n<td style=\"text-align: center;\">\n\t\t\t\t<strong>B-28949<br \/>\n\t\t\t\t<\/strong><\/td>\n<td style=\"text-align: center;\">\n\t\t\t\t<img loading=\"lazy\" decoding=\"async\" alt=\"\" height=\"22\" src=\"\/images\/stories\/yildiz.png\" width=\"22\" \/><\/td>\n<td style=\"text-align: center;\">\n\t\t\t\tT25<\/td>\n<td style=\"text-align: center;\">\n\t\t\t\t50 mm<\/td>\n<\/tr>\n<\/tbody>\n<\/table>\n","protected":false},"featured_media":21585,"comment_status":"open","ping_status":"closed","template":"","meta":{"_acf_changed":false},"product_brand":[1485],"product_cat":[1408],"product_tag":[],"class_list":{"0":"post-18178","1":"product","2":"type-product","3":"status-publish","4":"has-post-thumbnail","6":"product_brand-makita","7":"product_cat-impact-gold-vidalama-uclari","9":"first","10":"instock","11":"taxable","12":"shipping-taxable","13":"purchasable","14":"product-type-simple","15":"add-to-wishlist-after_add_to_cart"},"acf":[],"_links":{"self":[{"href":"https:\/\/www.makitamarket.com.tr\/site\/wp-json\/wp\/v2\/product\/18178","targetHints":{"allow":["GET"]}}],"collection":[{"href":"https:\/\/www.makitamarket.com.tr\/site\/wp-json\/wp\/v2\/product"}],"about":[{"href":"https:\/\/www.makitamarket.com.tr\/site\/wp-json\/wp\/v2\/types\/product"}],"replies":[{"embeddable":true,"href":"https:\/\/www.makitamarket.com.tr\/site\/wp-json\/wp\/v2\/comments?post=18178"}],"wp:featuredmedia":[{"embeddable":true,"href":"https:\/\/www.makitamarket.com.tr\/site\/wp-json\/wp\/v2\/media\/21585"}],"wp:attachment":[{"href":"https:\/\/www.makitamarket.com.tr\/site\/wp-json\/wp\/v2\/media?parent=18178"}],"wp:term":[{"taxonomy":"product_brand","embeddable":true,"href":"https:\/\/www.makitamarket.com.tr\/site\/wp-json\/wp\/v2\/product_brand?post=18178"},{"taxonomy":"product_cat","embeddable":true,"href":"https:\/\/www.makitamarket.com.tr\/site\/wp-json\/wp\/v2\/product_cat?post=18178"},{"taxonomy":"product_tag","embeddable":true,"href":"https:\/\/www.makitamarket.com.tr\/site\/wp-json\/wp\/v2\/product_tag?post=18178"}],"curies":[{"name":"wp","href":"https:\/\/api.w.org\/{rel}","templated":true}]}}