{"id":18185,"date":"2024-11-28T20:13:03","date_gmt":"2024-11-28T17:13:03","guid":{"rendered":"https:\/\/www.makitamarket.com.tr\/site\/urun\/knipex-vde-pozidriv-uclu-tornavida-212-mm\/"},"modified":"2026-03-30T10:01:30","modified_gmt":"2026-03-30T07:01:30","slug":"knipex-vde-pozidriv-uclu-tornavida-212-mm","status":"publish","type":"product","link":"https:\/\/www.makitamarket.com.tr\/site\/urun\/knipex-vde-pozidriv-uclu-tornavida-212-mm\/","title":{"rendered":"Knipex 982502 VDE POZ\u0130DR\u0130V U\u00c7LU TORNAV\u0130DA 212 mm"},"content":{"rendered":"<p><b>98 25 02 Y\u0131ld\u0131z C\u0131vata Tornavidas\u0131<\/b><br \/>Kuvvetin yorulmadan ve ele zarar vermeden aktar\u0131lmas\u0131 i\u00e7in 2 komponentli ergonomik sap. Elde kaymay\u0131 engelleyici sap yaps\u0131. Pozidriv\u00ae Tescilli markas\u0131d\u0131r European Ind. Serv. Ltd <\/p>\n<li><b>\u00d6l\u00e7\u00fc: <\/b>PZ2<\/li>\n<li><b>S\u00fcng\u00fc Uzunlu\u011fu: <\/b>100 mm<\/li>\n<li><b>Sap uzunlu\u011fu: <\/b>112 mm<\/li>\n<li><b>B\u0131\u00e7ak \u00d8: <\/b>6,0 mm<\/li>\n<li><b>\u0130zolesiz s\u00fcng\u00fc uzunlu\u011fu: <\/b>18 mm<\/li>\n<li><b>VDE onayl\u0131: <\/b>evet \u00a0<\/li>\n<table>\n<tr>\n<td>Uzunluk<\/td>\n<td>212<\/td>\n<\/tr>\n<tr>\n<td>\u00d6l\u00e7\u00fcler<\/td>\n<td>PZ 2<\/td>\n<\/tr>\n<tr>\n<td>U\u00e7 uzunlu\u011fu<\/td>\n<td>100 mm<\/td>\n<\/tr>\n<tr>\n<td>Sap Uzunlu\u011fu<\/td>\n<td>112 mm<\/td>\n<\/tr>\n<tr>\n<td>A\u011f\u0131rl\u0131k<\/td>\n<td>94 gr<\/td>\n<\/tr>\n<\/table>\n","protected":false},"excerpt":{"rendered":"<p><b>98 25 02 Y\u0131ld\u0131z C\u0131vata Tornavidas\u0131<\/b><br \/>Kuvvetin yorulmadan ve ele zarar vermeden aktar\u0131lmas\u0131 i\u00e7in 2 komponentli ergonomik sap. Elde kaymay\u0131 engelleyici sap yaps\u0131. Pozidriv\u00ae Tescilli markas\u0131d\u0131r European Ind. Serv. Ltd <\/p>\n<li><b>\u00d6l\u00e7\u00fc: <\/b>PZ2<\/li>\n<li><b>S\u00fcng\u00fc Uzunlu\u011fu: <\/b>100 mm<\/li>\n<li><b>Sap uzunlu\u011fu: <\/b>112 mm<\/li>\n<li><b>B\u0131\u00e7ak \u00d8: <\/b>6,0 mm<\/li>\n<li><b>\u0130zolesiz s\u00fcng\u00fc uzunlu\u011fu: <\/b>18 mm<\/li>\n<li><b>VDE onayl\u0131: <\/b>evet \u00a0<\/li>\n","protected":false},"featured_media":0,"comment_status":"open","ping_status":"closed","template":"","meta":{"_acf_changed":false},"product_brand":[1486],"product_cat":[794],"product_tag":[],"class_list":{"0":"post-18185","1":"product","2":"type-product","3":"status-publish","5":"product_brand-knipex","6":"product_cat-izoleli-tornavidalar","8":"first","9":"outofstock","10":"taxable","11":"shipping-taxable","12":"purchasable","13":"product-type-simple","14":"add-to-wishlist-after_add_to_cart"},"acf":[],"_links":{"self":[{"href":"https:\/\/www.makitamarket.com.tr\/site\/wp-json\/wp\/v2\/product\/18185","targetHints":{"allow":["GET"]}}],"collection":[{"href":"https:\/\/www.makitamarket.com.tr\/site\/wp-json\/wp\/v2\/product"}],"about":[{"href":"https:\/\/www.makitamarket.com.tr\/site\/wp-json\/wp\/v2\/types\/product"}],"replies":[{"embeddable":true,"href":"https:\/\/www.makitamarket.com.tr\/site\/wp-json\/wp\/v2\/comments?post=18185"}],"wp:attachment":[{"href":"https:\/\/www.makitamarket.com.tr\/site\/wp-json\/wp\/v2\/media?parent=18185"}],"wp:term":[{"taxonomy":"product_brand","embeddable":true,"href":"https:\/\/www.makitamarket.com.tr\/site\/wp-json\/wp\/v2\/product_brand?post=18185"},{"taxonomy":"product_cat","embeddable":true,"href":"https:\/\/www.makitamarket.com.tr\/site\/wp-json\/wp\/v2\/product_cat?post=18185"},{"taxonomy":"product_tag","embeddable":true,"href":"https:\/\/www.makitamarket.com.tr\/site\/wp-json\/wp\/v2\/product_tag?post=18185"}],"curies":[{"name":"wp","href":"https:\/\/api.w.org\/{rel}","templated":true}]}}