{"id":18207,"date":"2024-11-28T20:13:10","date_gmt":"2024-11-28T17:13:10","guid":{"rendered":"https:\/\/www.makitamarket.com.tr\/site\/urun\/makita-karistirici-135-mm\/"},"modified":"2026-04-06T16:16:57","modified_gmt":"2026-04-06T13:16:57","slug":"makita-karistirici-135-mm","status":"publish","type":"product","link":"https:\/\/www.makitamarket.com.tr\/site\/urun\/makita-karistirici-135-mm\/","title":{"rendered":"Makita A-43723 KARI\u015eTIRICI 135 mm"},"content":{"rendered":"<table>\n<tr>\n<td>Mil \u00c7ap\u0131<\/td>\n<td>12 mm<\/td>\n<\/tr>\n<tr>\n<td>\u00c7ap<\/td>\n<td>135<\/td>\n<\/tr>\n<tr>\n<td>Kapasite<\/td>\n<td>16 kg&#8217;a kadar<\/td>\n<\/tr>\n<\/table>\n","protected":false},"excerpt":{"rendered":"<p>Mil \u00c7ap\u0131 12 mm \u00c7ap 135 Kapasite 16 kg&#8217;a kadar<\/p>\n","protected":false},"featured_media":18206,"comment_status":"open","ping_status":"closed","template":"","meta":{"_acf_changed":false},"product_brand":[1485],"product_cat":[1225],"product_tag":[],"class_list":{"0":"post-18207","1":"product","2":"type-product","3":"status-publish","4":"has-post-thumbnail","6":"product_brand-makita","7":"product_cat-12-mil-capli-uclar","9":"first","10":"instock","11":"taxable","12":"shipping-taxable","13":"purchasable","14":"product-type-simple","15":"add-to-wishlist-after_add_to_cart"},"acf":[],"_links":{"self":[{"href":"https:\/\/www.makitamarket.com.tr\/site\/wp-json\/wp\/v2\/product\/18207","targetHints":{"allow":["GET"]}}],"collection":[{"href":"https:\/\/www.makitamarket.com.tr\/site\/wp-json\/wp\/v2\/product"}],"about":[{"href":"https:\/\/www.makitamarket.com.tr\/site\/wp-json\/wp\/v2\/types\/product"}],"replies":[{"embeddable":true,"href":"https:\/\/www.makitamarket.com.tr\/site\/wp-json\/wp\/v2\/comments?post=18207"}],"wp:featuredmedia":[{"embeddable":true,"href":"https:\/\/www.makitamarket.com.tr\/site\/wp-json\/wp\/v2\/media\/18206"}],"wp:attachment":[{"href":"https:\/\/www.makitamarket.com.tr\/site\/wp-json\/wp\/v2\/media?parent=18207"}],"wp:term":[{"taxonomy":"product_brand","embeddable":true,"href":"https:\/\/www.makitamarket.com.tr\/site\/wp-json\/wp\/v2\/product_brand?post=18207"},{"taxonomy":"product_cat","embeddable":true,"href":"https:\/\/www.makitamarket.com.tr\/site\/wp-json\/wp\/v2\/product_cat?post=18207"},{"taxonomy":"product_tag","embeddable":true,"href":"https:\/\/www.makitamarket.com.tr\/site\/wp-json\/wp\/v2\/product_tag?post=18207"}],"curies":[{"name":"wp","href":"https:\/\/api.w.org\/{rel}","templated":true}]}}