{"id":18215,"date":"2024-11-28T20:13:12","date_gmt":"2024-11-28T17:13:12","guid":{"rendered":"https:\/\/www.makitamarket.com.tr\/site\/urun\/proscr-vida-sokme-seti\/"},"modified":"2026-04-06T16:17:01","modified_gmt":"2026-04-06T13:17:01","slug":"proscr-vida-sokme-seti","status":"publish","type":"product","link":"https:\/\/www.makitamarket.com.tr\/site\/urun\/proscr-vida-sokme-seti\/","title":{"rendered":"Proscr SCR03395 V\u0130DA S\u00d6KME SET\u0130"},"content":{"rendered":"<table>\n<tr>\n<td>Set \u0130\u00e7eri\u011fi<\/td>\n<td>5 adet HSS + PH1, PH2 + PZ2 SL3, SL4 H\u0131zl\u0131 De\u011fi\u015ftirme Bits Adapt\u00f6r\u00fc<\/td>\n<\/tr>\n<tr>\n<td>Koli \u0130\u00e7i Adedi<\/td>\n<td>100 Ad.<\/td>\n<\/tr>\n<\/table>\n","protected":false},"excerpt":{"rendered":"<p>Set \u0130\u00e7eri\u011fi 5 adet HSS + PH1, PH2 + PZ2 SL3, SL4 H\u0131zl\u0131 De\u011fi\u015ftirme Bits Adapt\u00f6r\u00fc Koli \u0130\u00e7i Adedi 100 Ad.<\/p>\n","protected":false},"featured_media":18214,"comment_status":"open","ping_status":"closed","template":"","meta":{"_acf_changed":false},"product_brand":[1523],"product_cat":[1129],"product_tag":[],"class_list":{"0":"post-18215","1":"product","2":"type-product","3":"status-publish","4":"has-post-thumbnail","6":"product_brand-proscr","7":"product_cat-takim-set-tornavidalar","9":"first","10":"instock","11":"taxable","12":"shipping-taxable","13":"purchasable","14":"product-type-simple","15":"add-to-wishlist-after_add_to_cart"},"acf":[],"_links":{"self":[{"href":"https:\/\/www.makitamarket.com.tr\/site\/wp-json\/wp\/v2\/product\/18215","targetHints":{"allow":["GET"]}}],"collection":[{"href":"https:\/\/www.makitamarket.com.tr\/site\/wp-json\/wp\/v2\/product"}],"about":[{"href":"https:\/\/www.makitamarket.com.tr\/site\/wp-json\/wp\/v2\/types\/product"}],"replies":[{"embeddable":true,"href":"https:\/\/www.makitamarket.com.tr\/site\/wp-json\/wp\/v2\/comments?post=18215"}],"wp:featuredmedia":[{"embeddable":true,"href":"https:\/\/www.makitamarket.com.tr\/site\/wp-json\/wp\/v2\/media\/18214"}],"wp:attachment":[{"href":"https:\/\/www.makitamarket.com.tr\/site\/wp-json\/wp\/v2\/media?parent=18215"}],"wp:term":[{"taxonomy":"product_brand","embeddable":true,"href":"https:\/\/www.makitamarket.com.tr\/site\/wp-json\/wp\/v2\/product_brand?post=18215"},{"taxonomy":"product_cat","embeddable":true,"href":"https:\/\/www.makitamarket.com.tr\/site\/wp-json\/wp\/v2\/product_cat?post=18215"},{"taxonomy":"product_tag","embeddable":true,"href":"https:\/\/www.makitamarket.com.tr\/site\/wp-json\/wp\/v2\/product_tag?post=18215"}],"curies":[{"name":"wp","href":"https:\/\/api.w.org\/{rel}","templated":true}]}}