{"id":18238,"date":"2024-11-28T20:13:26","date_gmt":"2024-11-28T17:13:26","guid":{"rendered":"https:\/\/www.makitamarket.com.tr\/site\/urun\/makita-cantali-17-parca-matkap-uc-seti\/"},"modified":"2026-04-06T16:17:52","modified_gmt":"2026-04-06T13:17:52","slug":"makita-cantali-17-parca-matkap-uc-seti","status":"publish","type":"product","link":"https:\/\/www.makitamarket.com.tr\/site\/urun\/makita-cantali-17-parca-matkap-uc-seti\/","title":{"rendered":"Makita D-40200 \u00c7ANTALI 17 PAR\u00c7A MATKAP U\u00c7 SET\u0130"},"content":{"rendered":"<table border=\"1\" cellpadding=\"1\" cellspacing=\"1\">\n<tbody>\n<tr>\n<td style=\"text-align: center;\">\n\t\t\t\t<strong>MODEL<br \/>\n\t\t\t\t<\/strong><\/td>\n<td style=\"text-align: center;\">\n\t\t\t\t<strong>\u00dcR\u00dcN SAYISI<br \/>\n\t\t\t\t<\/strong><\/td>\n<td style=\"text-align: center;\">\n\t\t\t\t<strong>\u00d6L\u00c7\u00dcLER<br \/>\n\t\t\t\t<\/strong><\/td>\n<\/tr>\n<tr>\n<td style=\"text-align: center;\">\n\t\t\t\tHSS-R (Metal matkap ucu)<\/td>\n<td style=\"text-align: center;\">\n\t\t\t\t4<\/td>\n<td style=\"text-align: center;\">\n\t\t\t\t3 &#8211; 4 &#8211; 5 &#8211; 6<\/td>\n<\/tr>\n<tr>\n<td style=\"text-align: center;\">\n\t\t\t\tBeton Matkap Ucu<\/td>\n<td style=\"text-align: center;\">\n\t\t\t\t4<\/td>\n<td style=\"text-align: center;\">\n\t\t\t\t4 &#8211; 5 &#8211; 6 &#8211; 8<\/td>\n<\/tr>\n<tr>\n<td style=\"text-align: center;\">\n\t\t\t\tBits U\u00e7lar (25 mm)<\/td>\n<td style=\"text-align: center;\">\n\t\t\t\t8<\/td>\n<td>\n<p style=\"text-align: center;\">\n\t\t\t\t\tPH2 &#8211; PH3 &#8211; PZ2 &#8211; PZ3<\/p>\n<p style=\"text-align: center;\">\n\t\t\t\t\tSL0.8 &#8211; SL1.2 &#8211; T20 &#8211; T25<\/p>\n<\/td>\n<\/tr>\n<tr>\n<td style=\"text-align: center;\">\n\t\t\t\tManyetik U\u00e7 Tutucu<\/td>\n<td style=\"text-align: center;\">\n\t\t\t\t1<\/td>\n<td style=\"text-align: center;\">\n\t\t\t\t60 mm<\/td>\n<\/tr>\n<\/tbody>\n<\/table>\n<p>\n\t<span id=\"result_box\" lang=\"tr\"><span><br \/>\n\t<\/span><\/span><\/p>\n<table>\n<tr>\n<td>Tip<\/td>\n<td>Makap U\u00e7lar\u0131 &#8211; \u00d6zellikler Alt K\u0131s\u0131mdad\u0131r<\/td>\n<\/tr>\n<\/table>\n","protected":false},"excerpt":{"rendered":"<table border=\"1\" cellpadding=\"1\" cellspacing=\"1\">\n<tbody>\n<tr>\n<td style=\"text-align: center;\">\n\t\t\t\t<strong>MODEL<br \/>\n\t\t\t\t<\/strong><\/td>\n<td style=\"text-align: center;\">\n\t\t\t\t<strong>\u00dcR\u00dcN SAYISI<br \/>\n\t\t\t\t<\/strong><\/td>\n<td style=\"text-align: center;\">\n\t\t\t\t<strong>\u00d6L\u00c7\u00dcLER<br \/>\n\t\t\t\t<\/strong><\/td>\n<\/tr>\n<tr>\n<td style=\"text-align: center;\">\n\t\t\t\tHSS-R (Metal matkap ucu)<\/td>\n<td style=\"text-align: center;\">\n\t\t\t\t4<\/td>\n<td style=\"text-align: center;\">\n\t\t\t\t3 &#8211; 4 &#8211; 5 &#8211; 6<\/td>\n<\/tr>\n<tr>\n<td style=\"text-align: center;\">\n\t\t\t\tBeton Matkap Ucu<\/td>\n<td style=\"text-align: center;\">\n\t\t\t\t4<\/td>\n<td style=\"text-align: center;\">\n\t\t\t\t4 &#8211; 5 &#8211; 6 &#8211; 8<\/td>\n<\/tr>\n<tr>\n<td style=\"text-align: center;\">\n\t\t\t\tBits U\u00e7lar (25 mm)<\/td>\n<td style=\"text-align: center;\">\n\t\t\t\t8<\/td>\n<td>\n<p style=\"text-align: center;\">\n\t\t\t\t\tPH2 &#8211; PH3 &#8211; PZ2 &#8211; PZ3<\/p>\n<p style=\"text-align: center;\">\n\t\t\t\t\tSL0.8 &#8211; SL1.2 &#8211; T20 &#8211; T25<\/p>\n<\/td>\n<\/tr>\n<tr>\n<td style=\"text-align: center;\">\n\t\t\t\tManyetik U\u00e7 Tutucu<\/td>\n<td style=\"text-align: center;\">\n\t\t\t\t1<\/td>\n<td style=\"text-align: center;\">\n\t\t\t\t60 mm<\/td>\n<\/tr>\n<\/tbody>\n<\/table>\n<p>\n\t<span id=\"result_box\" lang=\"tr\"><span><br \/>\n\t<\/span><\/span><\/p>\n","protected":false},"featured_media":18237,"comment_status":"open","ping_status":"closed","template":"","meta":{"_acf_changed":false},"product_brand":[1485],"product_cat":[1096],"product_tag":[],"class_list":{"0":"post-18238","1":"product","2":"type-product","3":"status-publish","4":"has-post-thumbnail","6":"product_brand-makita","7":"product_cat-ahsap-matkap-uclari","9":"first","10":"instock","11":"taxable","12":"shipping-taxable","13":"purchasable","14":"product-type-simple","15":"add-to-wishlist-after_add_to_cart"},"acf":[],"_links":{"self":[{"href":"https:\/\/www.makitamarket.com.tr\/site\/wp-json\/wp\/v2\/product\/18238","targetHints":{"allow":["GET"]}}],"collection":[{"href":"https:\/\/www.makitamarket.com.tr\/site\/wp-json\/wp\/v2\/product"}],"about":[{"href":"https:\/\/www.makitamarket.com.tr\/site\/wp-json\/wp\/v2\/types\/product"}],"replies":[{"embeddable":true,"href":"https:\/\/www.makitamarket.com.tr\/site\/wp-json\/wp\/v2\/comments?post=18238"}],"wp:featuredmedia":[{"embeddable":true,"href":"https:\/\/www.makitamarket.com.tr\/site\/wp-json\/wp\/v2\/media\/18237"}],"wp:attachment":[{"href":"https:\/\/www.makitamarket.com.tr\/site\/wp-json\/wp\/v2\/media?parent=18238"}],"wp:term":[{"taxonomy":"product_brand","embeddable":true,"href":"https:\/\/www.makitamarket.com.tr\/site\/wp-json\/wp\/v2\/product_brand?post=18238"},{"taxonomy":"product_cat","embeddable":true,"href":"https:\/\/www.makitamarket.com.tr\/site\/wp-json\/wp\/v2\/product_cat?post=18238"},{"taxonomy":"product_tag","embeddable":true,"href":"https:\/\/www.makitamarket.com.tr\/site\/wp-json\/wp\/v2\/product_tag?post=18238"}],"curies":[{"name":"wp","href":"https:\/\/api.w.org\/{rel}","templated":true}]}}