{"id":18245,"date":"2024-11-28T20:13:29","date_gmt":"2024-11-28T17:13:29","guid":{"rendered":"https:\/\/www.makitamarket.com.tr\/site\/urun\/partner-celik-rakam-9-parca-7-mm\/"},"modified":"2026-04-06T16:17:55","modified_gmt":"2026-04-06T13:17:55","slug":"partner-celik-rakam-9-parca-7-mm","status":"publish","type":"product","link":"https:\/\/www.makitamarket.com.tr\/site\/urun\/partner-celik-rakam-9-parca-7-mm\/","title":{"rendered":"Partner PT21208 \u00c7EL\u0130K RAKAM 9 PAR\u00c7A 7 mm"},"content":{"rendered":"<p>\n\t9 Par\u00e7a<\/p>\n<table>\n<tr>\n<td>\u00d6l\u00e7\u00fc<\/td>\n<td>8 mm<\/td>\n<\/tr>\n<\/table>\n","protected":false},"excerpt":{"rendered":"<p>\n\t9 Par\u00e7a<\/p>\n","protected":false},"featured_media":18244,"comment_status":"open","ping_status":"closed","template":"","meta":{"_acf_changed":false},"product_brand":[1553],"product_cat":[1232],"product_tag":[],"class_list":{"0":"post-18245","1":"product","2":"type-product","3":"status-publish","4":"has-post-thumbnail","6":"product_brand-partner","7":"product_cat-celik-harf-ve-rakamlar","9":"first","10":"instock","11":"taxable","12":"shipping-taxable","13":"purchasable","14":"product-type-simple","15":"add-to-wishlist-after_add_to_cart"},"acf":[],"_links":{"self":[{"href":"https:\/\/www.makitamarket.com.tr\/site\/wp-json\/wp\/v2\/product\/18245","targetHints":{"allow":["GET"]}}],"collection":[{"href":"https:\/\/www.makitamarket.com.tr\/site\/wp-json\/wp\/v2\/product"}],"about":[{"href":"https:\/\/www.makitamarket.com.tr\/site\/wp-json\/wp\/v2\/types\/product"}],"replies":[{"embeddable":true,"href":"https:\/\/www.makitamarket.com.tr\/site\/wp-json\/wp\/v2\/comments?post=18245"}],"wp:featuredmedia":[{"embeddable":true,"href":"https:\/\/www.makitamarket.com.tr\/site\/wp-json\/wp\/v2\/media\/18244"}],"wp:attachment":[{"href":"https:\/\/www.makitamarket.com.tr\/site\/wp-json\/wp\/v2\/media?parent=18245"}],"wp:term":[{"taxonomy":"product_brand","embeddable":true,"href":"https:\/\/www.makitamarket.com.tr\/site\/wp-json\/wp\/v2\/product_brand?post=18245"},{"taxonomy":"product_cat","embeddable":true,"href":"https:\/\/www.makitamarket.com.tr\/site\/wp-json\/wp\/v2\/product_cat?post=18245"},{"taxonomy":"product_tag","embeddable":true,"href":"https:\/\/www.makitamarket.com.tr\/site\/wp-json\/wp\/v2\/product_tag?post=18245"}],"curies":[{"name":"wp","href":"https:\/\/api.w.org\/{rel}","templated":true}]}}