{"id":18278,"date":"2024-11-28T20:13:42","date_gmt":"2024-11-28T17:13:42","guid":{"rendered":"https:\/\/www.makitamarket.com.tr\/site\/urun\/nikon-cok-amacli-kuru-zimpara-240-kum\/"},"modified":"2026-03-30T10:03:30","modified_gmt":"2026-03-30T07:03:30","slug":"nikon-cok-amacli-kuru-zimpara-240-kum","status":"publish","type":"product","link":"https:\/\/www.makitamarket.com.tr\/site\/urun\/nikon-cok-amacli-kuru-zimpara-240-kum\/","title":{"rendered":"Nikon NIK240A \u00c7OK AMA\u00c7LI\/KURU ZIMPARA 240 KUM"},"content":{"rendered":"<p>\n\t<span style=\"color: rgb(255, 0, 0);\"><strong>Kullan\u0131m Alan\u0131:<\/strong><\/span><\/p>\n<p>\n\tAl\u00fcminyum oksit ala\u015f\u0131ml\u0131 lateksli ka\u011f\u0131t z\u0131mpara olarak imal edilmi\u015ftir. Boya,ah\u015fap,metal,macunlu \u00fcr\u00fcnler ve kaplamal\u0131 \u00fcr\u00fcnler ayr\u0131ca aleminyum ve magnezyum ala\u015f\u0131ml\u0131 \u00fcr\u00fcnlerin kullan\u0131m\u0131 i\u00e7in uygundur<\/p>\n<table>\n<tr>\n<td>Kum<\/td>\n<td>240<\/td>\n<\/tr>\n<tr>\n<td>Paket \u0130\u00e7i Adedi<\/td>\n<td>50<\/td>\n<\/tr>\n<\/table>\n","protected":false},"excerpt":{"rendered":"<p>\n\t<span style=\"color: rgb(255, 0, 0);\"><strong>Kullan\u0131m Alan\u0131:<\/strong><\/span><\/p>\n<p>\n\tAl\u00fcminyum oksit ala\u015f\u0131ml\u0131 lateksli ka\u011f\u0131t z\u0131mpara olarak imal edilmi\u015ftir. Boya,ah\u015fap,metal,macunlu \u00fcr\u00fcnler ve kaplamal\u0131 \u00fcr\u00fcnler ayr\u0131ca aleminyum ve magnezyum ala\u015f\u0131ml\u0131 \u00fcr\u00fcnlerin kullan\u0131m\u0131 i\u00e7in uygundur<\/p>\n","protected":false},"featured_media":0,"comment_status":"open","ping_status":"closed","template":"","meta":{"_acf_changed":false},"product_brand":[1518],"product_cat":[1400],"product_tag":[],"class_list":{"0":"post-18278","1":"product","2":"type-product","3":"status-publish","5":"product_brand-nikon","6":"product_cat-kuru-kullanim-lateks-kagit-zimparalar","8":"first","9":"instock","10":"taxable","11":"shipping-taxable","12":"purchasable","13":"product-type-simple","14":"add-to-wishlist-after_add_to_cart"},"acf":[],"_links":{"self":[{"href":"https:\/\/www.makitamarket.com.tr\/site\/wp-json\/wp\/v2\/product\/18278","targetHints":{"allow":["GET"]}}],"collection":[{"href":"https:\/\/www.makitamarket.com.tr\/site\/wp-json\/wp\/v2\/product"}],"about":[{"href":"https:\/\/www.makitamarket.com.tr\/site\/wp-json\/wp\/v2\/types\/product"}],"replies":[{"embeddable":true,"href":"https:\/\/www.makitamarket.com.tr\/site\/wp-json\/wp\/v2\/comments?post=18278"}],"wp:attachment":[{"href":"https:\/\/www.makitamarket.com.tr\/site\/wp-json\/wp\/v2\/media?parent=18278"}],"wp:term":[{"taxonomy":"product_brand","embeddable":true,"href":"https:\/\/www.makitamarket.com.tr\/site\/wp-json\/wp\/v2\/product_brand?post=18278"},{"taxonomy":"product_cat","embeddable":true,"href":"https:\/\/www.makitamarket.com.tr\/site\/wp-json\/wp\/v2\/product_cat?post=18278"},{"taxonomy":"product_tag","embeddable":true,"href":"https:\/\/www.makitamarket.com.tr\/site\/wp-json\/wp\/v2\/product_tag?post=18278"}],"curies":[{"name":"wp","href":"https:\/\/api.w.org\/{rel}","templated":true}]}}