{"id":18297,"date":"2024-11-28T20:13:48","date_gmt":"2024-11-28T17:13:48","guid":{"rendered":"https:\/\/www.makitamarket.com.tr\/site\/urun\/makita-havsa-acma-ucu-12x40-mm\/"},"modified":"2026-03-30T10:03:33","modified_gmt":"2026-03-30T07:03:33","slug":"makita-havsa-acma-ucu-12x40-mm","status":"publish","type":"product","link":"https:\/\/www.makitamarket.com.tr\/site\/urun\/makita-havsa-acma-ucu-12x40-mm\/","title":{"rendered":"Makita D-37409 HAV\u015eA A\u00c7MA UCU 12&#215;40 mm"},"content":{"rendered":"<table>\n<tr>\n<td>Uygulama<\/td>\n<td>M6<\/td>\n<\/tr>\n<tr>\n<td>A\u00e7\u0131 &#8211; Kenar<\/td>\n<td>90\u00b0 &#8211; 5 adet<\/td>\n<\/tr>\n<tr>\n<td>Matkap \u00c7ap\u0131<\/td>\n<td>12<\/td>\n<\/tr>\n<tr>\n<td>Uzunluk<\/td>\n<td>40<\/td>\n<\/tr>\n<tr>\n<td>Uygulama<\/td>\n<td>M6<\/td>\n<\/tr>\n<tr>\n<td>A\u00e7\u0131-Kenar<\/td>\n<td>90\u00b0 -5 adet<\/td>\n<\/tr>\n<tr>\n<td>\u00c7ap-Uzunluk<\/td>\n<td>12 x 40 mm<\/td>\n<\/tr>\n<\/table>\n","protected":false},"excerpt":{"rendered":"<p>Uygulama M6 A\u00e7\u0131 &#8211; Kenar 90\u00b0 &#8211; 5 adet Matkap \u00c7ap\u0131 12 Uzunluk 40 Uygulama M6 A\u00e7\u0131-Kenar 90\u00b0 -5 adet \u00c7ap-Uzunluk 12 x 40 mm<\/p>\n","protected":false},"featured_media":0,"comment_status":"open","ping_status":"closed","template":"","meta":{"_acf_changed":false},"product_brand":[1485],"product_cat":[1064],"product_tag":[],"class_list":{"0":"post-18297","1":"product","2":"type-product","3":"status-publish","5":"product_brand-makita","6":"product_cat-metal-delme-uclari","8":"first","9":"instock","10":"taxable","11":"shipping-taxable","12":"purchasable","13":"product-type-simple","14":"add-to-wishlist-after_add_to_cart"},"acf":[],"_links":{"self":[{"href":"https:\/\/www.makitamarket.com.tr\/site\/wp-json\/wp\/v2\/product\/18297","targetHints":{"allow":["GET"]}}],"collection":[{"href":"https:\/\/www.makitamarket.com.tr\/site\/wp-json\/wp\/v2\/product"}],"about":[{"href":"https:\/\/www.makitamarket.com.tr\/site\/wp-json\/wp\/v2\/types\/product"}],"replies":[{"embeddable":true,"href":"https:\/\/www.makitamarket.com.tr\/site\/wp-json\/wp\/v2\/comments?post=18297"}],"wp:attachment":[{"href":"https:\/\/www.makitamarket.com.tr\/site\/wp-json\/wp\/v2\/media?parent=18297"}],"wp:term":[{"taxonomy":"product_brand","embeddable":true,"href":"https:\/\/www.makitamarket.com.tr\/site\/wp-json\/wp\/v2\/product_brand?post=18297"},{"taxonomy":"product_cat","embeddable":true,"href":"https:\/\/www.makitamarket.com.tr\/site\/wp-json\/wp\/v2\/product_cat?post=18297"},{"taxonomy":"product_tag","embeddable":true,"href":"https:\/\/www.makitamarket.com.tr\/site\/wp-json\/wp\/v2\/product_tag?post=18297"}],"curies":[{"name":"wp","href":"https:\/\/api.w.org\/{rel}","templated":true}]}}