{"id":18354,"date":"2024-11-28T20:14:25","date_gmt":"2024-11-28T17:14:25","guid":{"rendered":"https:\/\/www.makitamarket.com.tr\/site\/urun\/proscr-8-li-tornavida-seti\/"},"modified":"2025-11-16T10:13:33","modified_gmt":"2025-11-16T07:13:33","slug":"proscr-8-li-tornavida-seti","status":"publish","type":"product","link":"https:\/\/www.makitamarket.com.tr\/site\/urun\/proscr-8-li-tornavida-seti\/","title":{"rendered":"Proscr SCR02913 8 L\u0130 TORNAV\u0130DA SET\u0130"},"content":{"rendered":"<table>\n<tr>\n<td>Set \u0130\u00e7eri\u011fi<\/td>\n<td>D\u00dcZ: 3.5&#215;75 &#8211; 4&#215;100 &#8211; 5&#215;100 6x125mm<\/td>\n<\/tr>\n<tr>\n<td>Set \u0130\u00e7eri\u011fi<\/td>\n<td>YILDIZ: PH1x75 &#8211; PH2x125mm<\/td>\n<\/tr>\n<tr>\n<td>Set \u0130\u00e7eri\u011fi<\/td>\n<td>TORX: T15x75mm<\/td>\n<\/tr>\n<tr>\n<td>Set \u0130\u00e7eri\u011fi<\/td>\n<td>POZ\u0130: PZ1x75mm<\/td>\n<\/tr>\n<tr>\n<td>Koli \u0130\u00e7i Adedi<\/td>\n<td>20 Ad.<\/td>\n<\/tr>\n<\/table>\n","protected":false},"excerpt":{"rendered":"<p>Set \u0130\u00e7eri\u011fi D\u00dcZ: 3.5&#215;75 &#8211; 4&#215;100 &#8211; 5&#215;100 6x125mm Set \u0130\u00e7eri\u011fi YILDIZ: PH1x75 &#8211; PH2x125mm Set \u0130\u00e7eri\u011fi TORX: T15x75mm Set \u0130\u00e7eri\u011fi POZ\u0130: PZ1x75mm Koli \u0130\u00e7i Adedi 20 Ad.<\/p>\n","protected":false},"featured_media":18353,"comment_status":"open","ping_status":"closed","template":"","meta":{"_acf_changed":false},"product_brand":[1523],"product_cat":[1129],"product_tag":[],"class_list":{"0":"post-18354","1":"product","2":"type-product","3":"status-publish","4":"has-post-thumbnail","6":"product_brand-proscr","7":"product_cat-takim-set-tornavidalar","9":"first","10":"outofstock","11":"taxable","12":"shipping-taxable","13":"purchasable","14":"product-type-simple","15":"add-to-wishlist-after_add_to_cart"},"acf":[],"_links":{"self":[{"href":"https:\/\/www.makitamarket.com.tr\/site\/wp-json\/wp\/v2\/product\/18354","targetHints":{"allow":["GET"]}}],"collection":[{"href":"https:\/\/www.makitamarket.com.tr\/site\/wp-json\/wp\/v2\/product"}],"about":[{"href":"https:\/\/www.makitamarket.com.tr\/site\/wp-json\/wp\/v2\/types\/product"}],"replies":[{"embeddable":true,"href":"https:\/\/www.makitamarket.com.tr\/site\/wp-json\/wp\/v2\/comments?post=18354"}],"wp:featuredmedia":[{"embeddable":true,"href":"https:\/\/www.makitamarket.com.tr\/site\/wp-json\/wp\/v2\/media\/18353"}],"wp:attachment":[{"href":"https:\/\/www.makitamarket.com.tr\/site\/wp-json\/wp\/v2\/media?parent=18354"}],"wp:term":[{"taxonomy":"product_brand","embeddable":true,"href":"https:\/\/www.makitamarket.com.tr\/site\/wp-json\/wp\/v2\/product_brand?post=18354"},{"taxonomy":"product_cat","embeddable":true,"href":"https:\/\/www.makitamarket.com.tr\/site\/wp-json\/wp\/v2\/product_cat?post=18354"},{"taxonomy":"product_tag","embeddable":true,"href":"https:\/\/www.makitamarket.com.tr\/site\/wp-json\/wp\/v2\/product_tag?post=18354"}],"curies":[{"name":"wp","href":"https:\/\/api.w.org\/{rel}","templated":true}]}}