{"id":18371,"date":"2024-11-28T20:14:30","date_gmt":"2024-11-28T17:14:30","guid":{"rendered":"https:\/\/www.makitamarket.com.tr\/site\/urun\/nikon-mop-auf-brite-non-woven-zimpara-400-kum\/"},"modified":"2026-04-06T16:54:11","modified_gmt":"2026-04-06T13:54:11","slug":"nikon-mop-auf-brite-non-woven-zimpara-400-kum","status":"publish","type":"product","link":"https:\/\/www.makitamarket.com.tr\/site\/urun\/nikon-mop-auf-brite-non-woven-zimpara-400-kum\/","title":{"rendered":"Nikon N34229 MOP AUF BRITE NON WOVEN ZIMPARA 400 KUM"},"content":{"rendered":"<p>\n\tElyaf malzemeden imal edilmi\u015ftir. Inox ve Metal malzemelerin temizlik ve polisajlama i\u015flerinde kullan\u0131lmaktad\u0131r. \u00d6zellikle tala\u015f sanayinde biti\u015f i\u015flemlerinde kullan\u0131l\u0131r.<\/p>\n<table>\n<tr>\n<td>\u00d6l\u00e7\u00fc (\u00dcr\u00fcn \u00c7ap\u0131 x \u00dcr\u00fcn Geni\u015fli\u011fi x Sap \u00c7ap\u0131)<\/td>\n<td>\u00f8165 x 30 x \u00f825 mm.<\/td>\n<\/tr>\n<tr>\n<td>Kum<\/td>\n<td>400<\/td>\n<\/tr>\n<\/table>\n","protected":false},"excerpt":{"rendered":"<p>\n\tElyaf malzemeden imal edilmi\u015ftir. Inox ve Metal malzemelerin temizlik ve polisajlama i\u015flerinde kullan\u0131lmaktad\u0131r. \u00d6zellikle tala\u015f sanayinde biti\u015f i\u015flemlerinde kullan\u0131l\u0131r.<\/p>\n","protected":false},"featured_media":18370,"comment_status":"open","ping_status":"closed","template":"","meta":{"_acf_changed":false},"product_brand":[1518],"product_cat":[1391],"product_tag":[],"class_list":{"0":"post-18371","1":"product","2":"type-product","3":"status-publish","4":"has-post-thumbnail","6":"product_brand-nikon","7":"product_cat-sapsiz-mop-noven-zimparalar","9":"first","10":"instock","11":"taxable","12":"shipping-taxable","13":"purchasable","14":"product-type-simple","15":"add-to-wishlist-after_add_to_cart"},"acf":[],"_links":{"self":[{"href":"https:\/\/www.makitamarket.com.tr\/site\/wp-json\/wp\/v2\/product\/18371","targetHints":{"allow":["GET"]}}],"collection":[{"href":"https:\/\/www.makitamarket.com.tr\/site\/wp-json\/wp\/v2\/product"}],"about":[{"href":"https:\/\/www.makitamarket.com.tr\/site\/wp-json\/wp\/v2\/types\/product"}],"replies":[{"embeddable":true,"href":"https:\/\/www.makitamarket.com.tr\/site\/wp-json\/wp\/v2\/comments?post=18371"}],"wp:featuredmedia":[{"embeddable":true,"href":"https:\/\/www.makitamarket.com.tr\/site\/wp-json\/wp\/v2\/media\/18370"}],"wp:attachment":[{"href":"https:\/\/www.makitamarket.com.tr\/site\/wp-json\/wp\/v2\/media?parent=18371"}],"wp:term":[{"taxonomy":"product_brand","embeddable":true,"href":"https:\/\/www.makitamarket.com.tr\/site\/wp-json\/wp\/v2\/product_brand?post=18371"},{"taxonomy":"product_cat","embeddable":true,"href":"https:\/\/www.makitamarket.com.tr\/site\/wp-json\/wp\/v2\/product_cat?post=18371"},{"taxonomy":"product_tag","embeddable":true,"href":"https:\/\/www.makitamarket.com.tr\/site\/wp-json\/wp\/v2\/product_tag?post=18371"}],"curies":[{"name":"wp","href":"https:\/\/api.w.org\/{rel}","templated":true}]}}