{"id":18411,"date":"2024-11-28T20:14:46","date_gmt":"2024-11-28T17:14:46","guid":{"rendered":"https:\/\/www.makitamarket.com.tr\/site\/urun\/makita-gd0800c-ve-gd0801c-icin-pimli-elmas-taslama-diski-6-35-mm\/"},"modified":"2026-04-06T16:49:18","modified_gmt":"2026-04-06T13:49:18","slug":"makita-gd0800c-ve-gd0801c-icin-pimli-elmas-taslama-diski-6-35-mm","status":"publish","type":"product","link":"https:\/\/www.makitamarket.com.tr\/site\/urun\/makita-gd0800c-ve-gd0801c-icin-pimli-elmas-taslama-diski-6-35-mm\/","title":{"rendered":"Makita D-25105 GD0800C VE GD0801C \u0130\u00c7\u0130N P\u0130ML\u0130 ELMAS TA\u015eLAMA D\u0130SK\u0130 6.35 mm"},"content":{"rendered":"<p>\n\tRe\u00e7ineli plakalar, fiberglas, boru ve bunun gibi yumu\u015fak malzemelerin ta\u015flanmas\u0131nda kullan\u0131l\u0131r.<\/p>\n<p>\n\tMermer, kum ta\u015f\u0131 ve kalkerin ta\u015flanmas\u0131n\u0131 kolayla\u015ft\u0131r\u0131c\u0131 \u00f6zelliklere sahiptir.<\/p>\n<p>\n\tAd\u0131 ge\u00e7en malzemelerin \u0131s\u0131tmadan daha h\u0131zl\u0131 ve daha kolay bir \u015fekilde ta\u015flanmas\u0131n\u0131 sa\u011flar.<\/p>\n<p>\n\tY\u00fcksek kum de\u011ferleri sayesinde ta\u015flama i\u015flerinin daha y\u00fcksek hassasiyette ger\u00e7ekle\u015ftirilmesini sa\u011flar.<\/p>\n<table>\n<tr>\n<td>Mil \u00c7ap\u0131<\/td>\n<td>6.35 mm<\/td>\n<\/tr>\n<tr>\n<td>Mil boyu<\/td>\n<td>45 mm<\/td>\n<\/tr>\n<\/table>\n","protected":false},"excerpt":{"rendered":"<p>\n\tRe\u00e7ineli plakalar, fiberglas, boru ve bunun gibi yumu\u015fak malzemelerin ta\u015flanmas\u0131nda kullan\u0131l\u0131r.<\/p>\n<p>\n\tMermer, kum ta\u015f\u0131 ve kalkerin ta\u015flanmas\u0131n\u0131 kolayla\u015ft\u0131r\u0131c\u0131 \u00f6zelliklere sahiptir.<\/p>\n<p>\n\tAd\u0131 ge\u00e7en malzemelerin \u0131s\u0131tmadan daha h\u0131zl\u0131 ve daha kolay bir \u015fekilde ta\u015flanmas\u0131n\u0131 sa\u011flar.<\/p>\n<p>\n\tY\u00fcksek kum de\u011ferleri sayesinde ta\u015flama i\u015flerinin daha y\u00fcksek hassasiyette ger\u00e7ekle\u015ftirilmesini sa\u011flar.<\/p>\n","protected":false},"featured_media":19480,"comment_status":"open","ping_status":"closed","template":"","meta":{"_acf_changed":false},"product_brand":[1485],"product_cat":[1565],"product_tag":[],"class_list":{"0":"post-18411","1":"product","2":"type-product","3":"status-publish","4":"has-post-thumbnail","6":"product_brand-makita","7":"product_cat-yok-yok","9":"first","10":"instock","11":"taxable","12":"shipping-taxable","13":"purchasable","14":"product-type-simple","15":"add-to-wishlist-after_add_to_cart"},"acf":[],"_links":{"self":[{"href":"https:\/\/www.makitamarket.com.tr\/site\/wp-json\/wp\/v2\/product\/18411","targetHints":{"allow":["GET"]}}],"collection":[{"href":"https:\/\/www.makitamarket.com.tr\/site\/wp-json\/wp\/v2\/product"}],"about":[{"href":"https:\/\/www.makitamarket.com.tr\/site\/wp-json\/wp\/v2\/types\/product"}],"replies":[{"embeddable":true,"href":"https:\/\/www.makitamarket.com.tr\/site\/wp-json\/wp\/v2\/comments?post=18411"}],"wp:featuredmedia":[{"embeddable":true,"href":"https:\/\/www.makitamarket.com.tr\/site\/wp-json\/wp\/v2\/media\/19480"}],"wp:attachment":[{"href":"https:\/\/www.makitamarket.com.tr\/site\/wp-json\/wp\/v2\/media?parent=18411"}],"wp:term":[{"taxonomy":"product_brand","embeddable":true,"href":"https:\/\/www.makitamarket.com.tr\/site\/wp-json\/wp\/v2\/product_brand?post=18411"},{"taxonomy":"product_cat","embeddable":true,"href":"https:\/\/www.makitamarket.com.tr\/site\/wp-json\/wp\/v2\/product_cat?post=18411"},{"taxonomy":"product_tag","embeddable":true,"href":"https:\/\/www.makitamarket.com.tr\/site\/wp-json\/wp\/v2\/product_tag?post=18411"}],"curies":[{"name":"wp","href":"https:\/\/api.w.org\/{rel}","templated":true}]}}