{"id":18427,"date":"2024-11-28T20:14:52","date_gmt":"2024-11-28T17:14:52","guid":{"rendered":"https:\/\/www.makitamarket.com.tr\/site\/urun\/makita-10-lu-inox-kesme-seti-125x1-2-mm\/"},"modified":"2026-03-30T10:06:25","modified_gmt":"2026-03-30T07:06:25","slug":"makita-10-lu-inox-kesme-seti-125x1-2-mm","status":"publish","type":"product","link":"https:\/\/www.makitamarket.com.tr\/site\/urun\/makita-10-lu-inox-kesme-seti-125x1-2-mm\/","title":{"rendered":"Makita D-18770-10 10 LU \u0130NOX KESME SET\u0130 125&#215;1.2 mm"},"content":{"rendered":"<table>\n<tr>\n<td>\u00d6l\u00e7\u00fcler<\/td>\n<td>125 X 1.2 mm<\/td>\n<\/tr>\n<tr>\n<td>Kalite<\/td>\n<td>WA60T<\/td>\n<\/tr>\n<tr>\n<td>Malzeme<\/td>\n<td>\u0130nox Kesme<\/td>\n<\/tr>\n<tr>\n<td>Tip<\/td>\n<td>D\u00fcz<\/td>\n<\/tr>\n<tr>\n<td>Kutu<\/td>\n<td>10<\/td>\n<\/tr>\n<\/table>\n","protected":false},"excerpt":{"rendered":"<p>\u00d6l\u00e7\u00fcler 125 X 1.2 mm Kalite WA60T Malzeme \u0130nox Kesme Tip D\u00fcz Kutu 10<\/p>\n","protected":false},"featured_media":0,"comment_status":"open","ping_status":"closed","template":"","meta":{"_acf_changed":false},"product_brand":[1485],"product_cat":[1141],"product_tag":[],"class_list":{"0":"post-18427","1":"product","2":"type-product","3":"status-publish","5":"product_brand-makita","6":"product_cat-125mm-kesme-taslari","8":"first","9":"instock","10":"taxable","11":"shipping-taxable","12":"purchasable","13":"product-type-simple","14":"add-to-wishlist-after_add_to_cart"},"acf":[],"_links":{"self":[{"href":"https:\/\/www.makitamarket.com.tr\/site\/wp-json\/wp\/v2\/product\/18427","targetHints":{"allow":["GET"]}}],"collection":[{"href":"https:\/\/www.makitamarket.com.tr\/site\/wp-json\/wp\/v2\/product"}],"about":[{"href":"https:\/\/www.makitamarket.com.tr\/site\/wp-json\/wp\/v2\/types\/product"}],"replies":[{"embeddable":true,"href":"https:\/\/www.makitamarket.com.tr\/site\/wp-json\/wp\/v2\/comments?post=18427"}],"wp:attachment":[{"href":"https:\/\/www.makitamarket.com.tr\/site\/wp-json\/wp\/v2\/media?parent=18427"}],"wp:term":[{"taxonomy":"product_brand","embeddable":true,"href":"https:\/\/www.makitamarket.com.tr\/site\/wp-json\/wp\/v2\/product_brand?post=18427"},{"taxonomy":"product_cat","embeddable":true,"href":"https:\/\/www.makitamarket.com.tr\/site\/wp-json\/wp\/v2\/product_cat?post=18427"},{"taxonomy":"product_tag","embeddable":true,"href":"https:\/\/www.makitamarket.com.tr\/site\/wp-json\/wp\/v2\/product_tag?post=18427"}],"curies":[{"name":"wp","href":"https:\/\/api.w.org\/{rel}","templated":true}]}}