{"id":18445,"date":"2024-11-28T20:15:01","date_gmt":"2024-11-28T17:15:01","guid":{"rendered":"https:\/\/www.makitamarket.com.tr\/site\/urun\/proxxon-bileme-tasi\/"},"modified":"2026-03-30T10:06:29","modified_gmt":"2026-03-30T07:06:29","slug":"proxxon-bileme-tasi","status":"publish","type":"product","link":"https:\/\/www.makitamarket.com.tr\/site\/urun\/proxxon-bileme-tasi\/","title":{"rendered":"Proxxon 28578 B\u0130LEME TA\u015eI"},"content":{"rendered":"<p>\n\t\u00c7ok kanall\u0131 bileme ta\u015f\u0131<br \/>\n\tYanda belirtilen b\u0131\u00e7aklar\u0131n \u015fekillerine g\u00f6re ta\u015f \u00fczerinde bileme kanal\u0131 yap\u0131lm\u0131\u015ft\u0131r. b\u0131\u00e7a\u011f\u0131n \u00e7ok keskin bilenmesi i\u00e7in ta\u015f\u0131n \u00fcst\u00fcne ya\u011f d\u00f6k\u00fcn\u00fcz.<\/p>\n<table>\n<tr>\n<td>Kullan\u0131m Alan\u0131<\/td>\n<td>V bi\u00e7imli, b\u00fcy\u00fck ve k\u00fc\u00e7\u00fck kalem, dik ve i\u00e7 b\u00fckey b\u0131\u00e7aklar 5 par\u00e7a 100x65x15 mm ebatl\u0131 bileme ta\u015f\u0131<\/td>\n<\/tr>\n<\/table>\n","protected":false},"excerpt":{"rendered":"<p>\n\t\u00c7ok kanall\u0131 bileme ta\u015f\u0131<br \/>\n\tYanda belirtilen b\u0131\u00e7aklar\u0131n \u015fekillerine g\u00f6re ta\u015f \u00fczerinde bileme kanal\u0131 yap\u0131lm\u0131\u015ft\u0131r. b\u0131\u00e7a\u011f\u0131n \u00e7ok keskin bilenmesi i\u00e7in ta\u015f\u0131n \u00fcst\u00fcne ya\u011f d\u00f6k\u00fcn\u00fcz.<\/p>\n","protected":false},"featured_media":18444,"comment_status":"open","ping_status":"closed","template":"","meta":{"_acf_changed":false},"product_brand":[1501],"product_cat":[926],"product_tag":[],"class_list":{"0":"post-18445","1":"product","2":"type-product","3":"status-publish","4":"has-post-thumbnail","6":"product_brand-proxxon","7":"product_cat-aksesuarlar-mikro-aletleri","9":"first","10":"instock","11":"taxable","12":"shipping-taxable","13":"purchasable","14":"product-type-simple","15":"add-to-wishlist-after_add_to_cart"},"acf":[],"_links":{"self":[{"href":"https:\/\/www.makitamarket.com.tr\/site\/wp-json\/wp\/v2\/product\/18445","targetHints":{"allow":["GET"]}}],"collection":[{"href":"https:\/\/www.makitamarket.com.tr\/site\/wp-json\/wp\/v2\/product"}],"about":[{"href":"https:\/\/www.makitamarket.com.tr\/site\/wp-json\/wp\/v2\/types\/product"}],"replies":[{"embeddable":true,"href":"https:\/\/www.makitamarket.com.tr\/site\/wp-json\/wp\/v2\/comments?post=18445"}],"wp:featuredmedia":[{"embeddable":true,"href":"https:\/\/www.makitamarket.com.tr\/site\/wp-json\/wp\/v2\/media\/18444"}],"wp:attachment":[{"href":"https:\/\/www.makitamarket.com.tr\/site\/wp-json\/wp\/v2\/media?parent=18445"}],"wp:term":[{"taxonomy":"product_brand","embeddable":true,"href":"https:\/\/www.makitamarket.com.tr\/site\/wp-json\/wp\/v2\/product_brand?post=18445"},{"taxonomy":"product_cat","embeddable":true,"href":"https:\/\/www.makitamarket.com.tr\/site\/wp-json\/wp\/v2\/product_cat?post=18445"},{"taxonomy":"product_tag","embeddable":true,"href":"https:\/\/www.makitamarket.com.tr\/site\/wp-json\/wp\/v2\/product_tag?post=18445"}],"curies":[{"name":"wp","href":"https:\/\/api.w.org\/{rel}","templated":true}]}}