{"id":18468,"date":"2024-11-28T20:15:07","date_gmt":"2024-11-28T17:15:07","guid":{"rendered":"https:\/\/www.makitamarket.com.tr\/site\/urun\/lightorch-calisma-lambasi-ve-el-feneri\/"},"modified":"2026-03-30T10:07:52","modified_gmt":"2026-03-30T07:07:52","slug":"lightorch-calisma-lambasi-ve-el-feneri","status":"publish","type":"product","link":"https:\/\/www.makitamarket.com.tr\/site\/urun\/lightorch-calisma-lambasi-ve-el-feneri\/","title":{"rendered":"Lightorch LT03149 \u00c7ALI\u015eMA LAMBASI VE EL FENER\u0130"},"content":{"rendered":"<table>\n<tr>\n<td>Ayd\u0131nlatma \u015eiddeti<\/td>\n<td>150 L\u00fcmen<\/td>\n<\/tr>\n<tr>\n<td>Ayd\u0131nlatma Mesafesi<\/td>\n<td>15 Metre<\/td>\n<\/tr>\n<tr>\n<td>LED<\/td>\n<td>3W COB<\/td>\n<\/tr>\n<tr>\n<td>Tam Dolu Pille Kullan\u0131m<\/td>\n<td>2 Saat<\/td>\n<\/tr>\n<tr>\n<td>Batarya<\/td>\n<td>4 AAA Pil<\/td>\n<\/tr>\n<tr>\n<td>M\u0131knat\u0131sl\u0131 Taban<\/td>\n<td>\u221a<\/td>\n<\/tr>\n<tr>\n<td>360\u00b0 D\u00f6ner Kanca<\/td>\n<td>\u221a<\/td>\n<\/tr>\n<tr>\n<td>90\u00b0 D\u00f6ner Ba\u015fl\u0131k<\/td>\n<td>\u221a<\/td>\n<\/tr>\n<tr>\n<td>G\u00f6vde Uzunlu\u011fu<\/td>\n<td>30 cm<\/td>\n<\/tr>\n<tr>\n<td>Paket \u0130\u00e7i Adedi<\/td>\n<td>1<\/td>\n<\/tr>\n<tr>\n<td>Koli \u0130\u00e7i Adedi<\/td>\n<td>6<\/td>\n<\/tr>\n<\/table>\n","protected":false},"excerpt":{"rendered":"<p>Ayd\u0131nlatma \u015eiddeti 150 L\u00fcmen Ayd\u0131nlatma Mesafesi 15 Metre LED 3W COB Tam Dolu Pille Kullan\u0131m 2 Saat Batarya 4 AAA Pil M\u0131knat\u0131sl\u0131 Taban \u221a 360\u00b0 D\u00f6ner Kanca \u221a 90\u00b0 D\u00f6ner<\/p>\n","protected":false},"featured_media":18467,"comment_status":"open","ping_status":"closed","template":"","meta":{"_acf_changed":false},"product_brand":[1556],"product_cat":[1348],"product_tag":[],"class_list":{"0":"post-18468","1":"product","2":"type-product","3":"status-publish","4":"has-post-thumbnail","6":"product_brand-lightorch","7":"product_cat-pilli-el-fenerleri","9":"first","10":"instock","11":"taxable","12":"shipping-taxable","13":"purchasable","14":"product-type-simple","15":"add-to-wishlist-after_add_to_cart"},"acf":[],"_links":{"self":[{"href":"https:\/\/www.makitamarket.com.tr\/site\/wp-json\/wp\/v2\/product\/18468","targetHints":{"allow":["GET"]}}],"collection":[{"href":"https:\/\/www.makitamarket.com.tr\/site\/wp-json\/wp\/v2\/product"}],"about":[{"href":"https:\/\/www.makitamarket.com.tr\/site\/wp-json\/wp\/v2\/types\/product"}],"replies":[{"embeddable":true,"href":"https:\/\/www.makitamarket.com.tr\/site\/wp-json\/wp\/v2\/comments?post=18468"}],"wp:featuredmedia":[{"embeddable":true,"href":"https:\/\/www.makitamarket.com.tr\/site\/wp-json\/wp\/v2\/media\/18467"}],"wp:attachment":[{"href":"https:\/\/www.makitamarket.com.tr\/site\/wp-json\/wp\/v2\/media?parent=18468"}],"wp:term":[{"taxonomy":"product_brand","embeddable":true,"href":"https:\/\/www.makitamarket.com.tr\/site\/wp-json\/wp\/v2\/product_brand?post=18468"},{"taxonomy":"product_cat","embeddable":true,"href":"https:\/\/www.makitamarket.com.tr\/site\/wp-json\/wp\/v2\/product_cat?post=18468"},{"taxonomy":"product_tag","embeddable":true,"href":"https:\/\/www.makitamarket.com.tr\/site\/wp-json\/wp\/v2\/product_tag?post=18468"}],"curies":[{"name":"wp","href":"https:\/\/api.w.org\/{rel}","templated":true}]}}