{"id":18559,"date":"2024-11-28T20:15:45","date_gmt":"2024-11-28T17:15:45","guid":{"rendered":"https:\/\/www.makitamarket.com.tr\/site\/urun\/nikon-kanalli-mop-non-woven-zimpara-80-kum\/"},"modified":"2026-04-06T16:26:16","modified_gmt":"2026-04-06T13:26:16","slug":"nikon-kanalli-mop-non-woven-zimpara-80-kum","status":"publish","type":"product","link":"https:\/\/www.makitamarket.com.tr\/site\/urun\/nikon-kanalli-mop-non-woven-zimpara-80-kum\/","title":{"rendered":"Nikon N34231 KANALLI MOP NON WOVEN ZIMPARA 80 KUM"},"content":{"rendered":"<p>\n\tAl\u00fcminyum Oksit a\u015f\u0131nd\u0131r\u0131c\u0131 uygulamas\u0131na tabidir. Metal ve Kal\u0131p sekt\u00f6r\u00fcnde yo\u011fun olarak kullan\u0131l\u0131r. Kaynakl\u0131 malzemelerde ve Metal y\u00fczey \u00fczerinde bulunan Pas, C\u00fcruf, \u00c7apak temizli\u011finde kullan\u0131l\u0131r. Z\u0131mparalanan y\u00fczeyde biti\u015f i\u015flemi yap\u0131lmaktad\u0131r<\/p>\n<table>\n<tr>\n<td>\u00d6l\u00e7\u00fc (\u00dcr\u00fcn \u00c7ap\u0131 x \u00dcr\u00fcn Geni\u015fli\u011fi x Sap \u00c7ap\u0131)<\/td>\n<td>\u00f8100 x 100 x \u00f819 mm.<\/td>\n<\/tr>\n<tr>\n<td>Kum<\/td>\n<td>80<\/td>\n<\/tr>\n<\/table>\n","protected":false},"excerpt":{"rendered":"<p>\n\tAl\u00fcminyum Oksit a\u015f\u0131nd\u0131r\u0131c\u0131 uygulamas\u0131na tabidir. Metal ve Kal\u0131p sekt\u00f6r\u00fcnde yo\u011fun olarak kullan\u0131l\u0131r. Kaynakl\u0131 malzemelerde ve Metal y\u00fczey \u00fczerinde bulunan Pas, C\u00fcruf, \u00c7apak temizli\u011finde kullan\u0131l\u0131r. Z\u0131mparalanan y\u00fczeyde biti\u015f i\u015flemi yap\u0131lmaktad\u0131r<\/p>\n","protected":false},"featured_media":0,"comment_status":"open","ping_status":"closed","template":"","meta":{"_acf_changed":false},"product_brand":[1518],"product_cat":[1295],"product_tag":[],"class_list":{"0":"post-18559","1":"product","2":"type-product","3":"status-publish","5":"product_brand-nikon","6":"product_cat-kanalli-mop-non-woven-zimparalar","8":"first","9":"instock","10":"taxable","11":"shipping-taxable","12":"purchasable","13":"product-type-simple","14":"add-to-wishlist-after_add_to_cart"},"acf":[],"_links":{"self":[{"href":"https:\/\/www.makitamarket.com.tr\/site\/wp-json\/wp\/v2\/product\/18559","targetHints":{"allow":["GET"]}}],"collection":[{"href":"https:\/\/www.makitamarket.com.tr\/site\/wp-json\/wp\/v2\/product"}],"about":[{"href":"https:\/\/www.makitamarket.com.tr\/site\/wp-json\/wp\/v2\/types\/product"}],"replies":[{"embeddable":true,"href":"https:\/\/www.makitamarket.com.tr\/site\/wp-json\/wp\/v2\/comments?post=18559"}],"wp:attachment":[{"href":"https:\/\/www.makitamarket.com.tr\/site\/wp-json\/wp\/v2\/media?parent=18559"}],"wp:term":[{"taxonomy":"product_brand","embeddable":true,"href":"https:\/\/www.makitamarket.com.tr\/site\/wp-json\/wp\/v2\/product_brand?post=18559"},{"taxonomy":"product_cat","embeddable":true,"href":"https:\/\/www.makitamarket.com.tr\/site\/wp-json\/wp\/v2\/product_cat?post=18559"},{"taxonomy":"product_tag","embeddable":true,"href":"https:\/\/www.makitamarket.com.tr\/site\/wp-json\/wp\/v2\/product_tag?post=18559"}],"curies":[{"name":"wp","href":"https:\/\/api.w.org\/{rel}","templated":true}]}}