{"id":18591,"date":"2024-11-28T20:15:58","date_gmt":"2024-11-28T17:15:58","guid":{"rendered":"https:\/\/www.makitamarket.com.tr\/site\/urun\/bessey-kuyumcu-makasi-180-mm\/"},"modified":"2026-04-06T16:39:56","modified_gmt":"2026-04-06T13:39:56","slug":"bessey-kuyumcu-makasi-180-mm","status":"publish","type":"product","link":"https:\/\/www.makitamarket.com.tr\/site\/urun\/bessey-kuyumcu-makasi-180-mm\/","title":{"rendered":"Bessey BESD70-1 KUYUMCU MAKASI 180 mm"},"content":{"rendered":"<table>\n<tr>\n<td>Boy<\/td>\n<td>180<\/td>\n<\/tr>\n<tr>\n<td>A\u011f\u0131z Geni\u015fli\u011fi<\/td>\n<td>31<\/td>\n<\/tr>\n<tr>\n<td>A\u011f\u0131rl\u0131k<\/td>\n<td>0.14<\/td>\n<\/tr>\n<tr>\n<td>A\u011f\u0131z Yap\u0131s\u0131<\/td>\n<td>D\u00fcz A\u011f\u0131zl\u0131<\/td>\n<\/tr>\n<\/table>\n","protected":false},"excerpt":{"rendered":"<p>Boy 180 A\u011f\u0131z Geni\u015fli\u011fi 31 A\u011f\u0131rl\u0131k 0.14 A\u011f\u0131z Yap\u0131s\u0131 D\u00fcz A\u011f\u0131zl\u0131<\/p>\n","protected":false},"featured_media":19044,"comment_status":"open","ping_status":"closed","template":"","meta":{"_acf_changed":false},"product_brand":[1534],"product_cat":[1420],"product_tag":[],"class_list":{"0":"post-18591","1":"product","2":"type-product","3":"status-publish","4":"has-post-thumbnail","6":"product_brand-bessey","7":"product_cat-kuyumcu-makaslari","9":"first","10":"outofstock","11":"taxable","12":"shipping-taxable","13":"purchasable","14":"product-type-simple","15":"add-to-wishlist-after_add_to_cart"},"acf":[],"_links":{"self":[{"href":"https:\/\/www.makitamarket.com.tr\/site\/wp-json\/wp\/v2\/product\/18591","targetHints":{"allow":["GET"]}}],"collection":[{"href":"https:\/\/www.makitamarket.com.tr\/site\/wp-json\/wp\/v2\/product"}],"about":[{"href":"https:\/\/www.makitamarket.com.tr\/site\/wp-json\/wp\/v2\/types\/product"}],"replies":[{"embeddable":true,"href":"https:\/\/www.makitamarket.com.tr\/site\/wp-json\/wp\/v2\/comments?post=18591"}],"wp:featuredmedia":[{"embeddable":true,"href":"https:\/\/www.makitamarket.com.tr\/site\/wp-json\/wp\/v2\/media\/19044"}],"wp:attachment":[{"href":"https:\/\/www.makitamarket.com.tr\/site\/wp-json\/wp\/v2\/media?parent=18591"}],"wp:term":[{"taxonomy":"product_brand","embeddable":true,"href":"https:\/\/www.makitamarket.com.tr\/site\/wp-json\/wp\/v2\/product_brand?post=18591"},{"taxonomy":"product_cat","embeddable":true,"href":"https:\/\/www.makitamarket.com.tr\/site\/wp-json\/wp\/v2\/product_cat?post=18591"},{"taxonomy":"product_tag","embeddable":true,"href":"https:\/\/www.makitamarket.com.tr\/site\/wp-json\/wp\/v2\/product_tag?post=18591"}],"curies":[{"name":"wp","href":"https:\/\/api.w.org\/{rel}","templated":true}]}}