{"id":18624,"date":"2024-11-28T20:16:12","date_gmt":"2024-11-28T17:16:12","guid":{"rendered":"https:\/\/www.makitamarket.com.tr\/site\/urun\/knisaw-11-li-panc-seti\/"},"modified":"2026-03-15T11:15:21","modified_gmt":"2026-03-15T08:15:21","slug":"knisaw-11-li-panc-seti","status":"publish","type":"product","link":"https:\/\/www.makitamarket.com.tr\/site\/urun\/knisaw-11-li-panc-seti\/","title":{"rendered":"Knisaw KS51597 11 L\u0130 PAN\u00c7 SET\u0130"},"content":{"rendered":"<p>\n\t<strong>Set \u0130\u00e7eri\u011fi :<br \/>\n\t<\/strong><\/p>\n<ul>\n<li>\n\t\t\u00d819,22,29,35,38,44,51,64mm. Pan\u00e7,<\/li>\n<li>\n\t\t2 Adapt\u00f6r,<\/li>\n<li>\n\t\tAllen,<\/li>\n<li>\n\t\tPlastik \u00c7anta<\/li>\n<\/ul>\n<table><\/table>\n","protected":false},"excerpt":{"rendered":"<p>\n\t<strong>Set \u0130\u00e7eri\u011fi :<br \/>\n\t<\/strong><\/p>\n<ul>\n<li>\n\t\t\u00d819,22,29,35,38,44,51,64mm. Pan\u00e7,<\/li>\n<li>\n\t\t2 Adapt\u00f6r,<\/li>\n<li>\n\t\tAllen,<\/li>\n<li>\n\t\tPlastik \u00c7anta<\/li>\n<\/ul>\n","protected":false},"featured_media":18623,"comment_status":"open","ping_status":"closed","template":"","meta":{"_acf_changed":false},"product_brand":[1550],"product_cat":[1124],"product_tag":[],"class_list":{"0":"post-18624","1":"product","2":"type-product","3":"status-publish","4":"has-post-thumbnail","6":"product_brand-knisaw","7":"product_cat-bi-metal-delik-testere-setleri","9":"first","10":"outofstock","11":"taxable","12":"shipping-taxable","13":"purchasable","14":"product-type-simple","15":"add-to-wishlist-after_add_to_cart"},"acf":[],"_links":{"self":[{"href":"https:\/\/www.makitamarket.com.tr\/site\/wp-json\/wp\/v2\/product\/18624","targetHints":{"allow":["GET"]}}],"collection":[{"href":"https:\/\/www.makitamarket.com.tr\/site\/wp-json\/wp\/v2\/product"}],"about":[{"href":"https:\/\/www.makitamarket.com.tr\/site\/wp-json\/wp\/v2\/types\/product"}],"replies":[{"embeddable":true,"href":"https:\/\/www.makitamarket.com.tr\/site\/wp-json\/wp\/v2\/comments?post=18624"}],"wp:featuredmedia":[{"embeddable":true,"href":"https:\/\/www.makitamarket.com.tr\/site\/wp-json\/wp\/v2\/media\/18623"}],"wp:attachment":[{"href":"https:\/\/www.makitamarket.com.tr\/site\/wp-json\/wp\/v2\/media?parent=18624"}],"wp:term":[{"taxonomy":"product_brand","embeddable":true,"href":"https:\/\/www.makitamarket.com.tr\/site\/wp-json\/wp\/v2\/product_brand?post=18624"},{"taxonomy":"product_cat","embeddable":true,"href":"https:\/\/www.makitamarket.com.tr\/site\/wp-json\/wp\/v2\/product_cat?post=18624"},{"taxonomy":"product_tag","embeddable":true,"href":"https:\/\/www.makitamarket.com.tr\/site\/wp-json\/wp\/v2\/product_tag?post=18624"}],"curies":[{"name":"wp","href":"https:\/\/api.w.org\/{rel}","templated":true}]}}