{"id":18670,"date":"2024-11-28T20:16:27","date_gmt":"2024-11-28T17:16:27","guid":{"rendered":"https:\/\/www.makitamarket.com.tr\/site\/urun\/euromax-hidrolik-boru-bukme-yedek-kalibi-3-4\/"},"modified":"2026-03-15T11:15:30","modified_gmt":"2026-03-15T08:15:30","slug":"euromax-hidrolik-boru-bukme-yedek-kalibi-3-4","status":"publish","type":"product","link":"https:\/\/www.makitamarket.com.tr\/site\/urun\/euromax-hidrolik-boru-bukme-yedek-kalibi-3-4\/","title":{"rendered":"Euromax EX75092 H\u0130DROL\u0130K BORU B\u00dcKME YEDEK KALIBI 3\/4&#8243;"},"content":{"rendered":"<table>\n<tr>\n<td>\u00d6l\u00e7\u00fcs\u00fc<\/td>\n<td>3\/4&#8243;<\/td>\n<\/tr>\n<\/table>\n","protected":false},"excerpt":{"rendered":"<p>\u00d6l\u00e7\u00fcs\u00fc 3\/4&#8243;<\/p>\n","protected":false},"featured_media":18669,"comment_status":"open","ping_status":"closed","template":"","meta":{"_acf_changed":false},"product_brand":[1513],"product_cat":[710],"product_tag":[],"class_list":{"0":"post-18670","1":"product","2":"type-product","3":"status-publish","4":"has-post-thumbnail","6":"product_brand-euromax","7":"product_cat-hidrolik-boru-bukme-makinalari","9":"first","10":"outofstock","11":"taxable","12":"shipping-taxable","13":"purchasable","14":"product-type-simple","15":"add-to-wishlist-after_add_to_cart"},"acf":[],"_links":{"self":[{"href":"https:\/\/www.makitamarket.com.tr\/site\/wp-json\/wp\/v2\/product\/18670","targetHints":{"allow":["GET"]}}],"collection":[{"href":"https:\/\/www.makitamarket.com.tr\/site\/wp-json\/wp\/v2\/product"}],"about":[{"href":"https:\/\/www.makitamarket.com.tr\/site\/wp-json\/wp\/v2\/types\/product"}],"replies":[{"embeddable":true,"href":"https:\/\/www.makitamarket.com.tr\/site\/wp-json\/wp\/v2\/comments?post=18670"}],"wp:featuredmedia":[{"embeddable":true,"href":"https:\/\/www.makitamarket.com.tr\/site\/wp-json\/wp\/v2\/media\/18669"}],"wp:attachment":[{"href":"https:\/\/www.makitamarket.com.tr\/site\/wp-json\/wp\/v2\/media?parent=18670"}],"wp:term":[{"taxonomy":"product_brand","embeddable":true,"href":"https:\/\/www.makitamarket.com.tr\/site\/wp-json\/wp\/v2\/product_brand?post=18670"},{"taxonomy":"product_cat","embeddable":true,"href":"https:\/\/www.makitamarket.com.tr\/site\/wp-json\/wp\/v2\/product_cat?post=18670"},{"taxonomy":"product_tag","embeddable":true,"href":"https:\/\/www.makitamarket.com.tr\/site\/wp-json\/wp\/v2\/product_tag?post=18670"}],"curies":[{"name":"wp","href":"https:\/\/api.w.org\/{rel}","templated":true}]}}