{"id":18686,"date":"2024-11-28T20:16:32","date_gmt":"2024-11-28T17:16:32","guid":{"rendered":"https:\/\/www.makitamarket.com.tr\/site\/urun\/nikon-islak-kuru-zimpara-360-kum\/"},"modified":"2026-03-30T10:11:45","modified_gmt":"2026-03-30T07:11:45","slug":"nikon-islak-kuru-zimpara-360-kum","status":"publish","type":"product","link":"https:\/\/www.makitamarket.com.tr\/site\/urun\/nikon-islak-kuru-zimpara-360-kum\/","title":{"rendered":"Nikon NIK360S ISLAK &#038; KURU ZIMPARA 360 KUM"},"content":{"rendered":"<p>\n\t<strong><span style=\"color: rgb(255, 0, 0);\">Kullan\u0131m Alan\u0131:<\/span><br \/>\n\t<\/strong><\/p>\n<p>\n\tOtomotiv sekt\u00f6r\u00fc , kaporta boya \u00f6ncesi ve sonras\u0131 ,pasta cila i\u015flemi \u00f6ncesi y\u00fczeysel p\u00fcr\u00fcss\u00fczl\u00fck i\u00e7in \u00f6zel olarak imal edilmi\u015ftir.<\/p>\n<p>\n\tPolisajlama i\u015flemi \u00f6ncesi daha pr\u00fcss\u00fcz bir y\u00fczey i\u00e7in 2500 -3000 Kum kullan\u0131m\u0131 \u00f6nerilir.Ayr\u0131ca do\u011fru \u00fcr\u00fcn kullan\u0131m\u0131 i\u00e7in profesyonel ustalardan destek al\u0131nmas\u0131 \u00f6nerilir<\/p>\n<table>\n<tr>\n<td>Kum<\/td>\n<td>360<\/td>\n<\/tr>\n<tr>\n<td>Paket \u0130\u00e7i Adedi<\/td>\n<td>50<\/td>\n<\/tr>\n<\/table>\n","protected":false},"excerpt":{"rendered":"<p>\n\t<strong><span style=\"color: rgb(255, 0, 0);\">Kullan\u0131m Alan\u0131:<\/span><br \/>\n\t<\/strong><\/p>\n<p>\n\tOtomotiv sekt\u00f6r\u00fc , kaporta boya \u00f6ncesi ve sonras\u0131 ,pasta cila i\u015flemi \u00f6ncesi y\u00fczeysel p\u00fcr\u00fcss\u00fczl\u00fck i\u00e7in \u00f6zel olarak imal edilmi\u015ftir.<\/p>\n<p>\n\tPolisajlama i\u015flemi \u00f6ncesi daha pr\u00fcss\u00fcz bir y\u00fczey i\u00e7in 2500 -3000 Kum kullan\u0131m\u0131 \u00f6nerilir.Ayr\u0131ca do\u011fru \u00fcr\u00fcn kullan\u0131m\u0131 i\u00e7in profesyonel ustalardan destek al\u0131nmas\u0131 \u00f6nerilir<\/p>\n","protected":false},"featured_media":0,"comment_status":"open","ping_status":"closed","template":"","meta":{"_acf_changed":false},"product_brand":[1518],"product_cat":[1401],"product_tag":[],"class_list":{"0":"post-18686","1":"product","2":"type-product","3":"status-publish","5":"product_brand-nikon","6":"product_cat-islak-kuru-zimparalar-otomotiv","8":"first","9":"instock","10":"taxable","11":"shipping-taxable","12":"purchasable","13":"product-type-simple","14":"add-to-wishlist-after_add_to_cart"},"acf":[],"_links":{"self":[{"href":"https:\/\/www.makitamarket.com.tr\/site\/wp-json\/wp\/v2\/product\/18686","targetHints":{"allow":["GET"]}}],"collection":[{"href":"https:\/\/www.makitamarket.com.tr\/site\/wp-json\/wp\/v2\/product"}],"about":[{"href":"https:\/\/www.makitamarket.com.tr\/site\/wp-json\/wp\/v2\/types\/product"}],"replies":[{"embeddable":true,"href":"https:\/\/www.makitamarket.com.tr\/site\/wp-json\/wp\/v2\/comments?post=18686"}],"wp:attachment":[{"href":"https:\/\/www.makitamarket.com.tr\/site\/wp-json\/wp\/v2\/media?parent=18686"}],"wp:term":[{"taxonomy":"product_brand","embeddable":true,"href":"https:\/\/www.makitamarket.com.tr\/site\/wp-json\/wp\/v2\/product_brand?post=18686"},{"taxonomy":"product_cat","embeddable":true,"href":"https:\/\/www.makitamarket.com.tr\/site\/wp-json\/wp\/v2\/product_cat?post=18686"},{"taxonomy":"product_tag","embeddable":true,"href":"https:\/\/www.makitamarket.com.tr\/site\/wp-json\/wp\/v2\/product_tag?post=18686"}],"curies":[{"name":"wp","href":"https:\/\/api.w.org\/{rel}","templated":true}]}}