{"id":18719,"date":"2024-11-28T20:16:51","date_gmt":"2024-11-28T17:16:51","guid":{"rendered":"https:\/\/www.makitamarket.com.tr\/site\/urun\/makita-standart-kilic-testere-bicagi-no24\/"},"modified":"2025-08-28T09:22:11","modified_gmt":"2025-08-28T06:22:11","slug":"makita-standart-kilic-testere-bicagi-no24","status":"publish","type":"product","link":"https:\/\/www.makitamarket.com.tr\/site\/urun\/makita-standart-kilic-testere-bicagi-no24\/","title":{"rendered":"Makita B-00832 STANDART KILI\u00c7 TESTERE BI\u00c7A\u011eI NO:24"},"content":{"rendered":"<p>\n\t1.5 &#8211; 3 mm kal\u0131nl\u0131\u011fa sahip \u00e7elik levha ve 90 mm&#8217; den k\u00fc\u00e7\u00fcp \u00e7apl\u0131 demir boru mazleme kesimi i\u00e7in kullan\u0131l\u0131r.<\/p>\n<table>\n<tr>\n<td>Uzunluk<\/td>\n<td>165 mm<\/td>\n<\/tr>\n<tr>\n<td>\u0130nch Ba\u015f\u0131 Di\u015f<\/td>\n<td>24<\/td>\n<\/tr>\n<tr>\n<td>B\u0131\u00e7ak Materyali<\/td>\n<td>HSS<\/td>\n<\/tr>\n<\/table>\n","protected":false},"excerpt":{"rendered":"<p>\n\t1.5 &#8211; 3 mm kal\u0131nl\u0131\u011fa sahip \u00e7elik levha ve 90 mm&#8217; den k\u00fc\u00e7\u00fcp \u00e7apl\u0131 demir boru mazleme kesimi i\u00e7in kullan\u0131l\u0131r.<\/p>\n","protected":false},"featured_media":18718,"comment_status":"open","ping_status":"closed","template":"","meta":{"_acf_changed":false},"product_brand":[],"product_cat":[1370],"product_tag":[],"class_list":{"0":"post-18719","1":"product","2":"type-product","3":"status-publish","4":"has-post-thumbnail","6":"product_cat-metal-kesim-kilic-testere-bicaklari","8":"first","9":"instock","10":"taxable","11":"shipping-taxable","12":"purchasable","13":"product-type-simple","14":"add-to-wishlist-after_add_to_cart"},"acf":[],"_links":{"self":[{"href":"https:\/\/www.makitamarket.com.tr\/site\/wp-json\/wp\/v2\/product\/18719","targetHints":{"allow":["GET"]}}],"collection":[{"href":"https:\/\/www.makitamarket.com.tr\/site\/wp-json\/wp\/v2\/product"}],"about":[{"href":"https:\/\/www.makitamarket.com.tr\/site\/wp-json\/wp\/v2\/types\/product"}],"replies":[{"embeddable":true,"href":"https:\/\/www.makitamarket.com.tr\/site\/wp-json\/wp\/v2\/comments?post=18719"}],"wp:featuredmedia":[{"embeddable":true,"href":"https:\/\/www.makitamarket.com.tr\/site\/wp-json\/wp\/v2\/media\/18718"}],"wp:attachment":[{"href":"https:\/\/www.makitamarket.com.tr\/site\/wp-json\/wp\/v2\/media?parent=18719"}],"wp:term":[{"taxonomy":"product_brand","embeddable":true,"href":"https:\/\/www.makitamarket.com.tr\/site\/wp-json\/wp\/v2\/product_brand?post=18719"},{"taxonomy":"product_cat","embeddable":true,"href":"https:\/\/www.makitamarket.com.tr\/site\/wp-json\/wp\/v2\/product_cat?post=18719"},{"taxonomy":"product_tag","embeddable":true,"href":"https:\/\/www.makitamarket.com.tr\/site\/wp-json\/wp\/v2\/product_tag?post=18719"}],"curies":[{"name":"wp","href":"https:\/\/api.w.org\/{rel}","templated":true}]}}