{"id":18747,"date":"2024-11-28T20:17:04","date_gmt":"2024-11-28T17:17:04","guid":{"rendered":"https:\/\/www.makitamarket.com.tr\/site\/urun\/euromax-tezgah-tipi-pafta-makinasi-yedek-taragi-1-2-3-4\/"},"modified":"2026-04-13T22:19:42","modified_gmt":"2026-04-13T19:19:42","slug":"euromax-tezgah-tipi-pafta-makinasi-yedek-taragi-1-2-3-4","status":"publish","type":"product","link":"https:\/\/www.makitamarket.com.tr\/site\/urun\/euromax-tezgah-tipi-pafta-makinasi-yedek-taragi-1-2-3-4\/","title":{"rendered":"Euromax EX75021 TEZGAH T\u0130P\u0130 PAFTA MAK\u0130NASI YEDEK TARA\u011eI 1\/2&#8243; &#8211; 3\/4&#8243;"},"content":{"rendered":"<table>\n<tr>\n<td>\u00c7ap<\/td>\n<td>1\/2\u201d &#8211; 3\/4\u201d<\/td>\n<\/tr>\n<tr>\n<td>Kullan\u0131ld\u0131\u011f\u0131 Makine<\/td>\n<td>EX-75011, EX-75013, EX-75015<\/td>\n<\/tr>\n<\/table>\n","protected":false},"excerpt":{"rendered":"<p>\u00c7ap 1\/2\u201d &#8211; 3\/4\u201d Kullan\u0131ld\u0131\u011f\u0131 Makine EX-75011, EX-75013, EX-75015<\/p>\n","protected":false},"featured_media":18746,"comment_status":"open","ping_status":"closed","template":"","meta":{"_acf_changed":false},"product_brand":[1513],"product_cat":[1565],"product_tag":[],"class_list":{"0":"post-18747","1":"product","2":"type-product","3":"status-publish","4":"has-post-thumbnail","6":"product_brand-euromax","7":"product_cat-yok-yok","9":"first","10":"instock","11":"taxable","12":"shipping-taxable","13":"purchasable","14":"product-type-simple","15":"add-to-wishlist-after_add_to_cart"},"acf":[],"_links":{"self":[{"href":"https:\/\/www.makitamarket.com.tr\/site\/wp-json\/wp\/v2\/product\/18747","targetHints":{"allow":["GET"]}}],"collection":[{"href":"https:\/\/www.makitamarket.com.tr\/site\/wp-json\/wp\/v2\/product"}],"about":[{"href":"https:\/\/www.makitamarket.com.tr\/site\/wp-json\/wp\/v2\/types\/product"}],"replies":[{"embeddable":true,"href":"https:\/\/www.makitamarket.com.tr\/site\/wp-json\/wp\/v2\/comments?post=18747"}],"wp:featuredmedia":[{"embeddable":true,"href":"https:\/\/www.makitamarket.com.tr\/site\/wp-json\/wp\/v2\/media\/18746"}],"wp:attachment":[{"href":"https:\/\/www.makitamarket.com.tr\/site\/wp-json\/wp\/v2\/media?parent=18747"}],"wp:term":[{"taxonomy":"product_brand","embeddable":true,"href":"https:\/\/www.makitamarket.com.tr\/site\/wp-json\/wp\/v2\/product_brand?post=18747"},{"taxonomy":"product_cat","embeddable":true,"href":"https:\/\/www.makitamarket.com.tr\/site\/wp-json\/wp\/v2\/product_cat?post=18747"},{"taxonomy":"product_tag","embeddable":true,"href":"https:\/\/www.makitamarket.com.tr\/site\/wp-json\/wp\/v2\/product_tag?post=18747"}],"curies":[{"name":"wp","href":"https:\/\/api.w.org\/{rel}","templated":true}]}}