{"id":18761,"date":"2024-11-28T20:17:09","date_gmt":"2024-11-28T17:17:09","guid":{"rendered":"https:\/\/www.makitamarket.com.tr\/site\/urun\/topart-tekli-prizli-uzatma-kablosu-10-mt\/"},"modified":"2026-03-30T10:25:26","modified_gmt":"2026-03-30T07:25:26","slug":"topart-tekli-prizli-uzatma-kablosu-10-mt","status":"publish","type":"product","link":"https:\/\/www.makitamarket.com.tr\/site\/urun\/topart-tekli-prizli-uzatma-kablosu-10-mt\/","title":{"rendered":"Topart TA01567 TEKL\u0130 PR\u0130ZL\u0130 UZATMA KABLOSU 10 mt"},"content":{"rendered":"<p>\n\t16A\/220V, Kaucuk, Monofaze<\/p>\n<table>\n<tr>\n<td>Kesit<\/td>\n<td>3 x 1,5 mm\u00b2<\/td>\n<\/tr>\n<tr>\n<td>Uzunluk<\/td>\n<td>10 mt<\/td>\n<\/tr>\n<tr>\n<td>Koli \u0130\u00e7i Adedi<\/td>\n<td>8<\/td>\n<\/tr>\n<\/table>\n","protected":false},"excerpt":{"rendered":"<p>\n\t16A\/220V, Kaucuk, Monofaze<\/p>\n","protected":false},"featured_media":19459,"comment_status":"open","ping_status":"closed","template":"","meta":{"_acf_changed":false},"product_brand":[1527],"product_cat":[924],"product_tag":[],"class_list":{"0":"post-18761","1":"product","2":"type-product","3":"status-publish","4":"has-post-thumbnail","6":"product_brand-topart","7":"product_cat-uzatmalar","9":"first","10":"instock","11":"taxable","12":"shipping-taxable","13":"purchasable","14":"product-type-simple","15":"add-to-wishlist-after_add_to_cart"},"acf":[],"_links":{"self":[{"href":"https:\/\/www.makitamarket.com.tr\/site\/wp-json\/wp\/v2\/product\/18761","targetHints":{"allow":["GET"]}}],"collection":[{"href":"https:\/\/www.makitamarket.com.tr\/site\/wp-json\/wp\/v2\/product"}],"about":[{"href":"https:\/\/www.makitamarket.com.tr\/site\/wp-json\/wp\/v2\/types\/product"}],"replies":[{"embeddable":true,"href":"https:\/\/www.makitamarket.com.tr\/site\/wp-json\/wp\/v2\/comments?post=18761"}],"wp:featuredmedia":[{"embeddable":true,"href":"https:\/\/www.makitamarket.com.tr\/site\/wp-json\/wp\/v2\/media\/19459"}],"wp:attachment":[{"href":"https:\/\/www.makitamarket.com.tr\/site\/wp-json\/wp\/v2\/media?parent=18761"}],"wp:term":[{"taxonomy":"product_brand","embeddable":true,"href":"https:\/\/www.makitamarket.com.tr\/site\/wp-json\/wp\/v2\/product_brand?post=18761"},{"taxonomy":"product_cat","embeddable":true,"href":"https:\/\/www.makitamarket.com.tr\/site\/wp-json\/wp\/v2\/product_cat?post=18761"},{"taxonomy":"product_tag","embeddable":true,"href":"https:\/\/www.makitamarket.com.tr\/site\/wp-json\/wp\/v2\/product_tag?post=18761"}],"curies":[{"name":"wp","href":"https:\/\/api.w.org\/{rel}","templated":true}]}}