{"id":18774,"date":"2024-11-28T20:17:14","date_gmt":"2024-11-28T17:17:14","guid":{"rendered":"https:\/\/www.makitamarket.com.tr\/site\/urun\/turcoboor-hss-silindirik-matkap-ucu-10x55-mm\/"},"modified":"2026-03-30T10:12:55","modified_gmt":"2026-03-30T07:12:55","slug":"turcoboor-hss-silindirik-matkap-ucu-10x55-mm","status":"publish","type":"product","link":"https:\/\/www.makitamarket.com.tr\/site\/urun\/turcoboor-hss-silindirik-matkap-ucu-10x55-mm\/","title":{"rendered":"Turcoboor SPI10 HSS S\u0130L\u0130ND\u0130R\u0130K MATKAP UCU 10&#215;55 mm"},"content":{"rendered":"<table>\n<tr>\n<td>Kesme Derinli\u011fi<\/td>\n<td>55 mm<\/td>\n<\/tr>\n<tr>\n<td>\u00c7ene \u00d6l\u00e7\u00fcs\u00fc<\/td>\n<td>19mm weldon<\/td>\n<\/tr>\n<tr>\n<td>\u00c7ap<\/td>\n<td>\u00d8 10 mm<\/td>\n<\/tr>\n<\/table>\n","protected":false},"excerpt":{"rendered":"<p>Kesme Derinli\u011fi 55 mm \u00c7ene \u00d6l\u00e7\u00fcs\u00fc 19mm weldon \u00c7ap \u00d8 10 mm<\/p>\n","protected":false},"featured_media":0,"comment_status":"open","ping_status":"closed","template":"","meta":{"_acf_changed":false},"product_brand":[1506],"product_cat":[801],"product_tag":[],"class_list":{"0":"post-18774","1":"product","2":"type-product","3":"status-publish","5":"product_brand-turcoboor","6":"product_cat-aksesuarlar-matkaplar","8":"first","9":"outofstock","10":"taxable","11":"shipping-taxable","12":"purchasable","13":"product-type-simple","14":"add-to-wishlist-after_add_to_cart"},"acf":[],"_links":{"self":[{"href":"https:\/\/www.makitamarket.com.tr\/site\/wp-json\/wp\/v2\/product\/18774","targetHints":{"allow":["GET"]}}],"collection":[{"href":"https:\/\/www.makitamarket.com.tr\/site\/wp-json\/wp\/v2\/product"}],"about":[{"href":"https:\/\/www.makitamarket.com.tr\/site\/wp-json\/wp\/v2\/types\/product"}],"replies":[{"embeddable":true,"href":"https:\/\/www.makitamarket.com.tr\/site\/wp-json\/wp\/v2\/comments?post=18774"}],"wp:attachment":[{"href":"https:\/\/www.makitamarket.com.tr\/site\/wp-json\/wp\/v2\/media?parent=18774"}],"wp:term":[{"taxonomy":"product_brand","embeddable":true,"href":"https:\/\/www.makitamarket.com.tr\/site\/wp-json\/wp\/v2\/product_brand?post=18774"},{"taxonomy":"product_cat","embeddable":true,"href":"https:\/\/www.makitamarket.com.tr\/site\/wp-json\/wp\/v2\/product_cat?post=18774"},{"taxonomy":"product_tag","embeddable":true,"href":"https:\/\/www.makitamarket.com.tr\/site\/wp-json\/wp\/v2\/product_tag?post=18774"}],"curies":[{"name":"wp","href":"https:\/\/api.w.org\/{rel}","templated":true}]}}