{"id":18800,"date":"2024-11-28T20:17:19","date_gmt":"2024-11-28T17:17:19","guid":{"rendered":"https:\/\/www.makitamarket.com.tr\/site\/urun\/procut-turbo-testere-180-abe\/"},"modified":"2026-04-06T16:32:58","modified_gmt":"2026-04-06T13:32:58","slug":"procut-turbo-testere-180-abe","status":"publish","type":"product","link":"https:\/\/www.makitamarket.com.tr\/site\/urun\/procut-turbo-testere-180-abe\/","title":{"rendered":"Procut PR51114 TURBO TESTERE 180 ABE"},"content":{"rendered":"<p>\n\tY\u0131kanm\u0131\u015f Beton, Beton, Tu\u011fla, Refrakter Tu\u011fla, Kire\u00e7 Ta\u015f\u0131, Kum Ta\u015f\u0131<\/p>\n<table>\n<tr>\n<td>Modeli<\/td>\n<td>Turbo &#8211; 180 ABF (Flan\u015fl\u0131).<\/td>\n<\/tr>\n<tr>\n<td>D\u0131\u015f \u00c7ap<\/td>\n<td>180 mm.<\/td>\n<\/tr>\n<tr>\n<td>Kal\u0131nl\u0131k<\/td>\n<td>2.2 mm.<\/td>\n<\/tr>\n<tr>\n<td>Elmas Y\u00fcksekli\u011fi<\/td>\n<td>7.0 mm.<\/td>\n<\/tr>\n<tr>\n<td>G\u00f6bek \u00e7ap\u0131<\/td>\n<td>22.23 mm.<\/td>\n<\/tr>\n<\/table>\n","protected":false},"excerpt":{"rendered":"<p>\n\tY\u0131kanm\u0131\u015f Beton, Beton, Tu\u011fla, Refrakter Tu\u011fla, Kire\u00e7 Ta\u015f\u0131, Kum Ta\u015f\u0131<\/p>\n","protected":false},"featured_media":18799,"comment_status":"open","ping_status":"closed","template":"","meta":{"_acf_changed":false},"product_brand":[1539],"product_cat":[1110],"product_tag":[],"class_list":{"0":"post-18800","1":"product","2":"type-product","3":"status-publish","4":"has-post-thumbnail","6":"product_brand-procut","7":"product_cat-180mm-testereler","9":"first","10":"instock","11":"taxable","12":"shipping-taxable","13":"purchasable","14":"product-type-simple","15":"add-to-wishlist-after_add_to_cart"},"acf":[],"_links":{"self":[{"href":"https:\/\/www.makitamarket.com.tr\/site\/wp-json\/wp\/v2\/product\/18800","targetHints":{"allow":["GET"]}}],"collection":[{"href":"https:\/\/www.makitamarket.com.tr\/site\/wp-json\/wp\/v2\/product"}],"about":[{"href":"https:\/\/www.makitamarket.com.tr\/site\/wp-json\/wp\/v2\/types\/product"}],"replies":[{"embeddable":true,"href":"https:\/\/www.makitamarket.com.tr\/site\/wp-json\/wp\/v2\/comments?post=18800"}],"wp:featuredmedia":[{"embeddable":true,"href":"https:\/\/www.makitamarket.com.tr\/site\/wp-json\/wp\/v2\/media\/18799"}],"wp:attachment":[{"href":"https:\/\/www.makitamarket.com.tr\/site\/wp-json\/wp\/v2\/media?parent=18800"}],"wp:term":[{"taxonomy":"product_brand","embeddable":true,"href":"https:\/\/www.makitamarket.com.tr\/site\/wp-json\/wp\/v2\/product_brand?post=18800"},{"taxonomy":"product_cat","embeddable":true,"href":"https:\/\/www.makitamarket.com.tr\/site\/wp-json\/wp\/v2\/product_cat?post=18800"},{"taxonomy":"product_tag","embeddable":true,"href":"https:\/\/www.makitamarket.com.tr\/site\/wp-json\/wp\/v2\/product_tag?post=18800"}],"curies":[{"name":"wp","href":"https:\/\/api.w.org\/{rel}","templated":true}]}}