{"id":18820,"date":"2024-11-28T20:17:27","date_gmt":"2024-11-28T17:17:27","guid":{"rendered":"https:\/\/www.makitamarket.com.tr\/site\/urun\/bts-bts11-serisi-serit-metre-2-mt-x-12-5mm\/"},"modified":"2026-03-30T10:13:31","modified_gmt":"2026-03-30T07:13:31","slug":"bts-bts11-serisi-serit-metre-2-mt-x-12-5mm","status":"publish","type":"product","link":"https:\/\/www.makitamarket.com.tr\/site\/urun\/bts-bts11-serisi-serit-metre-2-mt-x-12-5mm\/","title":{"rendered":"Bts BTS12291 BTS11 SER\u0130S\u0130 \u015eER\u0130T METRE 2 mt x 12.5mm"},"content":{"rendered":"<table>\n<tr>\n<td>Koli \u0130\u00e7i Adedi<\/td>\n<td>240<\/td>\n<\/tr>\n<tr>\n<td>\u00d6l\u00e7\u00fc<\/td>\n<td>2mt x 12.5mm<\/td>\n<\/tr>\n<\/table>\n","protected":false},"excerpt":{"rendered":"<p>Koli \u0130\u00e7i Adedi 240 \u00d6l\u00e7\u00fc 2mt x 12.5mm<\/p>\n","protected":false},"featured_media":18819,"comment_status":"open","ping_status":"closed","template":"","meta":{"_acf_changed":false},"product_brand":[1548],"product_cat":[1281],"product_tag":[],"class_list":{"0":"post-18820","1":"product","2":"type-product","3":"status-publish","4":"has-post-thumbnail","6":"product_brand-bts","7":"product_cat-serit-ve-sapli-arazi-metreleri","9":"first","10":"instock","11":"taxable","12":"shipping-taxable","13":"purchasable","14":"product-type-simple","15":"add-to-wishlist-after_add_to_cart"},"acf":[],"_links":{"self":[{"href":"https:\/\/www.makitamarket.com.tr\/site\/wp-json\/wp\/v2\/product\/18820","targetHints":{"allow":["GET"]}}],"collection":[{"href":"https:\/\/www.makitamarket.com.tr\/site\/wp-json\/wp\/v2\/product"}],"about":[{"href":"https:\/\/www.makitamarket.com.tr\/site\/wp-json\/wp\/v2\/types\/product"}],"replies":[{"embeddable":true,"href":"https:\/\/www.makitamarket.com.tr\/site\/wp-json\/wp\/v2\/comments?post=18820"}],"wp:featuredmedia":[{"embeddable":true,"href":"https:\/\/www.makitamarket.com.tr\/site\/wp-json\/wp\/v2\/media\/18819"}],"wp:attachment":[{"href":"https:\/\/www.makitamarket.com.tr\/site\/wp-json\/wp\/v2\/media?parent=18820"}],"wp:term":[{"taxonomy":"product_brand","embeddable":true,"href":"https:\/\/www.makitamarket.com.tr\/site\/wp-json\/wp\/v2\/product_brand?post=18820"},{"taxonomy":"product_cat","embeddable":true,"href":"https:\/\/www.makitamarket.com.tr\/site\/wp-json\/wp\/v2\/product_cat?post=18820"},{"taxonomy":"product_tag","embeddable":true,"href":"https:\/\/www.makitamarket.com.tr\/site\/wp-json\/wp\/v2\/product_tag?post=18820"}],"curies":[{"name":"wp","href":"https:\/\/api.w.org\/{rel}","templated":true}]}}