{"id":18845,"date":"2024-11-28T20:17:35","date_gmt":"2024-11-28T17:17:35","guid":{"rendered":"https:\/\/www.makitamarket.com.tr\/site\/urun\/knipex-vde-pozidriv-uclu-tornavida-187-mm\/"},"modified":"2026-04-06T16:33:59","modified_gmt":"2026-04-06T13:33:59","slug":"knipex-vde-pozidriv-uclu-tornavida-187-mm","status":"publish","type":"product","link":"https:\/\/www.makitamarket.com.tr\/site\/urun\/knipex-vde-pozidriv-uclu-tornavida-187-mm\/","title":{"rendered":"Knipex 982501 VDE POZ\u0130DR\u0130V U\u00c7LU TORNAV\u0130DA 187 mm"},"content":{"rendered":"<p><b>98 25 01 Y\u0131ld\u0131z C\u0131vata Tornavidas\u0131<\/b><br \/>Kuvvetin yorulmadan ve ele zarar vermeden aktar\u0131lmas\u0131 i\u00e7in 2 komponentli ergonomik sap. Elde kaymay\u0131 engelleyici sap yaps\u0131. Pozidriv\u00ae Tescilli markas\u0131d\u0131r European Ind. Serv. Ltd <\/p>\n<li><b>\u00d6l\u00e7\u00fc: <\/b>PZ1<\/li>\n<li><b>S\u00fcng\u00fc Uzunlu\u011fu: <\/b>80 mm<\/li>\n<li><b>Sap uzunlu\u011fu: <\/b>107 mm<\/li>\n<li><b>B\u0131\u00e7ak \u00d8: <\/b>4,5 mm<\/li>\n<li><b>\u0130zolesiz s\u00fcng\u00fc uzunlu\u011fu: <\/b>15 mm<\/li>\n<li><b>VDE onayl\u0131: <\/b>evet \u00a0<\/li>\n<table>\n<tr>\n<td>Uzunluk<\/td>\n<td>187<\/td>\n<\/tr>\n<tr>\n<td>\u00d6l\u00e7\u00fcler<\/td>\n<td>PZ 1<\/td>\n<\/tr>\n<tr>\n<td>U\u00e7 uzunlu\u011fu<\/td>\n<td>80 mm<\/td>\n<\/tr>\n<tr>\n<td>Sap Uzunlu\u011fu<\/td>\n<td>107 mm<\/td>\n<\/tr>\n<tr>\n<td>A\u011f\u0131rl\u0131k<\/td>\n<td>58 gr<\/td>\n<\/tr>\n<\/table>\n","protected":false},"excerpt":{"rendered":"<p><b>98 25 01 Y\u0131ld\u0131z C\u0131vata Tornavidas\u0131<\/b><br \/>Kuvvetin yorulmadan ve ele zarar vermeden aktar\u0131lmas\u0131 i\u00e7in 2 komponentli ergonomik sap. Elde kaymay\u0131 engelleyici sap yaps\u0131. Pozidriv\u00ae Tescilli markas\u0131d\u0131r European Ind. Serv. Ltd <\/p>\n<li><b>\u00d6l\u00e7\u00fc: <\/b>PZ1<\/li>\n<li><b>S\u00fcng\u00fc Uzunlu\u011fu: <\/b>80 mm<\/li>\n<li><b>Sap uzunlu\u011fu: <\/b>107 mm<\/li>\n<li><b>B\u0131\u00e7ak \u00d8: <\/b>4,5 mm<\/li>\n<li><b>\u0130zolesiz s\u00fcng\u00fc uzunlu\u011fu: <\/b>15 mm<\/li>\n<li><b>VDE onayl\u0131: <\/b>evet \u00a0<\/li>\n","protected":false},"featured_media":18844,"comment_status":"open","ping_status":"closed","template":"","meta":{"_acf_changed":false},"product_brand":[1486],"product_cat":[794],"product_tag":[],"class_list":{"0":"post-18845","1":"product","2":"type-product","3":"status-publish","4":"has-post-thumbnail","6":"product_brand-knipex","7":"product_cat-izoleli-tornavidalar","9":"first","10":"instock","11":"taxable","12":"shipping-taxable","13":"purchasable","14":"product-type-simple","15":"add-to-wishlist-after_add_to_cart"},"acf":[],"_links":{"self":[{"href":"https:\/\/www.makitamarket.com.tr\/site\/wp-json\/wp\/v2\/product\/18845","targetHints":{"allow":["GET"]}}],"collection":[{"href":"https:\/\/www.makitamarket.com.tr\/site\/wp-json\/wp\/v2\/product"}],"about":[{"href":"https:\/\/www.makitamarket.com.tr\/site\/wp-json\/wp\/v2\/types\/product"}],"replies":[{"embeddable":true,"href":"https:\/\/www.makitamarket.com.tr\/site\/wp-json\/wp\/v2\/comments?post=18845"}],"wp:featuredmedia":[{"embeddable":true,"href":"https:\/\/www.makitamarket.com.tr\/site\/wp-json\/wp\/v2\/media\/18844"}],"wp:attachment":[{"href":"https:\/\/www.makitamarket.com.tr\/site\/wp-json\/wp\/v2\/media?parent=18845"}],"wp:term":[{"taxonomy":"product_brand","embeddable":true,"href":"https:\/\/www.makitamarket.com.tr\/site\/wp-json\/wp\/v2\/product_brand?post=18845"},{"taxonomy":"product_cat","embeddable":true,"href":"https:\/\/www.makitamarket.com.tr\/site\/wp-json\/wp\/v2\/product_cat?post=18845"},{"taxonomy":"product_tag","embeddable":true,"href":"https:\/\/www.makitamarket.com.tr\/site\/wp-json\/wp\/v2\/product_tag?post=18845"}],"curies":[{"name":"wp","href":"https:\/\/api.w.org\/{rel}","templated":true}]}}