{"id":18876,"date":"2024-11-28T20:17:51","date_gmt":"2024-11-28T17:17:51","guid":{"rendered":"https:\/\/www.makitamarket.com.tr\/site\/urun\/topart-surgu-mekanizmali-tek-el-iskence-150-mm\/"},"modified":"2025-11-16T10:34:22","modified_gmt":"2025-11-16T07:34:22","slug":"topart-surgu-mekanizmali-tek-el-iskence-150-mm","status":"publish","type":"product","link":"https:\/\/www.makitamarket.com.tr\/site\/urun\/topart-surgu-mekanizmali-tek-el-iskence-150-mm\/","title":{"rendered":"Topart TA90013 S\u00dcRG\u00dc MEKAN\u0130ZMALI TEK EL \u0130\u015eKENCE 150 mm"},"content":{"rendered":"<div>\n\t\u2022 Maksimum 2.000N\u2019a kadar s\u0131kma kuvveti mevcuttur.<\/div>\n<div>\n\t\u2022 Kafa k\u0131sm\u0131ndaki a\u00e7ma mekanizmas\u0131 sayesinde s\u0131kma i\u015flemi y\u00f6n\u00fc ek malzeme gerektirmeden kolay ve h\u0131zl\u0131 \u015fekilde de\u011fi\u015ftirilebilir.<\/div>\n<div>\n\t\u2022 2 komponentli plastik sap\u2019a sahiptir.<\/div>\n<table>\n<tr>\n<td>\u00d6l\u00e7\u00fcs\u00fc<\/td>\n<td>150 mm<\/td>\n<\/tr>\n<tr>\n<td>Kutu\/Koli \u0130\u00e7i Adedi<\/td>\n<td>8 \/ 32<\/td>\n<\/tr>\n<\/table>\n","protected":false},"excerpt":{"rendered":"<div>\n\t\u2022 Maksimum 2.000N\u2019a kadar s\u0131kma kuvveti mevcuttur.<\/div>\n<div>\n\t\u2022 Kafa k\u0131sm\u0131ndaki a\u00e7ma mekanizmas\u0131 sayesinde s\u0131kma i\u015flemi y\u00f6n\u00fc ek malzeme gerektirmeden kolay ve h\u0131zl\u0131 \u015fekilde de\u011fi\u015ftirilebilir.<\/div>\n<div>\n\t\u2022 2 komponentli plastik sap\u2019a sahiptir.<\/div>\n","protected":false},"featured_media":18875,"comment_status":"open","ping_status":"closed","template":"","meta":{"_acf_changed":false},"product_brand":[1527],"product_cat":[1247],"product_tag":[],"class_list":{"0":"post-18876","1":"product","2":"type-product","3":"status-publish","4":"has-post-thumbnail","6":"product_brand-topart","7":"product_cat-tek-el-iskenceler","9":"first","10":"outofstock","11":"taxable","12":"shipping-taxable","13":"purchasable","14":"product-type-simple","15":"add-to-wishlist-after_add_to_cart"},"acf":[],"_links":{"self":[{"href":"https:\/\/www.makitamarket.com.tr\/site\/wp-json\/wp\/v2\/product\/18876","targetHints":{"allow":["GET"]}}],"collection":[{"href":"https:\/\/www.makitamarket.com.tr\/site\/wp-json\/wp\/v2\/product"}],"about":[{"href":"https:\/\/www.makitamarket.com.tr\/site\/wp-json\/wp\/v2\/types\/product"}],"replies":[{"embeddable":true,"href":"https:\/\/www.makitamarket.com.tr\/site\/wp-json\/wp\/v2\/comments?post=18876"}],"wp:featuredmedia":[{"embeddable":true,"href":"https:\/\/www.makitamarket.com.tr\/site\/wp-json\/wp\/v2\/media\/18875"}],"wp:attachment":[{"href":"https:\/\/www.makitamarket.com.tr\/site\/wp-json\/wp\/v2\/media?parent=18876"}],"wp:term":[{"taxonomy":"product_brand","embeddable":true,"href":"https:\/\/www.makitamarket.com.tr\/site\/wp-json\/wp\/v2\/product_brand?post=18876"},{"taxonomy":"product_cat","embeddable":true,"href":"https:\/\/www.makitamarket.com.tr\/site\/wp-json\/wp\/v2\/product_cat?post=18876"},{"taxonomy":"product_tag","embeddable":true,"href":"https:\/\/www.makitamarket.com.tr\/site\/wp-json\/wp\/v2\/product_tag?post=18876"}],"curies":[{"name":"wp","href":"https:\/\/api.w.org\/{rel}","templated":true}]}}