{"id":18908,"date":"2024-11-28T20:18:03","date_gmt":"2024-11-28T17:18:03","guid":{"rendered":"https:\/\/www.makitamarket.com.tr\/site\/urun\/proxxon-tungsten-karburlu-matkap-ve-freze-ucu-2-li\/"},"modified":"2026-04-13T22:22:34","modified_gmt":"2026-04-13T19:22:34","slug":"proxxon-tungsten-karburlu-matkap-ve-freze-ucu-2-li","status":"publish","type":"product","link":"https:\/\/www.makitamarket.com.tr\/site\/urun\/proxxon-tungsten-karburlu-matkap-ve-freze-ucu-2-li\/","title":{"rendered":"Proxxon 28320 TUNGSTEN KARB\u00dcRL\u00dc MATKAP VE FREZE UCU 2 L\u0130"},"content":{"rendered":"<p>\n\t<strong>Tungsten karb\u00fcr freze ucu (m\u0131zrak delici)<\/strong><\/p>\n<p>\n\tFiberglas ve PERTINAX devre kartlar\u0131n\u0131 delmek ve frezelemek i\u00e7in. Ayn\u0131 zamanda inci ve benzeri par\u00e7alar\u0131 delmek i\u00e7in.<\/p>\n<p>\n\tMil \u00e7ap\u0131 2.35.<\/p>\n<p>\n\t\u00a0<\/p>\n<p>\n\t\u00a0<\/p>\n<p>\n\t<span style=\"font-size:12px;\"><br \/>\n\t<\/span><\/p>\n<table>\n<tr>\n<td>Mil \u00c7ap\u0131<\/td>\n<td>2,35 mm<\/td>\n<\/tr>\n<\/table>\n","protected":false},"excerpt":{"rendered":"<p>\n\t<strong>Tungsten karb\u00fcr freze ucu (m\u0131zrak delici)<\/strong><\/p>\n<p>\n\tFiberglas ve PERTINAX devre kartlar\u0131n\u0131 delmek ve frezelemek i\u00e7in. Ayn\u0131 zamanda inci ve benzeri par\u00e7alar\u0131 delmek i\u00e7in.<\/p>\n<p>\n\tMil \u00e7ap\u0131 2.35.<\/p>\n<p>\n\t\u00a0<\/p>\n<p>\n\t\u00a0<\/p>\n<p>\n\t<span style=\"font-size:12px;\"><br \/>\n\t<\/span><\/p>\n","protected":false},"featured_media":18907,"comment_status":"open","ping_status":"closed","template":"","meta":{"_acf_changed":false},"product_brand":[1501],"product_cat":[926],"product_tag":[],"class_list":{"0":"post-18908","1":"product","2":"type-product","3":"status-publish","4":"has-post-thumbnail","6":"product_brand-proxxon","7":"product_cat-aksesuarlar-mikro-aletleri","9":"first","10":"instock","11":"taxable","12":"shipping-taxable","13":"purchasable","14":"product-type-simple","15":"add-to-wishlist-after_add_to_cart"},"acf":[],"_links":{"self":[{"href":"https:\/\/www.makitamarket.com.tr\/site\/wp-json\/wp\/v2\/product\/18908","targetHints":{"allow":["GET"]}}],"collection":[{"href":"https:\/\/www.makitamarket.com.tr\/site\/wp-json\/wp\/v2\/product"}],"about":[{"href":"https:\/\/www.makitamarket.com.tr\/site\/wp-json\/wp\/v2\/types\/product"}],"replies":[{"embeddable":true,"href":"https:\/\/www.makitamarket.com.tr\/site\/wp-json\/wp\/v2\/comments?post=18908"}],"wp:featuredmedia":[{"embeddable":true,"href":"https:\/\/www.makitamarket.com.tr\/site\/wp-json\/wp\/v2\/media\/18907"}],"wp:attachment":[{"href":"https:\/\/www.makitamarket.com.tr\/site\/wp-json\/wp\/v2\/media?parent=18908"}],"wp:term":[{"taxonomy":"product_brand","embeddable":true,"href":"https:\/\/www.makitamarket.com.tr\/site\/wp-json\/wp\/v2\/product_brand?post=18908"},{"taxonomy":"product_cat","embeddable":true,"href":"https:\/\/www.makitamarket.com.tr\/site\/wp-json\/wp\/v2\/product_cat?post=18908"},{"taxonomy":"product_tag","embeddable":true,"href":"https:\/\/www.makitamarket.com.tr\/site\/wp-json\/wp\/v2\/product_tag?post=18908"}],"curies":[{"name":"wp","href":"https:\/\/api.w.org\/{rel}","templated":true}]}}